{"id":16439,"date":"2024-03-16T10:31:12","date_gmt":"2024-03-16T10:31:12","guid":{"rendered":"https:\/\/america-latina.de\/?page_id=16439"},"modified":"2024-03-22T05:46:42","modified_gmt":"2024-03-22T05:46:42","slug":"impressum","status":"publish","type":"page","link":"http:\/\/america-latina.de\/pt\/impressum\/","title":{"rendered":"Impressum"},"content":{"rendered":"<div data-elementor-type=\"wp-page\" data-elementor-id=\"16439\" class=\"elementor elementor-16439\">\n\t\t\t\t\t\t<section class=\"elementor-section elementor-top-section elementor-element elementor-element-adedede elementor-section-boxed elementor-section-height-default elementor-section-height-default\" data-id=\"adedede\" data-element_type=\"section\">\n\t\t\t\t\t\t<div class=\"elementor-container elementor-column-gap-default\">\n\t\t\t\t\t<div class=\"elementor-column elementor-col-100 elementor-top-column elementor-element elementor-element-aa41c9f\" data-id=\"aa41c9f\" data-element_type=\"column\">\n\t\t\t<div class=\"elementor-widget-wrap elementor-element-populated\">\n\t\t\t\t\t\t<div class=\"elementor-element elementor-element-34ca531 color-scheme-inherit text-left elementor-widget elementor-widget-text-editor\" data-id=\"34ca531\" data-element_type=\"widget\" data-widget_type=\"text-editor.default\">\n\t\t\t\t<div class=\"elementor-widget-container\">\n\t\t\t\t\t\t\t\t\t<article id=\"post-1271\" class=\"post-1271 page type-page status-publish hentry\"><div class=\"entry-content\"><p><strong>Social Media und andere Onlinepr\u00e4senzen<\/strong><\/p><p>Dieses Impressum gilt auch f\u00fcr die folgenden Social-Media-Pr\u00e4senzen und Onlineprofile<\/p><p><a href=\"https:\/\/www.instagram.com\/brazukas_brazilian_food\/\" target=\"_blank\" rel=\"noopener\">https:\/\/www.instagram.com\/brazukas_brazilian_food\/<\/a><\/p><p><a href=\"https:\/\/www.facebook.com\/brazukas.de\" target=\"_blank\" rel=\"noopener\">https:\/\/www.facebook.com\/brazukas.de<\/a><\/p><p><a href=\"https:\/\/www.pinterest.de\/d00e99e25b5abf1f6150c4340ea687\/_saved\/\" target=\"_blank\" rel=\"noopener\">https:\/\/www.pinterest.de\/d00e99e25b5abf1f6150c4340ea687\/_saved\/<\/a><\/p><p>\u00a0<\/p><p><strong>Haftungs- und Urheberrechtshinweise<\/strong><\/p><p>Haftungsausschluss<\/p><p>Die Inhalte dieses Onlineangebotes wurden sorgf\u00e4ltig und nach unserem aktuellen Kenntnisstand erstellt, dienen jedoch nur der Information und entfalten keine rechtlich bindende Wirkung, sofern es sich nicht um gesetzlich verpflichtende Informationen (z.B. das Impressum, die Datenschutzerkl\u00e4rung, AGB oder Widerrufsbelehrungen f\u00fcr Verbraucher) handelt. Wir behalten uns vor, die Inhalte vollst\u00e4ndig oder teilweise zu \u00e4ndern oder zu l\u00f6schen, soweit vertragliche Verpflichtungen unber\u00fchrt bleiben. Alle Angebote sind freibleibend und unverbindlich.<\/p><p><strong>Links auf fremde Webseiten<\/strong><\/p><p>Inhalte fremder Webseiten, auf die wir direkt oder indirekt verweisen, liegen au\u00dferhalb unseres Verantwortungsbereiches und machen wir uns nicht zu Eigen. F\u00fcr alle Inhalte und insbesondere f\u00fcr Sch\u00e4den, die aus der Nutzung der in den verlinkten Webseiten aufrufbaren Informationen entstehen, haftet allein der Anbieter der verlinkten Webseiten.<\/p><p><strong>Urheberrechte und Markenrechte<\/strong><\/p><p>Alle auf dieser Website dargestellten Inhalte, wie Texte, Fotografien, Grafiken, Marken und Warenzeichen sind durch die jeweiligen Schutzrechte (Urheberrechte, Markenrechte) gesch\u00fctzt. Die Verwendung, Vervielf\u00e4ltigung usw. unterliegen unseren Rechten oder den Rechten der jeweiligen Urheber bzw. Rechteverwalter.<\/p><p><strong>Hinweise auf Rechtsverst\u00f6\u00dfe<\/strong><\/p><p>Sollten Sie innerhalb unseres Internetauftritts Rechtsverst\u00f6\u00dfe bemerken, bitten wir Sie uns auf diese hinzuweisen. Wir werden rechtswidrige Inhalte und Links nach Kenntnisnahme unverz\u00fcglich entfernen.<\/p><p><strong>BrazukasBrazilian Food<\/strong><\/p><p>Herr Joao Batista Goncalves Da Silva<br \/>Michelfelder Weg 17 a<br \/>97318 Kitzingen<br \/>Deutschland<\/p><p><strong>Email Adresse<\/strong>:<\/p><p>info@brazukas.de<br \/>Journalistisch-redaktionelle Angebote<br \/>Inhaltlich verantwortlich<\/p><p><strong>**Alternative Streitbeilegung gem\u00e4\u00df Art. 14 Abs. 1 ODR-VO und \u00a7 36 VSBG:Die Europ\u00e4ische Kommission stellt eine Plattform zur Online-Streitbeilegung (OS) bereit, die Sie unter\u00a0<\/strong><a href=\"http:\/\/ec.europa.eu\/consumers\/odr\/%20\" target=\"_blank\" rel=\"noopener\"><strong>http:\/\/ec.europa.eu\/consumers\/odr\/<\/strong><\/a><strong>\u00a0finden. Zur Teilnahme an einem Streitbeilegungsverfahren vor einer Verbraucherschlichtungsstelle sind wir nicht verpflichtet und nicht bereit.<\/strong><\/p><\/div><\/article>\t\t\t\t\t\t\t\t<\/div>\n\t\t\t\t<\/div>\n\t\t\t\t\t<\/div>\n\t\t<\/div>\n\t\t\t\t\t<\/div>\n\t\t<\/section>\n\t\t\t\t<\/div>","protected":false},"excerpt":{"rendered":"<p>Social Media und andere Onlinepr\u00e4senzen Dieses Impressum gilt auch f\u00fcr die folgenden Social-Media-Pr\u00e4senzen und Onlineprofile https:\/\/www.instagram.com\/brazukas_brazilian_food\/ https:\/\/www.facebook.com\/brazukas.de https:\/\/www.pinterest.de\/d00e99e25b5abf1f6150c4340ea687\/_saved\/ \u00a0 Haftungs-<\/p>","protected":false},"author":1,"featured_media":0,"parent":0,"menu_order":0,"comment_status":"closed","ping_status":"closed","template":"","meta":{"footnotes":""},"class_list":["post-16439","page","type-page","status-publish","hentry"],"_links":{"self":[{"href":"http:\/\/america-latina.de\/pt\/wp-json\/wp\/v2\/pages\/16439","targetHints":{"allow":["GET"]}}],"collection":[{"href":"http:\/\/america-latina.de\/pt\/wp-json\/wp\/v2\/pages"}],"about":[{"href":"http:\/\/america-latina.de\/pt\/wp-json\/wp\/v2\/types\/page"}],"author":[{"embeddable":true,"href":"http:\/\/america-latina.de\/pt\/wp-json\/wp\/v2\/users\/1"}],"replies":[{"embeddable":true,"href":"http:\/\/america-latina.de\/pt\/wp-json\/wp\/v2\/comments?post=16439"}],"version-history":[{"count":0,"href":"http:\/\/america-latina.de\/pt\/wp-json\/wp\/v2\/pages\/16439\/revisions"}],"wp:attachment":[{"href":"http:\/\/america-latina.de\/pt\/wp-json\/wp\/v2\/media?parent=16439"}],"curies":[{"name":"wp","href":"https:\/\/api.w.org\/{rel}","templated":true}]}}