{"id":16790,"date":"2024-03-22T05:49:21","date_gmt":"2024-03-22T05:49:21","guid":{"rendered":"https:\/\/america-latina.de\/?page_id=16790"},"modified":"2024-03-22T05:50:00","modified_gmt":"2024-03-22T05:50:00","slug":"agb","status":"publish","type":"page","link":"http:\/\/america-latina.de\/pt\/agb\/","title":{"rendered":"AGB"},"content":{"rendered":"<div data-elementor-type=\"wp-page\" data-elementor-id=\"16790\" class=\"elementor elementor-16790\">\n\t\t\t\t\t\t<section class=\"elementor-section elementor-top-section elementor-element elementor-element-adedede elementor-section-boxed elementor-section-height-default elementor-section-height-default\" data-id=\"adedede\" data-element_type=\"section\">\n\t\t\t\t\t\t<div class=\"elementor-container elementor-column-gap-default\">\n\t\t\t\t\t<div class=\"elementor-column elementor-col-100 elementor-top-column elementor-element elementor-element-aa41c9f\" data-id=\"aa41c9f\" data-element_type=\"column\">\n\t\t\t<div class=\"elementor-widget-wrap elementor-element-populated\">\n\t\t\t\t\t\t<div class=\"elementor-element elementor-element-34ca531 color-scheme-inherit text-left elementor-widget elementor-widget-text-editor\" data-id=\"34ca531\" data-element_type=\"widget\" data-widget_type=\"text-editor.default\">\n\t\t\t\t<div class=\"elementor-widget-container\">\n\t\t\t\t\t\t\t\t\t<article id=\"post-1271\" class=\"post-1271 page type-page status-publish hentry\"><div class=\"entry-content\"><article id=\"post-1269\" class=\"post-1269 page type-page status-publish hentry\"><div class=\"entry-content\"><h2 class=\"vc_custom_heading align-left\">Allgemeine Gesch\u00e4ftsbedingungen mit Kundeninformationen<\/h2><div class=\"wpb_text_column wpb_content_element\"><div class=\"wpb_wrapper\"><p><strong>Inhaltsverzeichnis<\/strong><\/p><ol><li>Geltungsbereich<\/li><li>Vertragsschluss<\/li><li>Widerrufsrecht<\/li><li>Preise und Zahlungsbedingungen<\/li><li>Liefer- und Versandbedingungen<\/li><li>Eigentumsvorbehalt<\/li><li>M\u00e4ngelhaftung (Gew\u00e4hrleistung)<\/li><li>Einl\u00f6sung von Aktionsgutscheinen<\/li><li>Einl\u00f6sung von Geschenkgutscheinen<\/li><li>Anwendbares Recht<\/li><li>Gerichtsstand<\/li><li>Alternative Streitbeilegung<\/li><\/ol><p><strong>1) Geltungsbereich<\/strong><\/p><p><strong>1.1<\/strong>\u00a0Diese Allgemeinen Gesch\u00e4ftsbedingungen (nachfolgend \u201eAGB\u201c) vonBrazukasBrazilian Food (nachfolgend \u201eVerk\u00e4ufer\u201c), gelten f\u00fcr alle Vertr\u00e4ge \u00fcber die Lieferung von Waren, die ein Verbraucher oder Unternehmer (nachfolgend \u201eKunde\u201c) mit dem Verk\u00e4ufer hinsichtlich der vom Verk\u00e4ufer in seinem Online-Shop dargestellten Waren abschlie\u00dft. Hiermit wird der Einbeziehung von eigenen Bedingungen des Kunden widersprochen, es sei denn, es ist etwas anderes vereinbart.<\/p><p><strong>1.2<\/strong>\u00a0F\u00fcr Vertr\u00e4ge \u00fcber die Lieferung von Gutscheinen gelten diese AGB entsprechend, sofern insoweit nicht ausdr\u00fccklich etwas Abweichendes geregelt ist.<\/p><p><strong>1.3<\/strong>\u00a0Verbraucher im Sinne dieser AGB ist jede nat\u00fcrliche Person, die ein Rechtsgesch\u00e4ft zu Zwecken abschlie\u00dft, die \u00fcberwiegend weder ihrer gewerblichen noch ihrer selbst\u00e4ndigen beruflichen T\u00e4tigkeit zugerechnet werden k\u00f6nnen. Unternehmer im Sinne dieser AGB ist eine nat\u00fcrliche oder juristische Person oder eine rechtsf\u00e4hige Personengesellschaft, die bei Abschluss eines Rechtsgesch\u00e4fts in Aus\u00fcbung ihrer gewerblichen oder selbst\u00e4ndigen beruflichen T\u00e4tigkeit handelt.<\/p><p><strong>2) Vertragsschluss<\/strong><\/p><p><strong>2.1<\/strong>\u00a0Die im Online-Shop des Verk\u00e4ufers enthaltenen Produktbeschreibungen stellen keine verbindlichen Angebote seitens des Verk\u00e4ufers dar, sondern dienen zur Abgabe eines verbindlichen Angebots durch den Kunden.<\/p><p><strong>2.2<\/strong>\u00a0Der Kunde kann das Angebot \u00fcber das in den Online-Shop des Verk\u00e4ufers integrierte Online-Bestellformular abgeben. Dabei gibt der Kunde, nachdem er die ausgew\u00e4hlten Waren in den virtuellen Warenkorb gelegt und den elektronischen Bestellprozess durchlaufen hat, durch Klicken des den Bestellvorgang abschlie\u00dfenden Buttons ein rechtlich verbindliches Vertragsangebot in Bezug auf die im Warenkorb enthaltenen Waren ab. Ferner kann der Kunde das Angebot auch telefonisch, per Fax, per E-Mail oder per Online-Kontaktformular gegen\u00fcber dem Verk\u00e4ufer abgeben.<\/p><p><strong>2.3<\/strong>\u00a0Der Verk\u00e4ufer kann das Angebot des Kunden innerhalb von f\u00fcnf Tagen annehmen,<\/p><ul><li>indem er dem Kunden eine schriftliche Auftragsbest\u00e4tigung oder eine Auftragsbest\u00e4tigung in Textform (Fax oder E-Mail) \u00fcbermittelt, wobei insoweit der Zugang der Auftragsbest\u00e4tigung beim Kunden ma\u00dfgeblich ist, oder<\/li><li>indem er dem Kunden die bestellte Ware liefert, wobei insoweit der Zugang der Ware beim Kunden ma\u00dfgeblich ist, oder<\/li><li>indem er den Kunden nach Abgabe von dessen Bestellung zur Zahlung auffordert.<\/li><\/ul><p>Liegen mehrere der vorgenannten Alternativen vor, kommt der Vertrag in dem Zeitpunkt zustande, in dem eine der vorgenannten Alternativen zuerst eintritt. Die Frist zur Annahme des Angebots beginnt am Tag nach der Absendung des Angebots durch den Kunden zu laufen und endet mit dem Ablauf des f\u00fcnften Tages, welcher auf die Absendung des Angebots folgt. Nimmt der Verk\u00e4ufer das Angebot des Kunden innerhalb vorgenannter Frist nicht an, so gilt dies als Ablehnung des Angebots mit der Folge, dass der Kunde nicht mehr an seine Willenserkl\u00e4rung gebunden ist.<\/p><p><strong>2.4<\/strong>\u00a0Bei der Abgabe eines Angebots \u00fcber das Online-Bestellformular des Verk\u00e4ufers wird der Vertragstext nach dem Vertragsschluss vom Verk\u00e4ufer gespeichert und dem Kunden nach Absendung von dessen Bestellung in Textform (z. B. E-Mail, Fax oder Brief) \u00fcbermittelt. Eine dar\u00fcber hinausgehende Zug\u00e4nglichmachung des Vertragstextes durch den Verk\u00e4ufer erfolgt nicht. Sofern der Kunde vor Absendung seiner Bestellung ein Nutzerkonto im Online-Shop des Verk\u00e4ufers eingerichtet hat, werden die Bestelldaten auf der Website des Verk\u00e4ufers archiviert und k\u00f6nnen vom Kunden \u00fcber dessen passwortgesch\u00fctztes Nutzerkonto unter Angabe der entsprechenden Login-Daten kostenlos abgerufen werden.<\/p><p><strong>2.5<\/strong>\u00a0Vor verbindlicher Abgabe der Bestellung \u00fcber das Online-Bestellformular des Verk\u00e4ufers kann der Kunde m\u00f6gliche Eingabefehler durch aufmerksames Lesen der auf dem Bildschirm dargestellten Informationen erkennen. Ein wirksames technisches Mittel zur besseren Erkennung von Eingabefehlern kann dabei die Vergr\u00f6\u00dferungsfunktion des Browsers sein, mit deren Hilfe die Darstellung auf dem Bildschirm vergr\u00f6\u00dfert wird. Seine Eingaben kann der Kunde im Rahmen des elektronischen Bestellprozesses so lange \u00fcber die \u00fcblichen Tastatur- und Mausfunktionen korrigieren, bis er den den Bestellvorgang abschlie\u00dfenden Button anklickt.<\/p><p><strong>2.6<\/strong>\u00a0F\u00fcr den Vertragsschluss stehen die deutsche und die portugiesische Sprache zur Verf\u00fcgung.<\/p><p><strong>2.7<\/strong>\u00a0Die Bestellabwicklung und Kontaktaufnahme finden in der Regel per E-Mail und automatisierter Bestellabwicklung statt. Der Kunde hat sicherzustellen, dass die von ihm zur Bestellabwicklung angegebene E-Mail-Adresse zutreffend ist, so dass unter dieser Adresse die vom Verk\u00e4ufer versandten E-Mails empfangen werden k\u00f6nnen. Insbesondere hat der Kunde bei dem Einsatz von SPAM-Filtern sicherzustellen, dass alle vom Verk\u00e4ufer oder von diesem mit der Bestellabwicklung beauftragten Dritten versandten E-Mails zugestellt werden k\u00f6nnen.<\/p><p><strong>2.8<\/strong>\u00a0Bei einer Bestellung von alkoholischen Getr\u00e4nken best\u00e4tigt der Kunde mit Absenden der Bestellung, dass er das gesetzlich erforderliche Mindestalter erreicht hat.<\/p><p><strong>3) Widerrufsrecht<\/strong><\/p><p><strong>3.1<\/strong>\u00a0Verbrauchern steht grunds\u00e4tzlich ein Widerrufsrecht zu.<\/p><p><strong>3.2<\/strong>\u00a0N\u00e4here Informationen zum Widerrufsrecht ergeben sich aus der Widerrufsbelehrung des Verk\u00e4ufers.<\/p><p><strong>4) Preise und Zahlungsbedingungen<\/strong><\/p><p><strong>4.1<\/strong>\u00a0Sofern sich aus der Produktbeschreibung des Verk\u00e4ufers nichts anderes ergibt, handelt es sich bei den angegebenen Preisen um Gesamtpreise, die die gesetzliche Umsatzsteuer enthalten. Gegebenenfalls zus\u00e4tzlich anfallende Liefer- und Versandkosten werden in der jeweiligen Produktbeschreibung gesondert angegeben.<\/p><p><strong>4.2<\/strong>\u00a0Bei Lieferungen in L\u00e4nder au\u00dferhalb der Europ\u00e4ischen Union k\u00f6nnen im Einzelfall weitere Kosten anfallen, die der Verk\u00e4ufer nicht zu vertreten hat und die vom Kunden zu tragen sind. Hierzu z\u00e4hlen beispielsweise Kosten f\u00fcr die Geld\u00fcbermittlung durch Kreditinstitute (z.B. \u00dcberweisungsgeb\u00fchren, Wechselkursgeb\u00fchren) oder einfuhrrechtliche Abgaben bzw. Steuern (z.B. Z\u00f6lle). Solche Kosten k\u00f6nnen in Bezug auf die Geld\u00fcbermittlung auch dann anfallen, wenn die Lieferung nicht in ein Land au\u00dferhalb der Europ\u00e4ischen Union erfolgt, der Kunde die Zahlung aber von einem Land au\u00dferhalb der Europ\u00e4ischen Union aus vornimmt.<\/p><p><strong>4.3<\/strong>\u00a0Die Zahlungsm\u00f6glichkeit\/en wird\/werden dem Kunden im Online-Shop des Verk\u00e4ufers mitgeteilt.<\/p><p><strong>4.4<\/strong>\u00a0Ist Vorauskasse per Bank\u00fcberweisung vereinbart, ist die Zahlung sofort nach Vertragsabschluss f\u00e4llig, sofern die Parteien keinen sp\u00e4teren F\u00e4lligkeitstermin vereinbart haben.<\/p><p><strong>4.5<\/strong>\u00a0Bei Auswahl der Zahlungsart Rechnungskauf wird der Kaufpreis f\u00e4llig, nachdem die Ware geliefert und in Rechnung gestellt wurde. In diesem Fall ist der Kaufpreis innerhalb von 7 (sieben) Tagen ab Erhalt der Rechnung ohne Abzug zu zahlen, sofern nichts anderes vereinbart ist. Der Verk\u00e4ufer beh\u00e4lt sich vor, die Zahlungsart Rechnungskauf nur bis zu einem bestimmten Bestellvolumen anzubieten und diese Zahlungsart bei \u00dcberschreitung des angegebenen Bestellvolumens abzulehnen. In diesem Fall wird der Verk\u00e4ufer den Kunden in seinen Zahlungsinformationen im Online-Shop auf eine entsprechende Zahlungsbeschr\u00e4nkung hinweisen.<\/p><p><strong>4.6<\/strong>\u00a0Bei Auswahl der Zahlungsart \u201ePayPal Rechnung\u201c tritt der Verk\u00e4ufer seine Zahlungsforderung an PayPal ab. Vor Annahme der Abtretungserkl\u00e4rung des Verk\u00e4ufers f\u00fchrt PayPal unter Verwendung der \u00fcbermittelten Kundendaten eine Bonit\u00e4tspr\u00fcfung durch. Der Verk\u00e4ufer beh\u00e4lt sich vor, dem Kunden die Zahlungsart \u201ePayPal Rechnung\u201c im Falle eines negativen Pr\u00fcfungsergebnisses zu verweigern. Wird die Zahlungsart \u201ePayPal Rechnung\u201c von PayPal zugelassen, hat der Kunde den Rechnungsbetrag innerhalb von 30 Tagen ab Erhalt der Ware an PayPal zu bezahlen, sofern ihm von PayPal kein anderes Zahlungsziel vorgegeben wird. Er kann in diesem Fall nur an PayPal mit schuldbefreiender Wirkung leisten. Der Verk\u00e4ufer bleibt jedoch auch im Falle der Forderungsabtretung zust\u00e4ndig f\u00fcr allgemeine Kundenanfragen z. B. zur Ware, Lieferzeit, Versendung, Retouren, Reklamationen, Widerrufserkl\u00e4rungen und -zusendungen oder Gutschriften. Erg\u00e4nzend gelten die Allgemeinen Nutzungsbedingungen f\u00fcr die Nutzung des Rechnungskaufs von PayPal, einsehbar unter https:\/\/www.paypal.com\/de\/webapps\/mpp\/ua\/pui-terms.<\/p><p><strong>4.7<\/strong>\u00a0Bei Auswahl der Zahlungsart SEPA-Lastschrift ist der Rechnungsbetrag nach Erteilung eines SEPA-Lastschriftmandats, nicht jedoch vor Ablauf der Frist f\u00fcr die Vorabinformation zur Zahlung f\u00e4llig. Der Einzug der Lastschrift erfolgt, wenn die bestellte Ware das Lager des Verk\u00e4ufers verl\u00e4sst, nicht jedoch vor Ablauf der Frist f\u00fcr die Vorabinformation. Vorabinformation (\u201ePre-Notification\u201c) ist jede Mitteilung (z.B. Rechnung, Police, Vertrag) des Verk\u00e4ufers an den Kunden, die eine Belastung mittels SEPA-Lastschrift ank\u00fcndigt. Wird die Lastschrift mangels ausreichender Kontodeckung oder aufgrund der Angabe einer falschen Bankverbindung nicht eingel\u00f6st oder widerspricht der Kunde der Abbuchung, obwohl er hierzu nicht berechtigt ist, hat der Kunde die durch die R\u00fcckbuchung des jeweiligen Kreditinstituts entstehenden Geb\u00fchren zu tragen, wenn er dies zu vertreten hat.<\/p><p><strong>4.8<\/strong>\u00a0Bei Auswahl der Zahlungsart \u201ePayPal Lastschrift\u201c zieht PayPal den Rechnungsbetrag nach Erteilung eines SEPA-Lastschriftmandats, nicht jedoch vor Ablauf der Frist f\u00fcr die Vorabinformation im Auftrag des Verk\u00e4ufers vom Bankkonto des Kunden ein. Vorabinformation (\u201ePre-Notification\u201c) ist jede Mitteilung (z.B. Rechnung, Police, Vertrag) an den Kunden, die eine Belastung mittels SEPA-Lastschrift ank\u00fcndigt. Wird die Lastschrift mangels ausreichender Kontodeckung oder aufgrund der Angabe einer falschen Bankverbindung nicht eingel\u00f6st oder widerspricht der Kunde der Abbuchung, obwohl er hierzu nicht berechtigt ist, hat der Kunde die durch die R\u00fcckbuchung des jeweiligen Kreditinstituts entstehenden Geb\u00fchren zu tragen, wenn er dies zu vertreten hat.<\/p><p><strong>5) Liefer- und Versandbedingungen<\/strong><\/p><p><strong>5.1<\/strong>\u00a0Die Lieferung von Waren erfolgt auf dem Versandweg an die vom Kunden angegebene Lieferanschrift, sofern nichts anderes vereinbart ist. Bei der Abwicklung der Transaktion ist die in der Bestellabwicklung des Verk\u00e4ufers angegebene Lieferanschrift ma\u00dfgeblich.<\/p><p><strong>5.2<\/strong>\u00a0Scheitert die Zustellung der Ware aus Gr\u00fcnden, die der Kunde zu vertreten hat, tr\u00e4gt der Kunde die dem Verk\u00e4ufer hierdurch entstehenden angemessenen Kosten. Dies gilt im Hinblick auf die Kosten f\u00fcr die Hinsendung nicht, wenn der Kunde sein Widerrufsrecht wirksam aus\u00fcbt. F\u00fcr die R\u00fccksendekosten gilt bei wirksamer Aus\u00fcbung des Widerrufsrechts durch den Kunden die in der Widerrufsbelehrung des Verk\u00e4ufers hierzu getroffene Regelung.<\/p><p><strong>5.3<\/strong>\u00a0Selbstabholung ist aus logistischen Gr\u00fcnden nicht m\u00f6glich.<\/p><p><strong>5.4<\/strong>\u00a0Gutscheine werden dem Kunden wie folgt \u00fcberlassen:<\/p><ul><li>per E-Mail<\/li><li>postalisch<\/li><\/ul><p><strong>6) Eigentumsvorbehalt<\/strong><\/p><p>Tritt der Verk\u00e4ufer in Vorleistung, beh\u00e4lt er sich bis zur vollst\u00e4ndigen Bezahlung des geschuldeten Kaufpreises das Eigentum an der gelieferten Ware vor.<\/p><p><strong>7) M\u00e4ngelhaftung (Gew\u00e4hrleistung)<\/strong><\/p><p><strong>7.1<\/strong>\u00a0Ist die Kaufsache mangelhaft, gelten die Vorschriften der gesetzlichen M\u00e4ngelhaftung.<\/p><p><strong>7.2<\/strong>\u00a0Abweichend hiervon gilt bei gebrauchten Waren: M\u00e4ngelanspr\u00fcche sind ausgeschlossen, wenn der Mangel erst nach Ablauf eines Jahres ab Ablieferung der Ware auftritt. M\u00e4ngel, die innerhalb eines Jahres ab Ablieferung der Ware auftreten, k\u00f6nnen innerhalb der gesetzlichen Verj\u00e4hrungsfrist geltend gemacht werden. Die Verk\u00fcrzung der Haftungsdauer auf ein Jahr gilt jedoch nicht<\/p><ul><li>f\u00fcr Sachen, die entsprechend ihrer \u00fcblichen Verwendungsweise f\u00fcr ein Bauwerk verwendet worden sind und dessen Mangelhaftigkeit verursacht haben,<\/li><li>f\u00fcr Schadensersatz- und Aufwendungsersatzanspr\u00fcche des Kunden, sowie<\/li><li>f\u00fcr den Fall, dass der Verk\u00e4ufer den Mangel arglistig verschwiegen hat.<\/li><\/ul><p><strong>7.3<\/strong>\u00a0Handelt der Kunde als Verbraucher, so wird er gebeten, angelieferte Waren mit offensichtlichen Transportsch\u00e4den bei dem Zusteller zu reklamieren und den Verk\u00e4ufer hiervon in Kenntnis zu setzen. Kommt der Kunde dem nicht nach, hat dies keinerlei Auswirkungen auf seine gesetzlichen oder vertraglichen M\u00e4ngelanspr\u00fcche.<\/p><p><strong>8) Einl\u00f6sung von Aktionsgutscheinen<\/strong><\/p><p><strong>8.1<\/strong>\u00a0Gutscheine, die vom Verk\u00e4ufer im Rahmen von Werbeaktionen mit einer bestimmten G\u00fcltigkeitsdauer unentgeltlich ausgegeben werden und die vom Kunden nicht k\u00e4uflich erworben werden k\u00f6nnen (nachfolgend \u201eAktionsgutscheine\u201c), k\u00f6nnen nur im Online-Shop des Verk\u00e4ufers und nur im angegebenen Zeitraum eingel\u00f6st werden.<\/p><p><strong>8.2<\/strong>\u00a0Einzelne Produkte k\u00f6nnen von der Gutscheinaktion ausgeschlossen sein, sofern sich eine entsprechende Einschr\u00e4nkung aus dem Inhalt des Aktionsgutscheins ergibt.<\/p><p><strong>8.3<\/strong>\u00a0Aktionsgutscheine k\u00f6nnen nur vor Abschluss des Bestellvorgangs eingel\u00f6st werden. Eine nachtr\u00e4gliche Verrechnung ist nicht m\u00f6glich.<\/p><p><strong>8.4<\/strong>\u00a0Pro Bestellung kann immer nur ein Aktionsgutschein eingel\u00f6st werden.<\/p><p><strong>8.5<\/strong>\u00a0Der Warenwert muss mindestens dem Betrag des Aktionsgutscheins entsprechen. Etwaiges Restguthaben wird vom Verk\u00e4ufer nicht erstattet.<\/p><p><strong>8.6<\/strong>\u00a0Reicht der Wert des Aktionsgutscheins zur Deckung der Bestellung nicht aus, kann zur Begleichung des Differenzbetrages eine der \u00fcbrigen vom Verk\u00e4ufer angebotenen Zahlungsarten gew\u00e4hlt werden.<\/p><p><strong>8.7<\/strong>\u00a0Das Guthaben eines Aktionsgutscheins wird weder in Bargeld ausgezahlt noch verzinst.<\/p><p><strong>8.8<\/strong>\u00a0Der Aktionsgutschein wird nicht erstattet, wenn der Kunde die mit dem Aktionsgutschein ganz oder teilweise bezahlte Ware im Rahmen seines gesetzlichen Widerrufsrechts zur\u00fcckgibt.<\/p><p><strong>8.9<\/strong>\u00a0Der Aktionsgutschein ist \u00fcbertragbar. Der Verk\u00e4ufer kann mit befreiender Wirkung an den jeweiligen Inhaber, der den Aktionsgutschein im Online-Shop des Verk\u00e4ufers einl\u00f6st, leisten. Dies gilt nicht, wenn der Verk\u00e4ufer Kenntnis oder grob fahrl\u00e4ssige Unkenntnis von der Nichtberechtigung, der Gesch\u00e4ftsunf\u00e4higkeit oder der fehlenden Vertretungsberechtigung des jeweiligen Inhabers hat.<\/p><p><strong>9) Einl\u00f6sung von Geschenkgutscheinen<\/strong><\/p><p><strong>9.1<\/strong>\u00a0Gutscheine, die \u00fcber den Online-Shop des Verk\u00e4ufers k\u00e4uflich erworben werden k\u00f6nnen (nachfolgend \u201eGeschenkgutscheine\u201c), k\u00f6nnen nur im Online-Shop des Verk\u00e4ufers eingel\u00f6st werden, sofern sich aus dem Gutschein nichts anderes ergibt.<\/p><p><strong>9.2<\/strong>\u00a0Geschenkgutscheine und Restguthaben von Geschenkgutscheinen sind bis zum Ende des dritten Jahres nach dem Jahr des Gutscheinkaufs einl\u00f6sbar. Restguthaben werden dem Kunden bis zum Ablaufdatum gutgeschrieben.<\/p><p><strong>9.3<\/strong>\u00a0Geschenkgutscheine k\u00f6nnen nur vor Abschluss des Bestellvorgangs eingel\u00f6st werden. Eine nachtr\u00e4gliche Verrechnung ist nicht m\u00f6glich.<\/p><p><strong>9.4<\/strong>\u00a0Pro Bestellung kann immer nur ein Geschenkgutschein eingel\u00f6st werden.<\/p><p><strong>9.5<\/strong>\u00a0Geschenkgutscheine k\u00f6nnen nur f\u00fcr den Kauf von Waren und nicht f\u00fcr den Kauf von weiteren Geschenkgutscheinen verwendet werden.<\/p><p><strong>9.6<\/strong>\u00a0Reicht der Wert des Geschenkgutscheins zur Deckung der Bestellung nicht aus, kann zur Begleichung des Differenzbetrages eine der \u00fcbrigen vom Verk\u00e4ufer angebotenen Zahlungsarten gew\u00e4hlt werden.<\/p><p><strong>9.7<\/strong>\u00a0Das Guthaben eines Geschenkgutscheins wird weder in Bargeld ausgezahlt noch verzinst.<\/p><p><strong>9.8<\/strong>\u00a0Der Geschenkgutschein ist \u00fcbertragbar. Der Verk\u00e4ufer kann mit befreiender Wirkung an den jeweiligen Inhaber, der den Geschenkgutschein im Online-Shop des Verk\u00e4ufers einl\u00f6st, leisten. Dies gilt nicht, wenn der Verk\u00e4ufer Kenntnis oder grob fahrl\u00e4ssige Unkenntnis von der Nichtberechtigung, der Gesch\u00e4ftsunf\u00e4higkeit oder der fehlenden Vertretungsberechtigung des jeweiligen Inhabers hat.<\/p><p><strong>10) Anwendbares Recht<\/strong><\/p><p>F\u00fcr s\u00e4mtliche Rechtsbeziehungen der Parteien gilt das Recht der Bundesrepublik Deutschland unter Ausschluss der Gesetze \u00fcber den internationalen Kauf beweglicher Waren. Bei Verbrauchern gilt diese Rechtswahl nur insoweit, als nicht der gew\u00e4hrte Schutz durch zwingende Bestimmungen des Rechts des Staates, in dem der Verbraucher seinen gew\u00f6hnlichen Aufenthalt hat, entzogen wird.<\/p><p><strong>11) Gerichtsstand<\/strong><\/p><p>Handelt der Kunde als Kaufmann, juristische Person des \u00f6ffentlichen Rechts oder \u00f6ffentlich-rechtliches Sonderverm\u00f6gen mit Sitz im Hoheitsgebiet der Bundesrepublik Deutschland, ist ausschlie\u00dflicher Gerichtsstand f\u00fcr alle Streitigkeiten aus diesem Vertrag der Gesch\u00e4ftssitz des Verk\u00e4ufers. Hat der Kunde seinen Sitz au\u00dferhalb des Hoheitsgebiets der Bundesrepublik Deutschland, so ist der Gesch\u00e4ftssitz des Verk\u00e4ufers ausschlie\u00dflicher Gerichtsstand f\u00fcr alle Streitigkeiten aus diesem Vertrag, wenn der Vertrag oder Anspr\u00fcche aus dem Vertrag der beruflichen oder gewerblichen T\u00e4tigkeit des Kunden zugerechnet werden k\u00f6nnen. Der Verk\u00e4ufer ist in den vorstehenden F\u00e4llen jedoch in jedem Fall berechtigt, das Gericht am Sitz des Kunden anzurufen.<\/p><p><strong>12) Alternative Streitbeilegung<\/strong><\/p><p><strong>12.1<\/strong>\u00a0Die EU-Kommission stellt im Internet unter folgendem Link eine Plattform zur Online-Streitbeilegung bereit:\u00a0<a href=\"https:\/\/ec.europa.eu\/consumers\/odr\" target=\"_blank\" rel=\"noopener\">https:\/\/ec.europa.eu\/consumers\/odr<\/a><\/p><p>Diese Plattform dient als Anlaufstelle zur au\u00dfergerichtlichen Beilegung von Streitigkeiten aus Online-Kauf- oder Dienstleistungsvertr\u00e4gen, an denen ein Verbraucher beteiligt ist.<\/p><p><strong>12.2<\/strong>\u00a0Der Verk\u00e4ufer ist zur Teilnahme an einem Streitbeilegungsverfahren vor einer Verbraucherschlichtungsstelle weder verpflichtet noch bereit.<\/p><\/div><\/div><\/div><\/article><\/div><\/article>\t\t\t\t\t\t\t\t<\/div>\n\t\t\t\t<\/div>\n\t\t\t\t\t<\/div>\n\t\t<\/div>\n\t\t\t\t\t<\/div>\n\t\t<\/section>\n\t\t\t\t<\/div>","protected":false},"excerpt":{"rendered":"<p>Allgemeine Gesch\u00e4ftsbedingungen mit Kundeninformationen Inhaltsverzeichnis Geltungsbereich Vertragsschluss Widerrufsrecht Preise und Zahlungsbedingungen Liefer- und Versandbedingungen Eigentumsvorbehalt M\u00e4ngelhaftung (Gew\u00e4hrleistung) Einl\u00f6sung von Aktionsgutscheinen<\/p>","protected":false},"author":1,"featured_media":0,"parent":0,"menu_order":0,"comment_status":"closed","ping_status":"closed","template":"","meta":{"footnotes":""},"class_list":["post-16790","page","type-page","status-publish","hentry"],"_links":{"self":[{"href":"http:\/\/america-latina.de\/pt\/wp-json\/wp\/v2\/pages\/16790","targetHints":{"allow":["GET"]}}],"collection":[{"href":"http:\/\/america-latina.de\/pt\/wp-json\/wp\/v2\/pages"}],"about":[{"href":"http:\/\/america-latina.de\/pt\/wp-json\/wp\/v2\/types\/page"}],"author":[{"embeddable":true,"href":"http:\/\/america-latina.de\/pt\/wp-json\/wp\/v2\/users\/1"}],"replies":[{"embeddable":true,"href":"http:\/\/america-latina.de\/pt\/wp-json\/wp\/v2\/comments?post=16790"}],"version-history":[{"count":0,"href":"http:\/\/america-latina.de\/pt\/wp-json\/wp\/v2\/pages\/16790\/revisions"}],"wp:attachment":[{"href":"http:\/\/america-latina.de\/pt\/wp-json\/wp\/v2\/media?parent=16790"}],"curies":[{"name":"wp","href":"https:\/\/api.w.org\/{rel}","templated":true}]}}