{"id":4400,"date":"2021-10-12T15:51:09","date_gmt":"2021-10-12T15:51:09","guid":{"rendered":"https:\/\/dummy.xtemos.com\/woodmart2\/elementor\/?page_id=4400"},"modified":"2024-04-25T06:47:37","modified_gmt":"2024-04-25T06:47:37","slug":"about-us","status":"publish","type":"page","link":"https:\/\/america-latina.de\/pt\/about-us\/","title":{"rendered":"About Us"},"content":{"rendered":"<div data-elementor-type=\"wp-page\" data-elementor-id=\"4400\" class=\"elementor elementor-4400\">\n\t\t\t\t\t\t<section class=\"elementor-section elementor-top-section elementor-element elementor-element-3c548bca elementor-reverse-tablet elementor-reverse-mobile elementor-section-content-middle elementor-section-boxed elementor-section-height-default elementor-section-height-default\" data-id=\"3c548bca\" data-element_type=\"section\">\n\t\t\t\t\t\t<div class=\"elementor-container elementor-column-gap-default\">\n\t\t\t\t\t<div class=\"elementor-column elementor-col-50 elementor-top-column elementor-element elementor-element-7a9daa7\" data-id=\"7a9daa7\" data-element_type=\"column\">\n\t\t\t<div class=\"elementor-widget-wrap elementor-element-populated\">\n\t\t\t\t\t\t<div class=\"elementor-element elementor-element-18566191 wd-width-100 elementor-widget elementor-widget-wd_title\" data-id=\"18566191\" data-element_type=\"widget\" data-widget_type=\"wd_title.default\">\n\t\t\t\t<div class=\"elementor-widget-container\">\n\t\t\t\t\t\t\t<div class=\"title-wrapper set-mb-s reset-last-child wd-title-color-primary wd-title-style-default wd-title-size-large text-left\">\n\n\t\t\t\t\t\t\t<div class=\"title-subtitle subtitle-color-primary subtitle-style-default wd-fontsize-xs\">\n\t\t\t\t\tAuthentischer brasilianischer Geschmack in Deutschland\t\t\t\t<\/div>\n\t\t\t\n\t\t\t<div class=\"liner-continer\">\n\t\t\t\t<h4 class=\"woodmart-title-container title wd-fontsize-xxl\">\u00dcber uns<\/h4> \n\t\t\t\t\t\t\t<\/div>\n\n\t\t\t\t\t\t\t<div class=\"title-after_title set-cont-mb-s reset-last-child wd-fontsize-s\">\n\t\t\t\t\t<strong>BraZukaS Brazilian Food \u00ae<\/strong> Es ist Ihre Fabrik f\u00fcr brasilianische Snacks in Deutschland, die sich der Aufgabe widmet, Ihnen den authentischen Geschmack Brasiliens zu bringen. Seit 2016 bringen wir den authentischen Geschmack Brasiliens auf die Tische vieler Brasilianer, die in Europa leben.<p>\u00a0<\/p><p>Unsere in Kitzingen gelegene Fabrik wird von Jo\u00e3o Silva geleitet, einem brasilianischen Unternehmer aus Pirpirituba, Para\u00edba. Aufgewachsen in einer gro\u00dfen Familie, brachte Jo\u00e3o die traditionellen Rezepte seiner Mutter mit, die reich an Geschmack und mit Geschick und Liebe zubereitet werden. Der Nordosten Brasiliens, bekannt f\u00fcr seine vielf\u00e4ltige K\u00fcche, ist in jedem unserer Produkte pr\u00e4sent.<\/p><p><em>\u00a0<\/em><\/p>\t\t\t\t<\/div>\n\t\t\t\t\t<\/div>\n\t\t\t\t\t\t<\/div>\n\t\t\t\t<\/div>\n\t\t\t\t\t<\/div>\n\t\t<\/div>\n\t\t\t\t<div class=\"elementor-column elementor-col-50 elementor-top-column elementor-element elementor-element-1d354ed7\" data-id=\"1d354ed7\" data-element_type=\"column\">\n\t\t\t<div class=\"elementor-widget-wrap elementor-element-populated\">\n\t\t\t\t\t\t<div class=\"elementor-element elementor-element-3b8f1c6 elementor-widget elementor-widget-wd_image_or_svg\" data-id=\"3b8f1c6\" data-element_type=\"widget\" data-widget_type=\"wd_image_or_svg.default\">\n\t\t\t\t<div class=\"elementor-widget-container\">\n\t\t\t\t\t\n\t\t<div class=\"wd-image text-left\">\n\t\t\t\t\t\t\t\t<img fetchpriority=\"high\" decoding=\"async\" width=\"1200\" height=\"800\" src=\"https:\/\/america-latina.de\/wp-content\/uploads\/2024\/02\/AdobeStock_237712370.webp\" class=\"attachment-full size-full\" alt=\"\" srcset=\"https:\/\/america-latina.de\/wp-content\/uploads\/2024\/02\/AdobeStock_237712370.webp 1200w, https:\/\/america-latina.de\/wp-content\/uploads\/2024\/02\/AdobeStock_237712370-430x287.webp 430w, https:\/\/america-latina.de\/wp-content\/uploads\/2024\/02\/AdobeStock_237712370-150x100.webp 150w, https:\/\/america-latina.de\/wp-content\/uploads\/2024\/02\/AdobeStock_237712370-700x467.webp 700w, https:\/\/america-latina.de\/wp-content\/uploads\/2024\/02\/AdobeStock_237712370-400x267.webp 400w, https:\/\/america-latina.de\/wp-content\/uploads\/2024\/02\/AdobeStock_237712370-768x512.webp 768w, https:\/\/america-latina.de\/wp-content\/uploads\/2024\/02\/AdobeStock_237712370-860x573.webp 860w\" sizes=\"(max-width: 1200px) 100vw, 1200px\" \/>\t\t\t\t\t<\/div>\n\n\t\t\t\t\t\t<\/div>\n\t\t\t\t<\/div>\n\t\t\t\t\t<\/div>\n\t\t<\/div>\n\t\t\t\t\t<\/div>\n\t\t<\/section>\n\t\t\t\t<section class=\"elementor-section elementor-top-section elementor-element elementor-element-7843f76 elementor-section-boxed elementor-section-height-default elementor-section-height-default\" data-id=\"7843f76\" data-element_type=\"section\">\n\t\t\t\t\t\t<div class=\"elementor-container elementor-column-gap-default\">\n\t\t\t\t\t<div class=\"elementor-column elementor-col-100 elementor-top-column elementor-element elementor-element-038a1e8\" data-id=\"038a1e8\" data-element_type=\"column\">\n\t\t\t<div class=\"elementor-widget-wrap elementor-element-populated\">\n\t\t\t\t\t\t<div class=\"elementor-element elementor-element-183452c color-scheme-inherit text-left elementor-widget elementor-widget-text-editor\" data-id=\"183452c\" data-element_type=\"widget\" data-widget_type=\"text-editor.default\">\n\t\t\t\t<div class=\"elementor-widget-container\">\n\t\t\t\t\t\t\t\t\t<div class=\"vc_row wpb_row vc_row-fluid\"><div class=\"wpb_column vc_column_container vc_col-sm-12\"><div class=\"vc_column-inner\"><div class=\"wpb_wrapper\"><div class=\"wpb_text_column wpb_content_element about_heading\"><div class=\"wpb_wrapper\"><p>Bei BraZuKaS Brazilian Food \u00ae pflegen wir diese Tradition mit Leidenschaft. Wir verwenden frische Zutaten, was zu authentischen und unvergleichlichen Geschmacksrichtungen f\u00fchrt. Unsere au\u00dfergew\u00f6hnlichen Snacks sind darauf vorbereitet, mit Ihren Lieblingssaucen kombiniert zu werden und sind unglaublich einfach zuzubereiten, was Gaumen in ganz Deutschland erobert.<\/p><p>Organisieren Sie Ihr Event mit unserer Auswahl an Snacks, Churros und sogar unserem exklusiven brasilianischen Food-Trailer. Erleben Sie das Beste der brasilianischen K\u00fcche mit Brazukas!<\/p><\/div><\/div><\/div><\/div><\/div><\/div>\t\t\t\t\t\t\t\t<\/div>\n\t\t\t\t<\/div>\n\t\t\t\t\t<\/div>\n\t\t<\/div>\n\t\t\t\t\t<\/div>\n\t\t<\/section>\n\t\t\t\t<section class=\"elementor-section elementor-top-section elementor-element elementor-element-5dd76e1 elementor-section-boxed elementor-section-height-default elementor-section-height-default\" data-id=\"5dd76e1\" data-element_type=\"section\">\n\t\t\t\t\t\t<div class=\"elementor-container elementor-column-gap-default\">\n\t\t\t\t\t<div class=\"elementor-column elementor-col-33 elementor-top-column elementor-element elementor-element-9c44c42\" data-id=\"9c44c42\" data-element_type=\"column\">\n\t\t\t<div class=\"elementor-widget-wrap elementor-element-populated\">\n\t\t\t\t\t\t<div class=\"elementor-element elementor-element-7f06cec elementor-position-top elementor-widget elementor-widget-image-box\" data-id=\"7f06cec\" data-element_type=\"widget\" data-widget_type=\"image-box.default\">\n\t\t\t\t<div class=\"elementor-widget-container\">\n\t\t\t\t\t<div class=\"elementor-image-box-wrapper\"><figure class=\"elementor-image-box-img\"><img decoding=\"async\" width=\"64\" height=\"64\" src=\"https:\/\/america-latina.de\/wp-content\/uploads\/2024\/04\/quality-service.png\" class=\"attachment-full size-full wp-image-17106\" alt=\"\" \/><\/figure><div class=\"elementor-image-box-content\"><h3 class=\"elementor-image-box-title\">Markterfahrung<\/h3><p class=\"elementor-image-box-description\">Mit mehr als 5 Jahren Hingabe bringt BraZuKaS die Authentizit\u00e4t des brasilianischen Geschmacks nach Deutschland, erobert Gaumen und schafft unvergessliche Momente.<\/p><\/div><\/div>\t\t\t\t<\/div>\n\t\t\t\t<\/div>\n\t\t\t\t\t<\/div>\n\t\t<\/div>\n\t\t\t\t<div class=\"elementor-column elementor-col-33 elementor-top-column elementor-element elementor-element-e2524e9\" data-id=\"e2524e9\" data-element_type=\"column\">\n\t\t\t<div class=\"elementor-widget-wrap elementor-element-populated\">\n\t\t\t\t\t\t<div class=\"elementor-element elementor-element-36aa455 elementor-position-top elementor-widget elementor-widget-image-box\" data-id=\"36aa455\" data-element_type=\"widget\" data-widget_type=\"image-box.default\">\n\t\t\t\t<div class=\"elementor-widget-container\">\n\t\t\t\t\t<div class=\"elementor-image-box-wrapper\"><figure class=\"elementor-image-box-img\"><img decoding=\"async\" width=\"64\" height=\"64\" src=\"https:\/\/america-latina.de\/wp-content\/uploads\/2024\/04\/order.png\" class=\"attachment-full size-full wp-image-17107\" alt=\"\" \/><\/figure><div class=\"elementor-image-box-content\"><h3 class=\"elementor-image-box-title\">Qualit\u00e4tsprodukte<\/h3><p class=\"elementor-image-box-description\">All unsere Produkte werden mit frischen Zutaten zubereitet und unmittelbar nach der Herstellung eingefroren. Wir garantieren ein Produkt, das mindestens 6 Monate lang gefroren gelagert werden kann.<\/p><\/div><\/div>\t\t\t\t<\/div>\n\t\t\t\t<\/div>\n\t\t\t\t\t<\/div>\n\t\t<\/div>\n\t\t\t\t<div class=\"elementor-column elementor-col-33 elementor-top-column elementor-element elementor-element-b96a79e\" data-id=\"b96a79e\" data-element_type=\"column\">\n\t\t\t<div class=\"elementor-widget-wrap elementor-element-populated\">\n\t\t\t\t\t\t<div class=\"elementor-element elementor-element-2c1ceed elementor-position-top elementor-widget elementor-widget-image-box\" data-id=\"2c1ceed\" data-element_type=\"widget\" data-widget_type=\"image-box.default\">\n\t\t\t\t<div class=\"elementor-widget-container\">\n\t\t\t\t\t<div class=\"elementor-image-box-wrapper\"><figure class=\"elementor-image-box-img\"><img loading=\"lazy\" decoding=\"async\" width=\"64\" height=\"64\" src=\"https:\/\/america-latina.de\/wp-content\/uploads\/2024\/04\/positive-review.png\" class=\"attachment-full size-full wp-image-17108\" alt=\"\" \/><\/figure><div class=\"elementor-image-box-content\"><h3 class=\"elementor-image-box-title\">Positive Bewertungen<\/h3><p class=\"elementor-image-box-description\">Mehr als 10.000 Kunden haben bereits unsere Snacks und Churros probiert. Die Zufriedenheit unserer Kunden ist unser gr\u00f6\u00dfter Erfolg. Unsere positiven Bewertungen spiegeln die Hingabe wider, jedem von ihnen unvergessliche kulinarische Momente zu bieten.<\/p><\/div><\/div>\t\t\t\t<\/div>\n\t\t\t\t<\/div>\n\t\t\t\t\t<\/div>\n\t\t<\/div>\n\t\t\t\t\t<\/div>\n\t\t<\/section>\n\t\t\t\t<\/div>","protected":false},"excerpt":{"rendered":"<p>Authentischer brasilianischer Geschmack in Deutschland \u00dcber uns BraZukaS Brazilian Food \u00ae Es ist Ihre Fabrik f\u00fcr brasilianische Snacks in Deutschland,<\/p>","protected":false},"author":1,"featured_media":0,"parent":0,"menu_order":0,"comment_status":"closed","ping_status":"closed","template":"","meta":{"footnotes":""},"class_list":["post-4400","page","type-page","status-publish","hentry"],"_links":{"self":[{"href":"https:\/\/america-latina.de\/pt\/wp-json\/wp\/v2\/pages\/4400","targetHints":{"allow":["GET"]}}],"collection":[{"href":"https:\/\/america-latina.de\/pt\/wp-json\/wp\/v2\/pages"}],"about":[{"href":"https:\/\/america-latina.de\/pt\/wp-json\/wp\/v2\/types\/page"}],"author":[{"embeddable":true,"href":"https:\/\/america-latina.de\/pt\/wp-json\/wp\/v2\/users\/1"}],"replies":[{"embeddable":true,"href":"https:\/\/america-latina.de\/pt\/wp-json\/wp\/v2\/comments?post=4400"}],"version-history":[{"count":0,"href":"https:\/\/america-latina.de\/pt\/wp-json\/wp\/v2\/pages\/4400\/revisions"}],"wp:attachment":[{"href":"https:\/\/america-latina.de\/pt\/wp-json\/wp\/v2\/media?parent=4400"}],"curies":[{"name":"wp","href":"https:\/\/api.w.org\/{rel}","templated":true}]}}