{"id":16812,"date":"2024-03-25T02:34:03","date_gmt":"2024-03-25T02:34:03","guid":{"rendered":"https:\/\/america-latina.de\/product\/cachaca-pitu\/"},"modified":"2024-03-25T02:34:03","modified_gmt":"2024-03-25T02:34:03","slug":"cachaca-pitu","status":"publish","type":"product","link":"https:\/\/america-latina.de\/pt\/product\/cachaca-pitu\/","title":{"rendered":"Cacha\u00e7a Pit\u00fa"},"content":{"rendered":"<p>Cacha\u00e7a Pit\u00fa Original aus Brasilien auf dem Tisch und die Unterhaltung ist gesichert. Ein Schnaps mit markantem Geschmack, der den Geschmack der Brasilianer getroffen hat und absoluter Verkaufsschlager ist. Perfekt zum Kombinieren mit Cocktails oder Ihren bevorzugten Snacks. Pit\u00fa Original aus Brasilien ist ein reiner Zuckerrohrschnaps, klar, mit markantem Geschmack und einem Alkoholgehalt von 40% vol.<\/p>\n<p><strong>Anmerkungen:<\/strong><\/p>\n<p>Alkohol kann zu chemischer Abh\u00e4ngigkeit f\u00fchren und in \u00dcberma\u00df ernsthafte Gesundheitssch\u00e4den verursachen; Der Verkauf von alkoholischen Getr\u00e4nken an Personen unter 18 Jahren ist verboten; Trinken Sie in Ma\u00dfen.<\/p>","protected":false},"excerpt":{"rendered":"<p>Cacha\u00e7a Pit\u00fa Original aus Brasilien auf dem Tisch und die Unterhaltung ist gesichert. Ein Schnaps mit markantem Geschmack, der den<\/p>","protected":false},"featured_media":16814,"comment_status":"closed","ping_status":"open","template":"","meta":[],"product_brand":[],"product_cat":[179,180,181],"product_tag":[],"class_list":{"0":"post-16812","1":"product","2":"type-product","3":"status-publish","4":"has-post-thumbnail","6":"product_cat-cachaca","7":"product_cat-pitu","8":"product_cat-zuckerrohrschnaps","10":"first","11":"instock","12":"product-type-simple"},"_links":{"self":[{"href":"https:\/\/america-latina.de\/pt\/wp-json\/wp\/v2\/product\/16812","targetHints":{"allow":["GET"]}}],"collection":[{"href":"https:\/\/america-latina.de\/pt\/wp-json\/wp\/v2\/product"}],"about":[{"href":"https:\/\/america-latina.de\/pt\/wp-json\/wp\/v2\/types\/product"}],"replies":[{"embeddable":true,"href":"https:\/\/america-latina.de\/pt\/wp-json\/wp\/v2\/comments?post=16812"}],"version-history":[{"count":0,"href":"https:\/\/america-latina.de\/pt\/wp-json\/wp\/v2\/product\/16812\/revisions"}],"wp:featuredmedia":[{"embeddable":true,"href":"https:\/\/america-latina.de\/pt\/wp-json\/wp\/v2\/media\/16814"}],"wp:attachment":[{"href":"https:\/\/america-latina.de\/pt\/wp-json\/wp\/v2\/media?parent=16812"}],"wp:term":[{"taxonomy":"product_brand","embeddable":true,"href":"https:\/\/america-latina.de\/pt\/wp-json\/wp\/v2\/product_brand?post=16812"},{"taxonomy":"product_cat","embeddable":true,"href":"https:\/\/america-latina.de\/pt\/wp-json\/wp\/v2\/product_cat?post=16812"},{"taxonomy":"product_tag","embeddable":true,"href":"https:\/\/america-latina.de\/pt\/wp-json\/wp\/v2\/product_tag?post=16812"}],"curies":[{"name":"wp","href":"https:\/\/api.w.org\/{rel}","templated":true}]}}