{"id":16815,"date":"2024-03-25T02:34:03","date_gmt":"2024-03-25T02:34:03","guid":{"rendered":"https:\/\/america-latina.de\/product\/cachaca-51-pirassununga-1l\/"},"modified":"2024-04-21T10:13:35","modified_gmt":"2024-04-21T10:13:35","slug":"cachaca-51-pirassununga-1l","status":"publish","type":"product","link":"https:\/\/america-latina.de\/pt\/product\/cachaca-51-pirassununga-1l\/","title":{"rendered":"Cacha\u00e7a 51 Pirassununga &#8211; 1L"},"content":{"rendered":"<p>Das Nationalgetr\u00e4nk Brasiliens wird aus dem fermentierten Saft ausgew\u00e4hlter Zuckerrohrsorten destilliert und dann sorgf\u00e4ltig gemischt. Die Produktion erfolgt in Pirassununga, im Herzen der gr\u00f6\u00dften Zuckerrohrplantagen von S\u00e3o Paulo. Das Zuckerrohr wird sofort verarbeitet, innerhalb von 12 Stunden nach der Ernte.<\/p>\n<p>Der Geschmack zeichnet sich durch eine intensive Note von Cacha\u00e7a aus; mild und s\u00fc\u00df mit fruchtigen Aromen, wie Zitrusfr\u00fcchten.<\/p>\n<p><strong>Produktmerkmale:<\/strong><\/p>\n<p>Alkohol: 40,0% vol. Land: Brasilien<\/p>\n<p><strong>Anmerkungen:<\/strong><\/p>\n<p>Alkohol kann zu chemischer Abh\u00e4ngigkeit f\u00fchren und in \u00dcberma\u00df ernsthafte Gesundheitssch\u00e4den verursachen; Der Verkauf von alkoholischen Getr\u00e4nken an Personen unter 18 Jahren ist verboten; Trinken Sie in Ma\u00dfen.<\/p>","protected":false},"excerpt":{"rendered":"<p>Das Nationalgetr\u00e4nk Brasiliens wird aus dem fermentierten Saft ausgew\u00e4hlter Zuckerrohrsorten destilliert und dann sorgf\u00e4ltig gemischt. Die Produktion erfolgt in Pirassununga,<\/p>","protected":false},"featured_media":16817,"comment_status":"closed","ping_status":"closed","template":"","meta":[],"product_brand":[],"product_cat":[179,181],"product_tag":[],"class_list":{"0":"post-16815","1":"product","2":"type-product","3":"status-publish","4":"has-post-thumbnail","6":"product_cat-cachaca","7":"product_cat-zuckerrohrschnaps","9":"first","10":"instock","11":"product-type-simple"},"_links":{"self":[{"href":"https:\/\/america-latina.de\/pt\/wp-json\/wp\/v2\/product\/16815","targetHints":{"allow":["GET"]}}],"collection":[{"href":"https:\/\/america-latina.de\/pt\/wp-json\/wp\/v2\/product"}],"about":[{"href":"https:\/\/america-latina.de\/pt\/wp-json\/wp\/v2\/types\/product"}],"replies":[{"embeddable":true,"href":"https:\/\/america-latina.de\/pt\/wp-json\/wp\/v2\/comments?post=16815"}],"version-history":[{"count":0,"href":"https:\/\/america-latina.de\/pt\/wp-json\/wp\/v2\/product\/16815\/revisions"}],"wp:featuredmedia":[{"embeddable":true,"href":"https:\/\/america-latina.de\/pt\/wp-json\/wp\/v2\/media\/16817"}],"wp:attachment":[{"href":"https:\/\/america-latina.de\/pt\/wp-json\/wp\/v2\/media?parent=16815"}],"wp:term":[{"taxonomy":"product_brand","embeddable":true,"href":"https:\/\/america-latina.de\/pt\/wp-json\/wp\/v2\/product_brand?post=16815"},{"taxonomy":"product_cat","embeddable":true,"href":"https:\/\/america-latina.de\/pt\/wp-json\/wp\/v2\/product_cat?post=16815"},{"taxonomy":"product_tag","embeddable":true,"href":"https:\/\/america-latina.de\/pt\/wp-json\/wp\/v2\/product_tag?post=16815"}],"curies":[{"name":"wp","href":"https:\/\/api.w.org\/{rel}","templated":true}]}}