{"id":16824,"date":"2024-03-25T02:34:03","date_gmt":"2024-03-25T02:34:03","guid":{"rendered":"https:\/\/america-latina.de\/product\/guarana-antarctica-limonade-330ml\/"},"modified":"2024-03-25T02:34:22","modified_gmt":"2024-03-25T02:34:22","slug":"guarana-antarctica-limonade-330ml","status":"publish","type":"product","link":"https:\/\/america-latina.de\/pt\/product\/guarana-antarctica-limonade-330ml\/","title":{"rendered":"Guaran\u00e1 Antarctica Limonade 330ml"},"content":{"rendered":"<p>Genie\u00dfen Sie den authentischen Geschmack Brasiliens mit Guaran\u00e1 Antarctica. Ein erfrischendes und einzigartiges Getr\u00e4nk, das perfekt zu Momenten der Entspannung und Feier passt.<\/p>\n<p>Guaran\u00e1 ist das beliebteste Erfrischungsgetr\u00e4nk in Brasilien, hergestellt aus der gleichnamigen Frucht. Die gesch\u00e4lten und getrockneten Samen wurden urspr\u00fcnglich von den Amazonas-Indianern seit Jahrhunderten zu einem hellbraunen Pulver gemahlen, in Wasser aufgel\u00f6st und mit Honig ges\u00fc\u00dft.<\/p>\n<p>Heute machen Guaran\u00e1-Getr\u00e4nke mehr als ein Viertel aller in Brasilien verkauften Erfrischungsgetr\u00e4nke aus (dem drittgr\u00f6\u00dften Softdrinkmarkt der Welt). Eine echte Tradition, die Sie nun zu Hause haben k\u00f6nnen, und bringt den authentischen brasilianischen Geschmack f\u00fcr jede Gelegenheit.<\/p>\n<p><strong>Zutaten:<\/strong> Koffeinhaltiges Erfrischungsgetr\u00e4nk. Zutaten: Wasser, Zucker, S\u00e4ureregulator E330, Guaran\u00e1-Extrakt, Konservierungsmittel: E211, E202, Farbstoff E150d, nat\u00fcrliches Aroma, Antioxidans: E300<\/p>\n<p>Durchschnittliche N\u00e4hrwerte pro 100 g \/ ml<\/p>\n<p>Kalorienwert: 170 kJ (40 kcal) Fett: 0,00 g Kohlenhydrate: 10 g<\/p>\n<ul>\n<li>davon Zucker: 10 g Protein: 0,00 g Salz: 0,02 g<\/li>\n<\/ul>\n<div id=\"gtx-trans\" style=\"position: absolute; left: -9px; top: 168px;\">\n<div class=\"gtx-trans-icon\"><\/div>\n<\/div>","protected":false},"excerpt":{"rendered":"<p>Genie\u00dfen Sie den authentischen Geschmack Brasiliens mit Guaran\u00e1 Antarctica. Ein erfrischendes und einzigartiges Getr\u00e4nk, das perfekt zu Momenten der Entspannung<\/p>","protected":false},"featured_media":16826,"comment_status":"closed","ping_status":"open","template":"","meta":[],"product_brand":[],"product_cat":[185,186],"product_tag":[],"class_list":{"0":"post-16824","1":"product","2":"type-product","3":"status-publish","4":"has-post-thumbnail","6":"product_cat-getranke","7":"product_cat-guarana-antarctica","9":"first","10":"instock","11":"purchasable","12":"product-type-simple"},"_links":{"self":[{"href":"https:\/\/america-latina.de\/pt\/wp-json\/wp\/v2\/product\/16824","targetHints":{"allow":["GET"]}}],"collection":[{"href":"https:\/\/america-latina.de\/pt\/wp-json\/wp\/v2\/product"}],"about":[{"href":"https:\/\/america-latina.de\/pt\/wp-json\/wp\/v2\/types\/product"}],"replies":[{"embeddable":true,"href":"https:\/\/america-latina.de\/pt\/wp-json\/wp\/v2\/comments?post=16824"}],"version-history":[{"count":0,"href":"https:\/\/america-latina.de\/pt\/wp-json\/wp\/v2\/product\/16824\/revisions"}],"wp:featuredmedia":[{"embeddable":true,"href":"https:\/\/america-latina.de\/pt\/wp-json\/wp\/v2\/media\/16826"}],"wp:attachment":[{"href":"https:\/\/america-latina.de\/pt\/wp-json\/wp\/v2\/media?parent=16824"}],"wp:term":[{"taxonomy":"product_brand","embeddable":true,"href":"https:\/\/america-latina.de\/pt\/wp-json\/wp\/v2\/product_brand?post=16824"},{"taxonomy":"product_cat","embeddable":true,"href":"https:\/\/america-latina.de\/pt\/wp-json\/wp\/v2\/product_cat?post=16824"},{"taxonomy":"product_tag","embeddable":true,"href":"https:\/\/america-latina.de\/pt\/wp-json\/wp\/v2\/product_tag?post=16824"}],"curies":[{"name":"wp","href":"https:\/\/api.w.org\/{rel}","templated":true}]}}