{"id":16827,"date":"2024-03-25T02:34:03","date_gmt":"2024-03-25T02:34:03","guid":{"rendered":"https:\/\/america-latina.de\/product\/yoki-maismehl-flocken-farinha-de-milho-flocao\/"},"modified":"2024-04-21T10:12:34","modified_gmt":"2024-04-21T10:12:34","slug":"yoki-maismehl-flocken-farinha-de-milho-flocao","status":"publish","type":"product","link":"https:\/\/america-latina.de\/pt\/product\/yoki-maismehl-flocken-farinha-de-milho-flocao\/","title":{"rendered":"Yoki Maismehl-Flocken Farinha de Milho Floc\u00e3o"},"content":{"rendered":"<p>Erleben Sie die authentische Qualit\u00e4t von Kimilho Floc\u00e3o YOKI, einem herausragenden brasilianischen Produkt in unserer Auswahl. Dieser Maisflocken ist perfekt f\u00fcr die Zubereitung traditioneller brasilianischer Gerichte geeignet und bietet eine unvergleichliche Textur und Geschmack. Mit 500g reinem Mais bringen Sie mit Kimilho Floc\u00e3o YOKI die echte brasilianische Note in Ihre K\u00fcche.<\/p>\n<p>Zutaten: 100% nat\u00fcrliche Maisflockenmehl.<\/p>\n<p>Zus\u00e4tzliche Information: Nat\u00fcrlich glutenfreies Produkt, hergestellt an einem Ort, wo auch Lebensmittel mit Gluten verarbeitet werden.<\/p>\n<p>ENTH\u00c4LT GLUTEN.<\/p>","protected":false},"excerpt":{"rendered":"<p>Erleben Sie die authentische Qualit\u00e4t von Kimilho Floc\u00e3o YOKI, einem herausragenden brasilianischen Produkt in unserer Auswahl. Dieser Maisflocken ist perfekt<\/p>","protected":false},"featured_media":16829,"comment_status":"closed","ping_status":"closed","template":"","meta":[],"product_brand":[],"product_cat":[198,199],"product_tag":[],"class_list":{"0":"post-16827","1":"product","2":"type-product","3":"status-publish","4":"has-post-thumbnail","6":"product_cat-brasilianische-produkte","7":"product_cat-trockensortiment","9":"first","10":"instock","11":"purchasable","12":"product-type-simple"},"_links":{"self":[{"href":"https:\/\/america-latina.de\/pt\/wp-json\/wp\/v2\/product\/16827","targetHints":{"allow":["GET"]}}],"collection":[{"href":"https:\/\/america-latina.de\/pt\/wp-json\/wp\/v2\/product"}],"about":[{"href":"https:\/\/america-latina.de\/pt\/wp-json\/wp\/v2\/types\/product"}],"replies":[{"embeddable":true,"href":"https:\/\/america-latina.de\/pt\/wp-json\/wp\/v2\/comments?post=16827"}],"version-history":[{"count":0,"href":"https:\/\/america-latina.de\/pt\/wp-json\/wp\/v2\/product\/16827\/revisions"}],"wp:featuredmedia":[{"embeddable":true,"href":"https:\/\/america-latina.de\/pt\/wp-json\/wp\/v2\/media\/16829"}],"wp:attachment":[{"href":"https:\/\/america-latina.de\/pt\/wp-json\/wp\/v2\/media?parent=16827"}],"wp:term":[{"taxonomy":"product_brand","embeddable":true,"href":"https:\/\/america-latina.de\/pt\/wp-json\/wp\/v2\/product_brand?post=16827"},{"taxonomy":"product_cat","embeddable":true,"href":"https:\/\/america-latina.de\/pt\/wp-json\/wp\/v2\/product_cat?post=16827"},{"taxonomy":"product_tag","embeddable":true,"href":"https:\/\/america-latina.de\/pt\/wp-json\/wp\/v2\/product_tag?post=16827"}],"curies":[{"name":"wp","href":"https:\/\/api.w.org\/{rel}","templated":true}]}}