{"id":16830,"date":"2024-03-25T02:34:03","date_gmt":"2024-03-25T02:34:03","guid":{"rendered":"https:\/\/america-latina.de\/product\/guarana-antarctica-15l\/"},"modified":"2024-03-25T02:34:27","modified_gmt":"2024-03-25T02:34:27","slug":"guarana-antarctica-15l","status":"publish","type":"product","link":"https:\/\/america-latina.de\/pt\/product\/guarana-antarctica-15l\/","title":{"rendered":"Guaran\u00e1 Antarctica &#8211; 1,5L"},"content":{"rendered":"<p><strong>Guaran\u00e1 ANTARCTICA, PET Flasche 1,5l.<\/strong><\/p>\n<p>Guaran\u00e1 ist das beliebteste Erfrischungsgetr\u00e4nk Brasiliens, das aus der gleichnamigen Frucht hergestellt wird. Die Guaran\u00e1-Frucht ist den Indios im Amazonasgebiet schon seit Jahrhunderten bekannt. Urspr\u00fcnglich waren die gesch\u00e4lten und getrockneten Samen zu einem hellbraunen Pulver zermahlen, in Wasser aufgeschwemmt und mit Honig ges\u00fc\u00dft getrunken. Heute entf\u00e4llt \u00fcber ein Viertel aller in Brasilien (dem drittgr\u00f6\u00dften Softdrink-Markt der Welt) verkauften Erfrischungsgetr\u00e4nke auf Guaran\u00e1.<\/p>\n<p><strong>Zutaten:<\/strong>\u00a0Wasser, Zucker, Kohlendioxid, S\u00e4uerungsmittel E330, Guaran\u00e1-Extrakt, Konservierungsstoffe E211 E202, Farbstoff E150d, nat\u00fcrliche Aromen.<\/p>\n<div class=\"clearfix term\" role=\"button\" data-toggle=\"collapse\" data-target=\"#naehrwert\" aria-expanded=\"true\" aria-controls=\"naehrwert\"><\/div>","protected":false},"excerpt":{"rendered":"<p>Guaran\u00e1 ANTARCTICA, PET Flasche 1,5l. Guaran\u00e1 ist das beliebteste Erfrischungsgetr\u00e4nk Brasiliens, das aus der gleichnamigen Frucht hergestellt wird. Die Guaran\u00e1-Frucht<\/p>","protected":false},"featured_media":16832,"comment_status":"closed","ping_status":"open","template":"","meta":[],"product_brand":[],"product_cat":[185,186],"product_tag":[],"class_list":{"0":"post-16830","1":"product","2":"type-product","3":"status-publish","4":"has-post-thumbnail","6":"product_cat-getranke","7":"product_cat-guarana-antarctica","9":"first","10":"instock","11":"purchasable","12":"product-type-simple"},"_links":{"self":[{"href":"https:\/\/america-latina.de\/pt\/wp-json\/wp\/v2\/product\/16830","targetHints":{"allow":["GET"]}}],"collection":[{"href":"https:\/\/america-latina.de\/pt\/wp-json\/wp\/v2\/product"}],"about":[{"href":"https:\/\/america-latina.de\/pt\/wp-json\/wp\/v2\/types\/product"}],"replies":[{"embeddable":true,"href":"https:\/\/america-latina.de\/pt\/wp-json\/wp\/v2\/comments?post=16830"}],"version-history":[{"count":0,"href":"https:\/\/america-latina.de\/pt\/wp-json\/wp\/v2\/product\/16830\/revisions"}],"wp:featuredmedia":[{"embeddable":true,"href":"https:\/\/america-latina.de\/pt\/wp-json\/wp\/v2\/media\/16832"}],"wp:attachment":[{"href":"https:\/\/america-latina.de\/pt\/wp-json\/wp\/v2\/media?parent=16830"}],"wp:term":[{"taxonomy":"product_brand","embeddable":true,"href":"https:\/\/america-latina.de\/pt\/wp-json\/wp\/v2\/product_brand?post=16830"},{"taxonomy":"product_cat","embeddable":true,"href":"https:\/\/america-latina.de\/pt\/wp-json\/wp\/v2\/product_cat?post=16830"},{"taxonomy":"product_tag","embeddable":true,"href":"https:\/\/america-latina.de\/pt\/wp-json\/wp\/v2\/product_tag?post=16830"}],"curies":[{"name":"wp","href":"https:\/\/api.w.org\/{rel}","templated":true}]}}