{"id":16833,"date":"2024-03-25T02:34:03","date_gmt":"2024-03-25T02:34:03","guid":{"rendered":"https:\/\/america-latina.de\/product\/sazon-gewurzpulver-fur-fleisch-60g\/"},"modified":"2024-03-25T02:34:28","modified_gmt":"2024-03-25T02:34:28","slug":"sazon-gewurzpulver-fur-fleisch-60g","status":"publish","type":"product","link":"https:\/\/america-latina.de\/pt\/product\/sazon-gewurzpulver-fur-fleisch-60g\/","title":{"rendered":"Saz\u00f3n\u00ae Gew\u00fcrzpulver f\u00fcr Fleisch &#8211; 60G"},"content":{"rendered":"<p>60g-Packung mit 12 Einheiten zu je 5g.<\/p>\n<p>Das hausgemachte Essen wird noch besser und appetitlicher mit Saz\u00f3n! Eine Kombination aus Gew\u00fcrzen, Farbe, Aroma und Geschmack, die Ihren Gerichten den Touch eines wahren Chefs verleiht! Hergestellt aus hochwertigsten Zutaten, ist das SAZ\u00d3N\u00ae Gew\u00fcrzpulver f\u00fcr Fleisch perfekt f\u00fcr die Zubereitung von Hackfleisch, Rinderhack, Braten, F\u00fcllungen, Risottos und vielem mehr. Mit einer einzigartigen Formel, die sich leicht im Topf aufl\u00f6st, wird dieses Gew\u00fcrz Ihr Essen mit einer sch\u00f6nen roten Farbe und einem Geschmack, der nach mehr verlangt, versehen! Was warten Sie noch? Machen Sie Ihre Gerichte noch ansprechender, k\u00f6stlicher und mit einem hausgemachten Touch, auf schnelle und einfache Weise mit Saz\u00f3n!<\/p>\n<p>Ajinomoto Tipp Verwenden Sie das SAZ\u00d3N\u00ae Gew\u00fcrzpulver f\u00fcr Fleisch, um Mehl f\u00fcr Panaden und Teige f\u00fcr Torten, Snacks und Pizzas zu w\u00fcrzen.<\/p>\n<p><strong>Zutaten<\/strong> Salz, F\u00e4rbemittel, Knoblauch*, Zwiebel*, Oregano*, Petersilie*, Lorbeer*, vorbereitete Gew\u00fcrze aus Knoblauch und Zwiebel, Geschmacksverst\u00e4rker Mononatriumglutamat, Dinatriuminosinat und Dinatriumguanylat. *Lebensmittel, die durch Bestrahlungsprozess behandelt wurden.<\/p>\n<p><strong>Allergene<\/strong> Enth\u00e4lt Sojaderivate. Kann Weizen, Milch, Gerste und Ei enthalten. Enth\u00e4lt Gluten.<\/p>\n<p><strong>Aufbewahrung<\/strong> Die Verpackung an einem trockenen und luftigen Ort aufbewahren.<\/p>","protected":false},"excerpt":{"rendered":"<p>60g-Packung mit 12 Einheiten zu je 5g. Das hausgemachte Essen wird noch besser und appetitlicher mit Saz\u00f3n! Eine Kombination aus<\/p>","protected":false},"featured_media":16835,"comment_status":"closed","ping_status":"open","template":"","meta":[],"product_brand":[],"product_cat":[187],"product_tag":[],"class_list":{"0":"post-16833","1":"product","2":"type-product","3":"status-publish","4":"has-post-thumbnail","6":"product_cat-bestseller","8":"first","9":"instock","10":"purchasable","11":"product-type-simple"},"_links":{"self":[{"href":"https:\/\/america-latina.de\/pt\/wp-json\/wp\/v2\/product\/16833","targetHints":{"allow":["GET"]}}],"collection":[{"href":"https:\/\/america-latina.de\/pt\/wp-json\/wp\/v2\/product"}],"about":[{"href":"https:\/\/america-latina.de\/pt\/wp-json\/wp\/v2\/types\/product"}],"replies":[{"embeddable":true,"href":"https:\/\/america-latina.de\/pt\/wp-json\/wp\/v2\/comments?post=16833"}],"version-history":[{"count":0,"href":"https:\/\/america-latina.de\/pt\/wp-json\/wp\/v2\/product\/16833\/revisions"}],"wp:featuredmedia":[{"embeddable":true,"href":"https:\/\/america-latina.de\/pt\/wp-json\/wp\/v2\/media\/16835"}],"wp:attachment":[{"href":"https:\/\/america-latina.de\/pt\/wp-json\/wp\/v2\/media?parent=16833"}],"wp:term":[{"taxonomy":"product_brand","embeddable":true,"href":"https:\/\/america-latina.de\/pt\/wp-json\/wp\/v2\/product_brand?post=16833"},{"taxonomy":"product_cat","embeddable":true,"href":"https:\/\/america-latina.de\/pt\/wp-json\/wp\/v2\/product_cat?post=16833"},{"taxonomy":"product_tag","embeddable":true,"href":"https:\/\/america-latina.de\/pt\/wp-json\/wp\/v2\/product_tag?post=16833"}],"curies":[{"name":"wp","href":"https:\/\/api.w.org\/{rel}","templated":true}]}}