{"id":16836,"date":"2024-03-25T02:34:03","date_gmt":"2024-03-25T02:34:03","guid":{"rendered":"https:\/\/america-latina.de\/product\/dacolonia-feiner-erdnuss-riegel-pacoca-rolha-tradicional-210g\/"},"modified":"2024-03-25T02:34:34","modified_gmt":"2024-03-25T02:34:34","slug":"dacolonia-feiner-erdnuss-riegel-pacoca-rolha-tradicional-210g","status":"publish","type":"product","link":"https:\/\/america-latina.de\/pt\/product\/dacolonia-feiner-erdnuss-riegel-pacoca-rolha-tradicional-210g\/","title":{"rendered":"Dacolonia Feiner Erdnuss-Riegel Pa\u00e7oca Rolha Tradicional 210g"},"content":{"rendered":"<p>Die Pa\u00e7oca ist eine traditionelle brasilianische S\u00fc\u00dfigkeit auf Erdnussbasis, die mit Zucker und einer Prise Salz zubereitet wird. Dieser beliebte S\u00fc\u00dfigkeit wird traditionell in runden oder quadratischen St\u00fccken konsumiert.<\/p>\n<p>Zutaten: Erdn\u00fcsse, Kristallzucker und Salz. Allergene: Enth\u00e4lt Erdn\u00fcsse. Enth\u00e4lt kein Gluten. Lagerung: An einem trockenen und bel\u00fcfteten Ort, gesch\u00fctzt vor Sonne und Feuchtigkeit, in der Originalverpackung, geschlossen und vor direktem Kontakt mit dem Boden gesch\u00fctzt, lagern. Haltbarkeit: 8 Monate ab Herstellungsdatum.<\/p>\n<p>Kalorienwert: 2.220 kJ (530 kcal) Fett: 31 g Kohlenhydrate: 47 g Zucker: 16 g Protein: 0,6 g Salz: 0,45 g<\/p>","protected":false},"excerpt":{"rendered":"<p>Die Pa\u00e7oca ist eine traditionelle brasilianische S\u00fc\u00dfigkeit auf Erdnussbasis, die mit Zucker und einer Prise Salz zubereitet wird. Dieser beliebte<\/p>","protected":false},"featured_media":16838,"comment_status":"closed","ping_status":"open","template":"","meta":[],"product_brand":[],"product_cat":[187],"product_tag":[],"class_list":{"0":"post-16836","1":"product","2":"type-product","3":"status-publish","4":"has-post-thumbnail","6":"product_cat-bestseller","8":"first","9":"instock","10":"purchasable","11":"product-type-simple"},"_links":{"self":[{"href":"https:\/\/america-latina.de\/pt\/wp-json\/wp\/v2\/product\/16836","targetHints":{"allow":["GET"]}}],"collection":[{"href":"https:\/\/america-latina.de\/pt\/wp-json\/wp\/v2\/product"}],"about":[{"href":"https:\/\/america-latina.de\/pt\/wp-json\/wp\/v2\/types\/product"}],"replies":[{"embeddable":true,"href":"https:\/\/america-latina.de\/pt\/wp-json\/wp\/v2\/comments?post=16836"}],"version-history":[{"count":0,"href":"https:\/\/america-latina.de\/pt\/wp-json\/wp\/v2\/product\/16836\/revisions"}],"wp:featuredmedia":[{"embeddable":true,"href":"https:\/\/america-latina.de\/pt\/wp-json\/wp\/v2\/media\/16838"}],"wp:attachment":[{"href":"https:\/\/america-latina.de\/pt\/wp-json\/wp\/v2\/media?parent=16836"}],"wp:term":[{"taxonomy":"product_brand","embeddable":true,"href":"https:\/\/america-latina.de\/pt\/wp-json\/wp\/v2\/product_brand?post=16836"},{"taxonomy":"product_cat","embeddable":true,"href":"https:\/\/america-latina.de\/pt\/wp-json\/wp\/v2\/product_cat?post=16836"},{"taxonomy":"product_tag","embeddable":true,"href":"https:\/\/america-latina.de\/pt\/wp-json\/wp\/v2\/product_tag?post=16836"}],"curies":[{"name":"wp","href":"https:\/\/api.w.org\/{rel}","templated":true}]}}