{"id":16839,"date":"2024-03-25T02:34:03","date_gmt":"2024-03-25T02:34:03","guid":{"rendered":"https:\/\/america-latina.de\/product\/camil-schwarze-bohnen-feijao-preto-1-kg\/"},"modified":"2024-04-21T10:17:17","modified_gmt":"2024-04-21T10:17:17","slug":"camil-schwarze-bohnen-feijao-preto-1-kg","status":"publish","type":"product","link":"https:\/\/america-latina.de\/pt\/product\/camil-schwarze-bohnen-feijao-preto-1-kg\/","title":{"rendered":"Camil Schwarze Bohnen Feij\u00e3o Preto &#8211; 1 kg"},"content":{"rendered":"<p>Sehr h\u00e4ufig im Alltag verwendet, hat sich die schwarze Bohne ihren Platz auf dem Tisch der Brasilianer gesichert und begleitet \u00fcblicherweise den k\u00f6stlichen Reis mit dem Geschmack der Familie. Und nat\u00fcrlich, wer kann schon einer Feijoada oder einem frischen, gut gew\u00fcrzten schwarzen Bohnen widerstehen?<\/p>\n<p>Neben dem charakteristischen Geschmack enthalten schwarze Bohnen Anthocyane, die eine hohe antioxidative Kraft besitzen, die in der Lage ist, die vorzeitige Alterung zu verz\u00f6gern und eine pr\u00e4ventive Wirkung gegen Herzkrankheiten auszu\u00fcben. Schwarze Bohnen sind auch reich an Proteinen, Eisen und Ballaststoffen, die zur Kontrolle des Cholesterinspiegels beitragen und dabei helfen, die Gesundheit Ihrer Familie zu sch\u00fctzen.<\/p>\n<p>Es ist Zeit, die Camil Schwarze Bohnen kennenzulernen und diese Br\u00fche mit Geschmack und einer Note von Zuneigung und Sorgfalt in allen Momenten rund um den Tisch zu verdicken.<\/p>\n<p>Antioxidative Kraft; Reich an Proteinen, Eisen und Ballaststoffen; Traditionell in der brasilianischen K\u00fcche.<\/p>","protected":false},"excerpt":{"rendered":"<p>Sehr h\u00e4ufig im Alltag verwendet, hat sich die schwarze Bohne ihren Platz auf dem Tisch der Brasilianer gesichert und begleitet<\/p>","protected":false},"featured_media":16841,"comment_status":"closed","ping_status":"closed","template":"","meta":[],"product_brand":[],"product_cat":[187,198,199],"product_tag":[],"class_list":{"0":"post-16839","1":"product","2":"type-product","3":"status-publish","4":"has-post-thumbnail","6":"product_cat-bestseller","7":"product_cat-brasilianische-produkte","8":"product_cat-trockensortiment","10":"first","11":"instock","12":"purchasable","13":"product-type-simple"},"_links":{"self":[{"href":"https:\/\/america-latina.de\/pt\/wp-json\/wp\/v2\/product\/16839","targetHints":{"allow":["GET"]}}],"collection":[{"href":"https:\/\/america-latina.de\/pt\/wp-json\/wp\/v2\/product"}],"about":[{"href":"https:\/\/america-latina.de\/pt\/wp-json\/wp\/v2\/types\/product"}],"replies":[{"embeddable":true,"href":"https:\/\/america-latina.de\/pt\/wp-json\/wp\/v2\/comments?post=16839"}],"version-history":[{"count":0,"href":"https:\/\/america-latina.de\/pt\/wp-json\/wp\/v2\/product\/16839\/revisions"}],"wp:featuredmedia":[{"embeddable":true,"href":"https:\/\/america-latina.de\/pt\/wp-json\/wp\/v2\/media\/16841"}],"wp:attachment":[{"href":"https:\/\/america-latina.de\/pt\/wp-json\/wp\/v2\/media?parent=16839"}],"wp:term":[{"taxonomy":"product_brand","embeddable":true,"href":"https:\/\/america-latina.de\/pt\/wp-json\/wp\/v2\/product_brand?post=16839"},{"taxonomy":"product_cat","embeddable":true,"href":"https:\/\/america-latina.de\/pt\/wp-json\/wp\/v2\/product_cat?post=16839"},{"taxonomy":"product_tag","embeddable":true,"href":"https:\/\/america-latina.de\/pt\/wp-json\/wp\/v2\/product_tag?post=16839"}],"curies":[{"name":"wp","href":"https:\/\/api.w.org\/{rel}","templated":true}]}}