{"id":16842,"date":"2024-03-25T02:34:03","date_gmt":"2024-03-25T02:34:03","guid":{"rendered":"https:\/\/america-latina.de\/product\/da-terrinha-tapioka-aus-brasilien-goma-pronta-para-tapioca-500-g\/"},"modified":"2024-04-21T10:18:31","modified_gmt":"2024-04-21T10:18:31","slug":"da-terrinha-tapioka-aus-brasilien-goma-pronta-para-tapioca-500-g","status":"publish","type":"product","link":"https:\/\/america-latina.de\/pt\/product\/da-terrinha-tapioka-aus-brasilien-goma-pronta-para-tapioca-500-g\/","title":{"rendered":"Da Terrinha Tapioka aus Brasilien Goma Pronta para Tapioca 500 g"},"content":{"rendered":"<p>Die fertige Tapiokast\u00e4rke von Da Terrinha hat verschiedene Innovationsprozesse durchlaufen, bis sie ihre besondere Textur erreicht hat.<\/p>\n<p>Locker, weich, ohne Zusatz von Konservierungsstoffen, und das Beste, sie muss nicht gesiebt werden! Eine gute Option f\u00fcr diejenigen, die eine Paleo-Di\u00e4t verfolgen und f\u00fcr Veganer. Ohne Konservierungsstoffe. Enth\u00e4lt kein Gluten.<\/p>\n<p>Hersteller: Da Terrinha Alimentos Marke: Da Terrinha Alimentos Modell: Traditionell<\/p>\n<p>An einem trockenen, k\u00fchlen Ort, gesch\u00fctzt vor Sonne und Feuchtigkeit aufbewahren. Nach dem \u00d6ffnen die Verpackung schlie\u00dfen, im K\u00fchlschrank bei 4 bis 8\u00b0C aufbewahren und innerhalb von 5 Tagen verbrauchen.<\/p>","protected":false},"excerpt":{"rendered":"<p>Die fertige Tapiokast\u00e4rke von Da Terrinha hat verschiedene Innovationsprozesse durchlaufen, bis sie ihre besondere Textur erreicht hat. Locker, weich, ohne<\/p>","protected":false},"featured_media":16844,"comment_status":"closed","ping_status":"closed","template":"","meta":[],"product_brand":[],"product_cat":[187,198,199],"product_tag":[],"class_list":{"0":"post-16842","1":"product","2":"type-product","3":"status-publish","4":"has-post-thumbnail","6":"product_cat-bestseller","7":"product_cat-brasilianische-produkte","8":"product_cat-trockensortiment","10":"first","11":"instock","12":"purchasable","13":"product-type-simple"},"_links":{"self":[{"href":"https:\/\/america-latina.de\/pt\/wp-json\/wp\/v2\/product\/16842","targetHints":{"allow":["GET"]}}],"collection":[{"href":"https:\/\/america-latina.de\/pt\/wp-json\/wp\/v2\/product"}],"about":[{"href":"https:\/\/america-latina.de\/pt\/wp-json\/wp\/v2\/types\/product"}],"replies":[{"embeddable":true,"href":"https:\/\/america-latina.de\/pt\/wp-json\/wp\/v2\/comments?post=16842"}],"version-history":[{"count":0,"href":"https:\/\/america-latina.de\/pt\/wp-json\/wp\/v2\/product\/16842\/revisions"}],"wp:featuredmedia":[{"embeddable":true,"href":"https:\/\/america-latina.de\/pt\/wp-json\/wp\/v2\/media\/16844"}],"wp:attachment":[{"href":"https:\/\/america-latina.de\/pt\/wp-json\/wp\/v2\/media?parent=16842"}],"wp:term":[{"taxonomy":"product_brand","embeddable":true,"href":"https:\/\/america-latina.de\/pt\/wp-json\/wp\/v2\/product_brand?post=16842"},{"taxonomy":"product_cat","embeddable":true,"href":"https:\/\/america-latina.de\/pt\/wp-json\/wp\/v2\/product_cat?post=16842"},{"taxonomy":"product_tag","embeddable":true,"href":"https:\/\/america-latina.de\/pt\/wp-json\/wp\/v2\/product_tag?post=16842"}],"curies":[{"name":"wp","href":"https:\/\/api.w.org\/{rel}","templated":true}]}}