{"id":16845,"date":"2024-03-25T02:34:03","date_gmt":"2024-03-25T02:34:03","guid":{"rendered":"https:\/\/america-latina.de\/product\/goiabada-predilecta-600g\/"},"modified":"2024-04-21T10:19:19","modified_gmt":"2024-04-21T10:19:19","slug":"goiabada-predilecta-600g","status":"publish","type":"product","link":"https:\/\/america-latina.de\/pt\/product\/goiabada-predilecta-600g\/","title":{"rendered":"Goiabada Predilecta &#8211; 600g"},"content":{"rendered":"<p>Die Goiabada, auch bekannt als Goiabada-Paste, ist eine s\u00fc\u00dfe Marmelade und eine Spezialit\u00e4t der brasilianischen K\u00fcche. Sie wird haupts\u00e4chlich aus Guavenfrucht, Wasser und Zucker hergestellt.<\/p>\n<p><strong>Zutaten:<\/strong><\/p>\n<p>Guavenpulpe, Zucker, Glukosesirup, S\u00e4ure E330.<\/p>\n<p><strong>Allergene:<\/strong><\/p>\n<p>Kann Spuren von Soja, Senf und Sesamsamen enthalten.<\/p>\n<p><strong>Lagerung:<\/strong><\/p>\n<p>Nach dem \u00d6ffnen im K\u00fchlschrank aufbewahren und innerhalb von 15 Tagen verbrauchen.<\/p>\n<p>N\u00e4hrwertangaben: 1.318 kJ (310 kcal) Fett: 0,00 g Kohlenhydrate: 76 g Zucker: 68 g Protein: 0,00 g Salz: 3,2 g<\/p>","protected":false},"excerpt":{"rendered":"<p>Die Goiabada, auch bekannt als Goiabada-Paste, ist eine s\u00fc\u00dfe Marmelade und eine Spezialit\u00e4t der brasilianischen K\u00fcche. Sie wird haupts\u00e4chlich aus<\/p>","protected":false},"featured_media":16847,"comment_status":"closed","ping_status":"closed","template":"","meta":[],"product_brand":[],"product_cat":[187,198,199],"product_tag":[],"class_list":{"0":"post-16845","1":"product","2":"type-product","3":"status-publish","4":"has-post-thumbnail","6":"product_cat-bestseller","7":"product_cat-brasilianische-produkte","8":"product_cat-trockensortiment","10":"first","11":"instock","12":"purchasable","13":"product-type-simple"},"_links":{"self":[{"href":"https:\/\/america-latina.de\/pt\/wp-json\/wp\/v2\/product\/16845","targetHints":{"allow":["GET"]}}],"collection":[{"href":"https:\/\/america-latina.de\/pt\/wp-json\/wp\/v2\/product"}],"about":[{"href":"https:\/\/america-latina.de\/pt\/wp-json\/wp\/v2\/types\/product"}],"replies":[{"embeddable":true,"href":"https:\/\/america-latina.de\/pt\/wp-json\/wp\/v2\/comments?post=16845"}],"version-history":[{"count":0,"href":"https:\/\/america-latina.de\/pt\/wp-json\/wp\/v2\/product\/16845\/revisions"}],"wp:featuredmedia":[{"embeddable":true,"href":"https:\/\/america-latina.de\/pt\/wp-json\/wp\/v2\/media\/16847"}],"wp:attachment":[{"href":"https:\/\/america-latina.de\/pt\/wp-json\/wp\/v2\/media?parent=16845"}],"wp:term":[{"taxonomy":"product_brand","embeddable":true,"href":"https:\/\/america-latina.de\/pt\/wp-json\/wp\/v2\/product_brand?post=16845"},{"taxonomy":"product_cat","embeddable":true,"href":"https:\/\/america-latina.de\/pt\/wp-json\/wp\/v2\/product_cat?post=16845"},{"taxonomy":"product_tag","embeddable":true,"href":"https:\/\/america-latina.de\/pt\/wp-json\/wp\/v2\/product_tag?post=16845"}],"curies":[{"name":"wp","href":"https:\/\/api.w.org\/{rel}","templated":true}]}}