{"id":16848,"date":"2024-03-25T02:34:03","date_gmt":"2024-03-25T02:34:03","guid":{"rendered":"https:\/\/america-latina.de\/product\/toddy-kakaohaltiges-getrankepulver-chocolate-original-400g\/"},"modified":"2024-04-21T10:23:49","modified_gmt":"2024-04-21T10:23:49","slug":"toddy-kakaohaltiges-getrankepulver-chocolate-original-400g","status":"publish","type":"product","link":"https:\/\/america-latina.de\/pt\/product\/toddy-kakaohaltiges-getrankepulver-chocolate-original-400g\/","title":{"rendered":"TODDY Kakaohaltiges Getr\u00e4nkepulver Chocolate Original 400g"},"content":{"rendered":"<p>Die Marke Toddy ist die bekannteste Schokoladengetr\u00e4nkemarke Brasiliens. Der Toddy Original Schokoladenpulver ist ein bekanntes und von Brasilianern aller Altersgruppen f\u00fcr seinen k\u00f6stlichen Geschmack und N\u00e4hrwert gesch\u00e4tztes Produkt. Mischen Sie es mit hei\u00dfer oder kalter Milch und genie\u00dfen Sie es.<\/p>\n<p>Mit seinem Schokoladengeschmack und in einem 400g-Beh\u00e4lter kann es auch verwendet werden, um k\u00f6stliches Brigadeiro zu machen, was f\u00fcr unglaubliche Momente mit Freunden und Familie sorgt. Unverwechselbarer Geschmack in Ihrer Milch und Ihren Rezepten.<\/p>","protected":false},"excerpt":{"rendered":"<p>Die Marke Toddy ist die bekannteste Schokoladengetr\u00e4nkemarke Brasiliens. Der Toddy Original Schokoladenpulver ist ein bekanntes und von Brasilianern aller Altersgruppen<\/p>","protected":false},"featured_media":16850,"comment_status":"closed","ping_status":"closed","template":"","meta":[],"product_brand":[],"product_cat":[187,198,199],"product_tag":[],"class_list":{"0":"post-16848","1":"product","2":"type-product","3":"status-publish","4":"has-post-thumbnail","6":"product_cat-bestseller","7":"product_cat-brasilianische-produkte","8":"product_cat-trockensortiment","10":"first","11":"instock","12":"purchasable","13":"product-type-simple"},"_links":{"self":[{"href":"https:\/\/america-latina.de\/pt\/wp-json\/wp\/v2\/product\/16848","targetHints":{"allow":["GET"]}}],"collection":[{"href":"https:\/\/america-latina.de\/pt\/wp-json\/wp\/v2\/product"}],"about":[{"href":"https:\/\/america-latina.de\/pt\/wp-json\/wp\/v2\/types\/product"}],"replies":[{"embeddable":true,"href":"https:\/\/america-latina.de\/pt\/wp-json\/wp\/v2\/comments?post=16848"}],"version-history":[{"count":0,"href":"https:\/\/america-latina.de\/pt\/wp-json\/wp\/v2\/product\/16848\/revisions"}],"wp:featuredmedia":[{"embeddable":true,"href":"https:\/\/america-latina.de\/pt\/wp-json\/wp\/v2\/media\/16850"}],"wp:attachment":[{"href":"https:\/\/america-latina.de\/pt\/wp-json\/wp\/v2\/media?parent=16848"}],"wp:term":[{"taxonomy":"product_brand","embeddable":true,"href":"https:\/\/america-latina.de\/pt\/wp-json\/wp\/v2\/product_brand?post=16848"},{"taxonomy":"product_cat","embeddable":true,"href":"https:\/\/america-latina.de\/pt\/wp-json\/wp\/v2\/product_cat?post=16848"},{"taxonomy":"product_tag","embeddable":true,"href":"https:\/\/america-latina.de\/pt\/wp-json\/wp\/v2\/product_tag?post=16848"}],"curies":[{"name":"wp","href":"https:\/\/api.w.org\/{rel}","templated":true}]}}