{"id":16851,"date":"2024-03-25T02:34:03","date_gmt":"2024-03-25T02:34:03","guid":{"rendered":"https:\/\/america-latina.de\/product\/camil-braune-bohnen-feijao-carioca-1kg\/"},"modified":"2024-04-21T10:16:36","modified_gmt":"2024-04-21T10:16:36","slug":"camil-braune-bohnen-feijao-carioca-1kg","status":"publish","type":"product","link":"https:\/\/america-latina.de\/pt\/product\/camil-braune-bohnen-feijao-carioca-1kg\/","title":{"rendered":"Camil Braune Bohnen Feij\u00e3o Carioca 1kg"},"content":{"rendered":"<p>Wer kennt sie nicht, unsere t\u00e4gliche Bohne! Die Carioca-Bohne hat ihren festen Platz auf dem Tisch der Brasilianer erobert und begleitet \u00fcblicherweise den k\u00f6stlichen Reis mit dem Geschmack der Familie.<\/p>\n<p>Teil der Geschichte, Kultur und des Alltags von Tausenden von Brasilianern, ist die Carioca-Bohne reich an Eisen und pflanzlichem Protein. Die Proteine helfen bei der Erhaltung und beim Aufbau von Muskeln. Und dar\u00fcber hinaus ist die Carioca-Bohne eine Quelle von Ballaststoffen, die zur S\u00e4ttigung beitragen und bei der Kontrolle der Zuckerfreisetzung im Blut sowie der Darmfunktion helfen.<\/p>\n<p>Es ist Zeit, die Carioca-Bohnen von Camil kennenzulernen und diesen Eintopf mit Geschmack und einer Note von Zuneigung und Sorgfalt in allen Momenten rund um den Tisch zu bereichern.<\/p>\n<p>Reich an pflanzlichem Protein; Quelle von Eisen; Weiche und schmackhafte Textur.<\/p>","protected":false},"excerpt":{"rendered":"<p>Wer kennt sie nicht, unsere t\u00e4gliche Bohne! Die Carioca-Bohne hat ihren festen Platz auf dem Tisch der Brasilianer erobert und<\/p>","protected":false},"featured_media":16853,"comment_status":"closed","ping_status":"closed","template":"","meta":[],"product_brand":[],"product_cat":[187,198,199],"product_tag":[],"class_list":{"0":"post-16851","1":"product","2":"type-product","3":"status-publish","4":"has-post-thumbnail","6":"product_cat-bestseller","7":"product_cat-brasilianische-produkte","8":"product_cat-trockensortiment","10":"first","11":"instock","12":"purchasable","13":"product-type-simple"},"_links":{"self":[{"href":"https:\/\/america-latina.de\/pt\/wp-json\/wp\/v2\/product\/16851","targetHints":{"allow":["GET"]}}],"collection":[{"href":"https:\/\/america-latina.de\/pt\/wp-json\/wp\/v2\/product"}],"about":[{"href":"https:\/\/america-latina.de\/pt\/wp-json\/wp\/v2\/types\/product"}],"replies":[{"embeddable":true,"href":"https:\/\/america-latina.de\/pt\/wp-json\/wp\/v2\/comments?post=16851"}],"version-history":[{"count":0,"href":"https:\/\/america-latina.de\/pt\/wp-json\/wp\/v2\/product\/16851\/revisions"}],"wp:featuredmedia":[{"embeddable":true,"href":"https:\/\/america-latina.de\/pt\/wp-json\/wp\/v2\/media\/16853"}],"wp:attachment":[{"href":"https:\/\/america-latina.de\/pt\/wp-json\/wp\/v2\/media?parent=16851"}],"wp:term":[{"taxonomy":"product_brand","embeddable":true,"href":"https:\/\/america-latina.de\/pt\/wp-json\/wp\/v2\/product_brand?post=16851"},{"taxonomy":"product_cat","embeddable":true,"href":"https:\/\/america-latina.de\/pt\/wp-json\/wp\/v2\/product_cat?post=16851"},{"taxonomy":"product_tag","embeddable":true,"href":"https:\/\/america-latina.de\/pt\/wp-json\/wp\/v2\/product_tag?post=16851"}],"curies":[{"name":"wp","href":"https:\/\/api.w.org\/{rel}","templated":true}]}}