{"id":16857,"date":"2024-03-25T02:34:03","date_gmt":"2024-03-25T02:34:03","guid":{"rendered":"https:\/\/america-latina.de\/product\/yoki-gewurztes-maniokmehl-500-g\/"},"modified":"2024-03-25T02:34:48","modified_gmt":"2024-03-25T02:34:48","slug":"yoki-gewurztes-maniokmehl-500-g","status":"publish","type":"product","link":"https:\/\/america-latina.de\/pt\/product\/yoki-gewurztes-maniokmehl-500-g\/","title":{"rendered":"YOKI Gew\u00fcrztes Maniokmehl &#8211; 500 g"},"content":{"rendered":"<div id=\"description\">\n<p>Die traditionelle Farofa Yoki ist ein vielseitiges Produkt, das sich in verschiedene Rezepte einf\u00fcgt, um Ihren Mahlzeiten noch mehr Geschmack und Qualit\u00e4t zu verleihen. Seit mehr als 20 Jahren ist sie f\u00fchrend in ihrer Kategorie, trocken und auf Maniokbasis zubereitet und gew\u00fcrzt, was den Mahlzeiten diesen besonderen Geschmack verleiht. Ihre Verpackung enth\u00e4lt 500 Gramm dieser unglaublichen Beilage, die in Brasilien so ber\u00fchmt und beliebt ist.<\/p>\n<p>Enth\u00e4lt GLUTEN. Kann Spuren von Weizen enthalten. An einem k\u00fchlen und trockenen Ort lagern.<\/p>\n<\/div>","protected":false},"excerpt":{"rendered":"<p>Die traditionelle Farofa Yoki ist ein vielseitiges Produkt, das sich in verschiedene Rezepte einf\u00fcgt, um Ihren Mahlzeiten noch mehr Geschmack<\/p>","protected":false},"featured_media":16859,"comment_status":"closed","ping_status":"open","template":"","meta":[],"product_brand":[],"product_cat":[192],"product_tag":[],"class_list":{"0":"post-16857","1":"product","2":"type-product","3":"status-publish","4":"has-post-thumbnail","6":"product_cat-maniokmehl","8":"first","9":"instock","10":"purchasable","11":"product-type-simple"},"_links":{"self":[{"href":"https:\/\/america-latina.de\/pt\/wp-json\/wp\/v2\/product\/16857","targetHints":{"allow":["GET"]}}],"collection":[{"href":"https:\/\/america-latina.de\/pt\/wp-json\/wp\/v2\/product"}],"about":[{"href":"https:\/\/america-latina.de\/pt\/wp-json\/wp\/v2\/types\/product"}],"replies":[{"embeddable":true,"href":"https:\/\/america-latina.de\/pt\/wp-json\/wp\/v2\/comments?post=16857"}],"version-history":[{"count":0,"href":"https:\/\/america-latina.de\/pt\/wp-json\/wp\/v2\/product\/16857\/revisions"}],"wp:featuredmedia":[{"embeddable":true,"href":"https:\/\/america-latina.de\/pt\/wp-json\/wp\/v2\/media\/16859"}],"wp:attachment":[{"href":"https:\/\/america-latina.de\/pt\/wp-json\/wp\/v2\/media?parent=16857"}],"wp:term":[{"taxonomy":"product_brand","embeddable":true,"href":"https:\/\/america-latina.de\/pt\/wp-json\/wp\/v2\/product_brand?post=16857"},{"taxonomy":"product_cat","embeddable":true,"href":"https:\/\/america-latina.de\/pt\/wp-json\/wp\/v2\/product_cat?post=16857"},{"taxonomy":"product_tag","embeddable":true,"href":"https:\/\/america-latina.de\/pt\/wp-json\/wp\/v2\/product_tag?post=16857"}],"curies":[{"name":"wp","href":"https:\/\/api.w.org\/{rel}","templated":true}]}}