{"id":16860,"date":"2024-03-25T02:34:03","date_gmt":"2024-03-25T02:34:03","guid":{"rendered":"https:\/\/america-latina.de\/product\/cachaca-velho-barreiro-silver-1l\/"},"modified":"2024-04-21T10:15:08","modified_gmt":"2024-04-21T10:15:08","slug":"cachaca-velho-barreiro-silver-1l","status":"publish","type":"product","link":"https:\/\/america-latina.de\/pt\/product\/cachaca-velho-barreiro-silver-1l\/","title":{"rendered":"Cacha\u00e7a Velho Barreiro Silver &#8211; 1L"},"content":{"rendered":"<p>Velho Barreiro ist als eine der traditionellsten Cacha\u00e7as Brasiliens bekannt. Ihre Qualit\u00e4t und der authentische Geschmack haben ihr Pers\u00f6nlichkeit und Unterscheidung verliehen, was zu internationaler Anerkennung f\u00fchrte.<\/p>\n<p>Heute wird sie pur, in Fruchtcocktails oder in der traditionellen Caipirinha mit Limette in verschiedenen L\u00e4ndern der Welt genossen, wobei sie in den unterschiedlichsten Kulturen aller Kontinente pr\u00e4sent ist.<\/p>\n<p><strong>Produkteigenschaften:<\/strong><\/p>\n<p>Herkunft: Brasilien Alkoholgehalt: 39% Typ: Cacha\u00e7a Material: Glasflasche Volumen: 1L Konsumierbares Produkt: Ja Zutaten: Cacha\u00e7a, Wasser und Zucker. Allergene: Glutenfrei.<\/p>\n<p><strong>Hinweise:<\/strong><\/p>\n<p>Alkohol kann zu chemischer Abh\u00e4ngigkeit f\u00fchren und in \u00dcberma\u00df ernsthafte Gesundheitssch\u00e4den verursachen; Der Verkauf von alkoholischen Getr\u00e4nken an Personen unter 18 Jahren ist verboten; Trinken Sie in Ma\u00dfen.<\/p>","protected":false},"excerpt":{"rendered":"<p>Velho Barreiro ist als eine der traditionellsten Cacha\u00e7as Brasiliens bekannt. Ihre Qualit\u00e4t und der authentische Geschmack haben ihr Pers\u00f6nlichkeit und<\/p>","protected":false},"featured_media":16862,"comment_status":"closed","ping_status":"closed","template":"","meta":[],"product_brand":[],"product_cat":[179,181],"product_tag":[],"class_list":{"0":"post-16860","1":"product","2":"type-product","3":"status-publish","4":"has-post-thumbnail","6":"product_cat-cachaca","7":"product_cat-zuckerrohrschnaps","9":"first","10":"instock","11":"purchasable","12":"product-type-simple"},"_links":{"self":[{"href":"https:\/\/america-latina.de\/pt\/wp-json\/wp\/v2\/product\/16860","targetHints":{"allow":["GET"]}}],"collection":[{"href":"https:\/\/america-latina.de\/pt\/wp-json\/wp\/v2\/product"}],"about":[{"href":"https:\/\/america-latina.de\/pt\/wp-json\/wp\/v2\/types\/product"}],"replies":[{"embeddable":true,"href":"https:\/\/america-latina.de\/pt\/wp-json\/wp\/v2\/comments?post=16860"}],"version-history":[{"count":0,"href":"https:\/\/america-latina.de\/pt\/wp-json\/wp\/v2\/product\/16860\/revisions"}],"wp:featuredmedia":[{"embeddable":true,"href":"https:\/\/america-latina.de\/pt\/wp-json\/wp\/v2\/media\/16862"}],"wp:attachment":[{"href":"https:\/\/america-latina.de\/pt\/wp-json\/wp\/v2\/media?parent=16860"}],"wp:term":[{"taxonomy":"product_brand","embeddable":true,"href":"https:\/\/america-latina.de\/pt\/wp-json\/wp\/v2\/product_brand?post=16860"},{"taxonomy":"product_cat","embeddable":true,"href":"https:\/\/america-latina.de\/pt\/wp-json\/wp\/v2\/product_cat?post=16860"},{"taxonomy":"product_tag","embeddable":true,"href":"https:\/\/america-latina.de\/pt\/wp-json\/wp\/v2\/product_tag?post=16860"}],"curies":[{"name":"wp","href":"https:\/\/api.w.org\/{rel}","templated":true}]}}