{"id":16868,"date":"2024-03-25T02:34:03","date_gmt":"2024-03-25T02:34:03","guid":{"rendered":"https:\/\/america-latina.de\/product\/feijoada\/"},"modified":"2024-03-25T02:35:04","modified_gmt":"2024-03-25T02:35:04","slug":"feijoada","status":"publish","type":"product","link":"https:\/\/america-latina.de\/pt\/product\/feijoada\/","title":{"rendered":"Feijoada"},"content":{"rendered":"<p>600g<\/p>\n<p><strong>Zutaten<\/strong><\/p>\n<p>Feijoada ist das Nationalgericht Brasiliens. Das Wort Feijoada stammt von dem Wort feij\u00e3o, was portugiesisch f\u00fcr Bohnen ist. Feijoada ist ein schwarzer Bohneneintopf, der mit einer Vielzahl von gep\u00f6kelten und ger\u00e4ucherten Schweine- und Rindfleischprodukten wie &#8222;carne-seca&#8220; (D\u00f6rrflesich) bis hin zu ger\u00e4ucherten Schweinerippen zubereitet wird.<\/p>\n<p>&nbsp;<\/p>\n<p>Brennwert469,1667\u00a0kJ (111,6667\u00a0kcal)<\/p>\n<p>Fett5\u00a0g<i class=\"fa fa-angle-right\"><\/i><\/p>\n<p>davon unges\u00e4ttigte Fetts\u00e4uren 2,5 g<\/p>\n<p>Kohlenhydrate 7,5 g<i class=\"fa fa-angle-right\"><\/i><\/p>\n<p>davon Zucker 7,5 g<\/p>\n<p>Eiwei\u00df 9,1667\u00a0g<\/p>\n<p>Salz 1,4983 g<\/p>\n<p>&nbsp;<\/p>\n<p><strong>*allergenen Kennzeichnung<\/strong><\/p>\n<p><em>gem\u00e4\u00df EU-Kennzeichen-Richtlinie:<\/em><\/p>\n<p>&nbsp;<\/p>\n<p><strong>G <\/strong>1*Milch \u00a0 \u00a0 \u00a0 \u00a0 \u00a0 \u00a0 \u00a0 \u00a0 \u00a0 \u00a0 \u00a0 \u00a0 \u00a0 \u00a0 \u00a0 \u00a0 \u00a0 \u00a0 \u00a0 \u00a0 \u00a0 \u00a0 \u00a0 \u00a0 \u00a0 \u00a0 \u00a0 \u00a0 \u00a0 \u00a0 \u00a0 \u00a0<strong>J<\/strong> 5*Senf \u00a0 \u00a0 \u00a0 \u00a0 \u00a0 \u00a0 \u00a0 \u00a0 \u00a0 \u00a0 \u00a0 \u00a0 \u00a0 \u00a0 \u00a0 \u00a0 \u00a0 \u00a0 \u00a0 \u00a0 \u00a0 \u00a0 \u00a0 \u00a0 \u00a0 \u00a0 \u00a0<strong>N<\/strong>\u00a0 10*Weichtiere<\/p>\n<p><strong>C <\/strong>2*Eier \u00a0 \u00a0 \u00a0 \u00a0 \u00a0 \u00a0 \u00a0 \u00a0 \u00a0 \u00a0 \u00a0 \u00a0 \u00a0 \u00a0 \u00a0 \u00a0 \u00a0 \u00a0 \u00a0 \u00a0 \u00a0 \u00a0 \u00a0 \u00a0 \u00a0 \u00a0 \u00a0 \u00a0 \u00a0 \u00a0 \u00a0 \u00a0 \u00a0<strong>M <\/strong>6*Lupine \u00a0 \u00a0 \u00a0 \u00a0 \u00a0 \u00a0 \u00a0 \u00a0 \u00a0 \u00a0 \u00a0 \u00a0 \u00a0 \u00a0 \u00a0 \u00a0 \u00a0 \u00a0 \u00a0 \u00a0 \u00a0 \u00a0 \u00a0 \u00a0<strong>C<\/strong>\u00a0 11*Eier<\/p>\n<p><strong>A <\/strong>3*Weizenmehl \u00a0 \u00a0 \u00a0 \u00a0 \u00a0 \u00a0 \u00a0 \u00a0 \u00a0 \u00a0 \u00a0 \u00a0 \u00a0 \u00a0 \u00a0 \u00a0 \u00a0 \u00a0 \u00a0 \u00a0 \u00a0 \u00a0 \u00a0 \u00a0 \u00a0 <strong>E <\/strong>7*Erdn\u00fcsse \u00a0 \u00a0 \u00a0 \u00a0 \u00a0 \u00a0 \u00a0 \u00a0 \u00a0 \u00a0 \u00a0 \u00a0 \u00a0 \u00a0 \u00a0 \u00a0 \u00a0 \u00a0 \u00a0 \u00a0 \u00a0 \u00a0<strong>\u00a0F<\/strong> 12*Soja<\/p>\n<p><strong>D <\/strong>4*Fisch \u00a0 \u00a0 \u00a0 \u00a0 \u00a0 \u00a0 \u00a0 \u00a0 \u00a0 \u00a0 \u00a0 \u00a0 \u00a0 \u00a0 \u00a0 \u00a0 \u00a0 \u00a0 \u00a0 \u00a0 \u00a0 \u00a0 \u00a0 \u00a0 \u00a0 \u00a0 \u00a0 \u00a0 \u00a0 \u00a0 \u00a0 <strong>H <\/strong>8*Schalenfr\u00fcchte (N\u00fcsse)\u00a0 \u00a0 \u00a0 \u00a0 \u00a0 \u00a0 \u00a0 \u00a0 \u00a0 \u00a0<strong>I<\/strong>\u00a013*Sellerie<\/p>\n<p><strong>B <\/strong>5*Krebstiere \u00a0 \u00a0 \u00a0 \u00a0 \u00a0 \u00a0 \u00a0 \u00a0 \u00a0 \u00a0 \u00a0 \u00a0 \u00a0 \u00a0 \u00a0 \u00a0 \u00a0 \u00a0 \u00a0 \u00a0 \u00a0 \u00a0 \u00a0 \u00a0 \u00a0 \u00a0 \u00a0<strong>\u00a0K <\/strong>9*Sesam \u00a0 \u00a0 \u00a0 \u00a0 \u00a0 \u00a0 \u00a0 \u00a0 \u00a0 \u00a0 \u00a0 \u00a0 \u00a0 \u00a0 \u00a0 \u00a0 \u00a0 \u00a0 \u00a0 \u00a0 \u00a0 \u00a0 \u00a0 \u00a0 <strong>L<\/strong> 14*Sulfit\/Schwefeldioxid<\/p>\n<p>&nbsp;<\/p>\n<p>&nbsp;<\/p>\n<p>Hinweise f\u00fcr Allergiker:<\/p>\n<p>&nbsp;<\/p>\n<p><strong>A<\/strong>3*Weizenmehl<\/p>","protected":false},"excerpt":{"rendered":"<p>600g Zutaten Feijoada ist das Nationalgericht Brasiliens. Das Wort Feijoada stammt von dem Wort feij\u00e3o, was portugiesisch f\u00fcr Bohnen ist.<\/p>","protected":false},"featured_media":16870,"comment_status":"closed","ping_status":"open","template":"","meta":[],"product_brand":[],"product_cat":[187],"product_tag":[],"class_list":{"0":"post-16868","1":"product","2":"type-product","3":"status-publish","4":"has-post-thumbnail","6":"product_cat-bestseller","8":"first","9":"instock","10":"purchasable","11":"product-type-simple"},"_links":{"self":[{"href":"https:\/\/america-latina.de\/pt\/wp-json\/wp\/v2\/product\/16868","targetHints":{"allow":["GET"]}}],"collection":[{"href":"https:\/\/america-latina.de\/pt\/wp-json\/wp\/v2\/product"}],"about":[{"href":"https:\/\/america-latina.de\/pt\/wp-json\/wp\/v2\/types\/product"}],"replies":[{"embeddable":true,"href":"https:\/\/america-latina.de\/pt\/wp-json\/wp\/v2\/comments?post=16868"}],"version-history":[{"count":0,"href":"https:\/\/america-latina.de\/pt\/wp-json\/wp\/v2\/product\/16868\/revisions"}],"wp:featuredmedia":[{"embeddable":true,"href":"https:\/\/america-latina.de\/pt\/wp-json\/wp\/v2\/media\/16870"}],"wp:attachment":[{"href":"https:\/\/america-latina.de\/pt\/wp-json\/wp\/v2\/media?parent=16868"}],"wp:term":[{"taxonomy":"product_brand","embeddable":true,"href":"https:\/\/america-latina.de\/pt\/wp-json\/wp\/v2\/product_brand?post=16868"},{"taxonomy":"product_cat","embeddable":true,"href":"https:\/\/america-latina.de\/pt\/wp-json\/wp\/v2\/product_cat?post=16868"},{"taxonomy":"product_tag","embeddable":true,"href":"https:\/\/america-latina.de\/pt\/wp-json\/wp\/v2\/product_tag?post=16868"}],"curies":[{"name":"wp","href":"https:\/\/api.w.org\/{rel}","templated":true}]}}