{"id":16874,"date":"2024-03-25T02:35:13","date_gmt":"2024-03-25T02:35:13","guid":{"rendered":"https:\/\/america-latina.de\/product\/sazon-bohnengewurz-in-pulverform-60g\/"},"modified":"2024-03-25T02:35:29","modified_gmt":"2024-03-25T02:35:29","slug":"sazon-bohnengewurz-in-pulverform-60g","status":"publish","type":"product","link":"https:\/\/america-latina.de\/pt\/product\/sazon-bohnengewurz-in-pulverform-60g\/","title":{"rendered":"SAZ\u00d3N\u00ae Bohnengew\u00fcrz in Pulverform &#8211; 60G"},"content":{"rendered":"<p>60g-Packung mit 12 Einheiten zu je 5g.<\/p>\n<p>Das hausgemachte Essen wird noch besser und appetitlicher mit Saz\u00f3n! Eine Kombination aus Gew\u00fcrzen, Farbe, Aroma und Geschmack, die Ihren Gerichten den Touch eines wahren Chefs verleiht! Hergestellt mit Zutaten h\u00f6chster Qualit\u00e4t, ist das SAZ\u00d3N\u00ae Gew\u00fcrz f\u00fcr Bohnen perfekt zum Zubereiten von Hackfleisch, gemahlenem Fleisch, Braten, F\u00fcllungen, Risottos und vielem mehr.<\/p>\n<p>Mit einer einzigartigen Formel, die sich leicht im Topf aufl\u00f6st, verleiht dieses Gew\u00fcrz Ihrem Essen eine sch\u00f6ne rote Farbe und einen Geschmack, der nach mehr verlangt! Was warten Sie noch? Machen Sie Ihre Gerichte noch attraktiver, k\u00f6stlicher und mit einer hausgemachten Note, auf schnelle und einfache Weise mit Saz\u00f3n!<\/p>\n<p>Ajinomoto Tipp Verwenden Sie das SAZ\u00d3N\u00ae Gew\u00fcrz f\u00fcr Bohnen, um Paniermehl f\u00fcr panierte Speisen und Teige f\u00fcr Torten, Snacks und Pizzen zu w\u00fcrzen.<\/p>\n<p><strong>Zutaten<\/strong> Salz, F\u00e4rbemittel, Knoblauch*, Zwiebel*, Oregano*, Petersilie*, Lorbeer*, vorbereitete Gew\u00fcrze aus Knoblauch und Zwiebel, Geschmacksverst\u00e4rker Mononatriumglutamat, Dinatriuminosinat und Dinatriumguanylat. *Lebensmittel behandelt durch Bestrahlungsprozess.<\/p>\n<p><strong>Allergene Enth\u00e4lt:<\/strong> Sojaderivate. Kann Weizen, Milch, Gerste und Ei enthalten. Enth\u00e4lt Gluten.<\/p>\n<p><strong>Konservierung:<\/strong> Verpackung an einem trockenen und luftigen Ort aufbewahren.<\/p>","protected":false},"excerpt":{"rendered":"<p>60g-Packung mit 12 Einheiten zu je 5g. Das hausgemachte Essen wird noch besser und appetitlicher mit Saz\u00f3n! Eine Kombination aus<\/p>","protected":false},"featured_media":16876,"comment_status":"closed","ping_status":"open","template":"","meta":[],"product_brand":[],"product_cat":[198,199],"product_tag":[],"class_list":{"0":"post-16874","1":"product","2":"type-product","3":"status-publish","4":"has-post-thumbnail","6":"product_cat-brasilianische-produkte","7":"product_cat-trockensortiment","9":"first","10":"instock","11":"purchasable","12":"product-type-simple"},"_links":{"self":[{"href":"https:\/\/america-latina.de\/pt\/wp-json\/wp\/v2\/product\/16874","targetHints":{"allow":["GET"]}}],"collection":[{"href":"https:\/\/america-latina.de\/pt\/wp-json\/wp\/v2\/product"}],"about":[{"href":"https:\/\/america-latina.de\/pt\/wp-json\/wp\/v2\/types\/product"}],"replies":[{"embeddable":true,"href":"https:\/\/america-latina.de\/pt\/wp-json\/wp\/v2\/comments?post=16874"}],"version-history":[{"count":0,"href":"https:\/\/america-latina.de\/pt\/wp-json\/wp\/v2\/product\/16874\/revisions"}],"wp:featuredmedia":[{"embeddable":true,"href":"https:\/\/america-latina.de\/pt\/wp-json\/wp\/v2\/media\/16876"}],"wp:attachment":[{"href":"https:\/\/america-latina.de\/pt\/wp-json\/wp\/v2\/media?parent=16874"}],"wp:term":[{"taxonomy":"product_brand","embeddable":true,"href":"https:\/\/america-latina.de\/pt\/wp-json\/wp\/v2\/product_brand?post=16874"},{"taxonomy":"product_cat","embeddable":true,"href":"https:\/\/america-latina.de\/pt\/wp-json\/wp\/v2\/product_cat?post=16874"},{"taxonomy":"product_tag","embeddable":true,"href":"https:\/\/america-latina.de\/pt\/wp-json\/wp\/v2\/product_tag?post=16874"}],"curies":[{"name":"wp","href":"https:\/\/api.w.org\/{rel}","templated":true}]}}