{"id":16877,"date":"2024-03-25T02:35:13","date_gmt":"2024-03-25T02:35:13","guid":{"rendered":"https:\/\/america-latina.de\/product\/sazon-gewurzpulver-fur-reis-60g\/"},"modified":"2024-03-25T02:35:34","modified_gmt":"2024-03-25T02:35:34","slug":"sazon-gewurzpulver-fur-reis-60g","status":"publish","type":"product","link":"https:\/\/america-latina.de\/pt\/product\/sazon-gewurzpulver-fur-reis-60g\/","title":{"rendered":"Saz\u00f3n\u00ae Gew\u00fcrzpulver f\u00fcr Reis &#8211; 60G"},"content":{"rendered":"<p>60g-Packung mit 12 Einheiten \u00e0 5g.<\/p>\n<p>Das hausgemachte Essen wird mit Saz\u00f3n noch besser und appetitlicher! Eine Kombination aus Gew\u00fcrzen, Farbe, Aroma und Geschmack, die Ihren Gerichten den Touch eines echten Chefs verleiht! Hergestellt aus hochwertigen Zutaten, ist das SAZ\u00d3N\u00ae Gew\u00fcrzpulver f\u00fcr Reis perfekt f\u00fcr die Zubereitung von Hackfleisch, gebratenem Fleisch, F\u00fcllungen, Risottos und vielem mehr.<\/p>\n<p>Mit einer einzigartigen Formel, die sich leicht in der Pfanne aufl\u00f6st, verleiht dieses Gew\u00fcrz Ihrem Essen eine sch\u00f6ne rote Farbe und einen unwiderstehlichen Geschmack! Worauf warten Sie noch? Machen Sie Ihre Gerichte noch attraktiver, k\u00f6stlicher und mit einem hausgemachten Touch, schnell und einfach mit Saz\u00f3n!<\/p>\n<p><strong>Zutaten:<\/strong> Salz, Knoblauch*, Zwiebel*, Oregano*, Petersilie*, Lorbeer*, vorbereitetes Knoblauchgew\u00fcrz, pflanzliches Fett, vorbereitetes Zwiebelgew\u00fcrz, Geschmacksverst\u00e4rker Mononatriumglutamat, Dinatriuminosinat und Dinatriumguanylat und Antiklumpmittel Tricalciumphosphat. *Lebensmittel, die durch Bestrahlung behandelt wurden.<\/p>\n<p><strong>Allergene:<\/strong> Enth\u00e4lt Sojaderivate. Kann Weizen, Milch, Gerste und Ei enthalten. Enth\u00e4lt Gluten.<\/p>\n<p><strong>Aufbewahrung:<\/strong> Die Verpackung an einem trockenen und luftigen Ort aufbewahren.<\/p>","protected":false},"excerpt":{"rendered":"<p>60g-Packung mit 12 Einheiten \u00e0 5g. Das hausgemachte Essen wird mit Saz\u00f3n noch besser und appetitlicher! Eine Kombination aus Gew\u00fcrzen,<\/p>","protected":false},"featured_media":16879,"comment_status":"closed","ping_status":"open","template":"","meta":[],"product_brand":[],"product_cat":[198,199],"product_tag":[],"class_list":{"0":"post-16877","1":"product","2":"type-product","3":"status-publish","4":"has-post-thumbnail","6":"product_cat-brasilianische-produkte","7":"product_cat-trockensortiment","9":"first","10":"instock","11":"purchasable","12":"product-type-simple"},"_links":{"self":[{"href":"https:\/\/america-latina.de\/pt\/wp-json\/wp\/v2\/product\/16877","targetHints":{"allow":["GET"]}}],"collection":[{"href":"https:\/\/america-latina.de\/pt\/wp-json\/wp\/v2\/product"}],"about":[{"href":"https:\/\/america-latina.de\/pt\/wp-json\/wp\/v2\/types\/product"}],"replies":[{"embeddable":true,"href":"https:\/\/america-latina.de\/pt\/wp-json\/wp\/v2\/comments?post=16877"}],"version-history":[{"count":0,"href":"https:\/\/america-latina.de\/pt\/wp-json\/wp\/v2\/product\/16877\/revisions"}],"wp:featuredmedia":[{"embeddable":true,"href":"https:\/\/america-latina.de\/pt\/wp-json\/wp\/v2\/media\/16879"}],"wp:attachment":[{"href":"https:\/\/america-latina.de\/pt\/wp-json\/wp\/v2\/media?parent=16877"}],"wp:term":[{"taxonomy":"product_brand","embeddable":true,"href":"https:\/\/america-latina.de\/pt\/wp-json\/wp\/v2\/product_brand?post=16877"},{"taxonomy":"product_cat","embeddable":true,"href":"https:\/\/america-latina.de\/pt\/wp-json\/wp\/v2\/product_cat?post=16877"},{"taxonomy":"product_tag","embeddable":true,"href":"https:\/\/america-latina.de\/pt\/wp-json\/wp\/v2\/product_tag?post=16877"}],"curies":[{"name":"wp","href":"https:\/\/api.w.org\/{rel}","templated":true}]}}