{"id":16880,"date":"2024-03-25T02:35:13","date_gmt":"2024-03-25T02:35:13","guid":{"rendered":"https:\/\/america-latina.de\/product\/knoblauchsauce-cepera-150ml\/"},"modified":"2024-03-25T02:35:39","modified_gmt":"2024-03-25T02:35:39","slug":"knoblauchsauce-cepera-150ml","status":"publish","type":"product","link":"https:\/\/america-latina.de\/pt\/product\/knoblauchsauce-cepera-150ml\/","title":{"rendered":"Knoblauchsauce Cep\u00eara &#8211; 150ml"},"content":{"rendered":"<p>Die Knoblauchsauce passt sehr gut zu Snacks und Grillgerichten!<\/p>\n<p>Zutaten: Wasser, Knoblauch, Essig, modifizierte St\u00e4rke, Salz, Konservierungsmittel Natriumbenzoat, S\u00e4uerungsmittel Zitronens\u00e4ure und Farbstoff Titandioxid.<\/p>\n<p>Enth\u00e4lt kein Gluten.<\/p>\n<p><strong>Allergikerhinweis: Enth\u00e4lt Soja.<\/strong><\/p>","protected":false},"excerpt":{"rendered":"<p>Die Knoblauchsauce passt sehr gut zu Snacks und Grillgerichten! Zutaten: Wasser, Knoblauch, Essig, modifizierte St\u00e4rke, Salz, Konservierungsmittel Natriumbenzoat, S\u00e4uerungsmittel Zitronens\u00e4ure<\/p>","protected":false},"featured_media":16882,"comment_status":"closed","ping_status":"open","template":"","meta":[],"product_brand":[],"product_cat":[198,199],"product_tag":[],"class_list":{"0":"post-16880","1":"product","2":"type-product","3":"status-publish","4":"has-post-thumbnail","6":"product_cat-brasilianische-produkte","7":"product_cat-trockensortiment","9":"first","10":"instock","11":"purchasable","12":"product-type-simple"},"_links":{"self":[{"href":"https:\/\/america-latina.de\/pt\/wp-json\/wp\/v2\/product\/16880","targetHints":{"allow":["GET"]}}],"collection":[{"href":"https:\/\/america-latina.de\/pt\/wp-json\/wp\/v2\/product"}],"about":[{"href":"https:\/\/america-latina.de\/pt\/wp-json\/wp\/v2\/types\/product"}],"replies":[{"embeddable":true,"href":"https:\/\/america-latina.de\/pt\/wp-json\/wp\/v2\/comments?post=16880"}],"version-history":[{"count":0,"href":"https:\/\/america-latina.de\/pt\/wp-json\/wp\/v2\/product\/16880\/revisions"}],"wp:featuredmedia":[{"embeddable":true,"href":"https:\/\/america-latina.de\/pt\/wp-json\/wp\/v2\/media\/16882"}],"wp:attachment":[{"href":"https:\/\/america-latina.de\/pt\/wp-json\/wp\/v2\/media?parent=16880"}],"wp:term":[{"taxonomy":"product_brand","embeddable":true,"href":"https:\/\/america-latina.de\/pt\/wp-json\/wp\/v2\/product_brand?post=16880"},{"taxonomy":"product_cat","embeddable":true,"href":"https:\/\/america-latina.de\/pt\/wp-json\/wp\/v2\/product_cat?post=16880"},{"taxonomy":"product_tag","embeddable":true,"href":"https:\/\/america-latina.de\/pt\/wp-json\/wp\/v2\/product_tag?post=16880"}],"curies":[{"name":"wp","href":"https:\/\/api.w.org\/{rel}","templated":true}]}}