{"id":16883,"date":"2024-03-25T02:35:13","date_gmt":"2024-03-25T02:35:13","guid":{"rendered":"https:\/\/america-latina.de\/product\/churros-simplex\/"},"modified":"2024-03-25T02:35:43","modified_gmt":"2024-03-25T02:35:43","slug":"churros-simplex","status":"publish","type":"product","link":"https:\/\/america-latina.de\/pt\/product\/churros-simplex\/","title":{"rendered":"Churros Simplex"},"content":{"rendered":"<p>Entdecken Sie die perfekte Balance zwischen Knusprigkeit und Zartheit unserer Mini-Churros ohne F\u00fcllung. Jeder Churro bietet ein einzigartiges und k\u00f6stliches Erlebnis. Sie erhalten etwa 25 Mini-Churros pro 500g.<\/p>\n<p>Gr\u00f6\u00dfe pro Einheit: 43 mm Gewicht pro Einheit: 35g<\/p>\n<p><strong>Zubereitung:<\/strong><\/p>\n<p>Unsere Snacks werden bereits frittiert und gefroren geliefert, bereit zum Backen im Ofen oder in der Hei\u00dfluftfritteuse. In nur 15-18 Minuten bei 180 Grad haben Sie den authentischen Geschmack von BraZuKaS auf Ihrem Tisch.<\/p>\n<p><strong>Hinweise:<\/strong><\/p>\n<p>Um die Qualit\u00e4t dieses Produkts zu gew\u00e4hrleisten, empfehlen wir, es sofort im Gefrierschrank oder Tiefk\u00fchler aufzubewahren. Im Gefrierschrank bei -18\u00b0C oder k\u00e4lter, im Tiefk\u00fchler bei -4\u00b0C aufbewahren; Nach dem \u00d6ffnen der Verpackung betr\u00e4gt die maximale Haltbarkeit sechs Monate. Die geschlossene Verpackung ist bis zu einem Jahr haltbar; Nach dem Auftauen des Produkts sollte es nicht wieder eingefroren, sondern am selben Tag verwendet werden.<\/p>\n<p>&nbsp;<\/p>\n<p>&nbsp;<\/p>\n<p><strong>*allergenen Kennzeichnung<\/strong><\/p>\n<p><em>gem\u00e4\u00df EU-Kennzeichen-Richtlinie:<\/em><\/p>\n<p>&nbsp;<\/p>\n<p><strong>G <\/strong>1*Milch \u00a0 \u00a0 \u00a0 \u00a0 \u00a0 \u00a0 \u00a0 \u00a0 \u00a0 \u00a0 \u00a0 \u00a0 \u00a0 \u00a0 \u00a0 \u00a0 \u00a0 \u00a0 \u00a0 \u00a0 \u00a0 \u00a0 \u00a0 \u00a0 \u00a0 \u00a0 \u00a0 \u00a0 \u00a0 \u00a0 \u00a0 \u00a0<strong>J<\/strong> 5*Senf \u00a0 \u00a0 \u00a0 \u00a0 \u00a0 \u00a0 \u00a0 \u00a0 \u00a0 \u00a0 \u00a0 \u00a0 \u00a0 \u00a0 \u00a0 \u00a0 \u00a0 \u00a0 \u00a0 \u00a0 \u00a0 \u00a0 \u00a0 \u00a0 \u00a0 \u00a0 \u00a0<strong>N<\/strong>\u00a0 10*Weichtiere<\/p>\n<p><strong>C <\/strong>2*Eier \u00a0 \u00a0 \u00a0 \u00a0 \u00a0 \u00a0 \u00a0 \u00a0 \u00a0 \u00a0 \u00a0 \u00a0 \u00a0 \u00a0 \u00a0 \u00a0 \u00a0 \u00a0 \u00a0 \u00a0 \u00a0 \u00a0 \u00a0 \u00a0 \u00a0 \u00a0 \u00a0 \u00a0 \u00a0 \u00a0 \u00a0 \u00a0 \u00a0<strong>M <\/strong>6*Lupine \u00a0 \u00a0 \u00a0 \u00a0 \u00a0 \u00a0 \u00a0 \u00a0 \u00a0 \u00a0 \u00a0 \u00a0 \u00a0 \u00a0 \u00a0 \u00a0 \u00a0 \u00a0 \u00a0 \u00a0 \u00a0 \u00a0 \u00a0 \u00a0<strong>C<\/strong>\u00a0 11*Eier<\/p>\n<p><strong>A <\/strong>3*Weizenmehl \u00a0 \u00a0 \u00a0 \u00a0 \u00a0 \u00a0 \u00a0 \u00a0 \u00a0 \u00a0 \u00a0 \u00a0 \u00a0 \u00a0 \u00a0 \u00a0 \u00a0 \u00a0 \u00a0 \u00a0 \u00a0 \u00a0 \u00a0 \u00a0 \u00a0 <strong>E <\/strong>7*Erdn\u00fcsse \u00a0 \u00a0 \u00a0 \u00a0 \u00a0 \u00a0 \u00a0 \u00a0 \u00a0 \u00a0 \u00a0 \u00a0 \u00a0 \u00a0 \u00a0 \u00a0 \u00a0 \u00a0 \u00a0 \u00a0 \u00a0 \u00a0<strong>\u00a0F<\/strong> 12*Soja<\/p>\n<p><strong>D <\/strong>4*Fisch \u00a0 \u00a0 \u00a0 \u00a0 \u00a0 \u00a0 \u00a0 \u00a0 \u00a0 \u00a0 \u00a0 \u00a0 \u00a0 \u00a0 \u00a0 \u00a0 \u00a0 \u00a0 \u00a0 \u00a0 \u00a0 \u00a0 \u00a0 \u00a0 \u00a0 \u00a0 \u00a0 \u00a0 \u00a0 \u00a0 \u00a0 <strong>H <\/strong>8*Schalenfr\u00fcchte (N\u00fcsse)\u00a0 \u00a0 \u00a0 \u00a0 \u00a0 \u00a0 \u00a0 \u00a0 \u00a0 \u00a0<strong>I<\/strong>\u00a013*Sellerie<\/p>\n<p><strong>B <\/strong>5*Krebstiere \u00a0 \u00a0 \u00a0 \u00a0 \u00a0 \u00a0 \u00a0 \u00a0 \u00a0 \u00a0 \u00a0 \u00a0 \u00a0 \u00a0 \u00a0 \u00a0 \u00a0 \u00a0 \u00a0 \u00a0 \u00a0 \u00a0 \u00a0 \u00a0 \u00a0 \u00a0 \u00a0<strong>\u00a0K <\/strong>9*Sesam \u00a0 \u00a0 \u00a0 \u00a0 \u00a0 \u00a0 \u00a0 \u00a0 \u00a0 \u00a0 \u00a0 \u00a0 \u00a0 \u00a0 \u00a0 \u00a0 \u00a0 \u00a0 \u00a0 \u00a0 \u00a0 \u00a0 \u00a0 \u00a0 <strong>L<\/strong> 14*Sulfit\/Schwefeldioxid<\/p>\n<p>&nbsp;<\/p>\n<p>&nbsp;<\/p>\n<p>Hinweise f\u00fcr Allergiker:<\/p>\n<p><strong>G<\/strong>1*Milch<\/p>\n<p><strong>A<\/strong>3*Weizenmehl<\/p>","protected":false},"excerpt":{"rendered":"<p>Entdecken Sie die perfekte Balance zwischen Knusprigkeit und Zartheit unserer Mini-Churros ohne F\u00fcllung. Jeder Churro bietet ein einzigartiges und k\u00f6stliches<\/p>","protected":false},"featured_media":16885,"comment_status":"closed","ping_status":"open","template":"","meta":[],"product_brand":[],"product_cat":[184],"product_tag":[],"class_list":{"0":"post-16883","1":"product","2":"type-product","3":"status-publish","4":"has-post-thumbnail","6":"product_cat-churros","8":"first","9":"instock","10":"purchasable","11":"product-type-simple"},"_links":{"self":[{"href":"https:\/\/america-latina.de\/pt\/wp-json\/wp\/v2\/product\/16883","targetHints":{"allow":["GET"]}}],"collection":[{"href":"https:\/\/america-latina.de\/pt\/wp-json\/wp\/v2\/product"}],"about":[{"href":"https:\/\/america-latina.de\/pt\/wp-json\/wp\/v2\/types\/product"}],"replies":[{"embeddable":true,"href":"https:\/\/america-latina.de\/pt\/wp-json\/wp\/v2\/comments?post=16883"}],"version-history":[{"count":0,"href":"https:\/\/america-latina.de\/pt\/wp-json\/wp\/v2\/product\/16883\/revisions"}],"wp:featuredmedia":[{"embeddable":true,"href":"https:\/\/america-latina.de\/pt\/wp-json\/wp\/v2\/media\/16885"}],"wp:attachment":[{"href":"https:\/\/america-latina.de\/pt\/wp-json\/wp\/v2\/media?parent=16883"}],"wp:term":[{"taxonomy":"product_brand","embeddable":true,"href":"https:\/\/america-latina.de\/pt\/wp-json\/wp\/v2\/product_brand?post=16883"},{"taxonomy":"product_cat","embeddable":true,"href":"https:\/\/america-latina.de\/pt\/wp-json\/wp\/v2\/product_cat?post=16883"},{"taxonomy":"product_tag","embeddable":true,"href":"https:\/\/america-latina.de\/pt\/wp-json\/wp\/v2\/product_tag?post=16883"}],"curies":[{"name":"wp","href":"https:\/\/api.w.org\/{rel}","templated":true}]}}