{"id":16886,"date":"2024-03-25T02:35:13","date_gmt":"2024-03-25T02:35:13","guid":{"rendered":"https:\/\/america-latina.de\/product\/palmenherzen-800-g\/"},"modified":"2024-03-25T02:35:45","modified_gmt":"2024-03-25T02:35:45","slug":"palmenherzen-800-g","status":"publish","type":"product","link":"https:\/\/america-latina.de\/pt\/product\/palmenherzen-800-g\/","title":{"rendered":"Palmenherzen &#8211; 800 g"},"content":{"rendered":"<p>Palmenherzen eignen sich besonders gut f\u00fcr Pizza und Salate oder einfach zum alleinigen Verzehr. Die Palmenherzen von Hellriegel sind bekannt daf\u00fcr, dass sie k\u00f6stliche Rezepte bereichern, dank ihrer Vielseitigkeit. Dar\u00fcber hinaus enthalten sie hervorragende Eigenschaften, die verschiedene gesundheitliche Vorteile bieten.<\/p>\n<p>Entdecken Sie den wahren Geschmack der Natur mit diesem kulinarischen Schatz, der das Beste der brasilianischen Flora auf Ihren Tisch bringt.<\/p>\n<p><strong>Verpackung mit 800g.<\/strong><\/p>\n<p><strong>Zutaten:<\/strong> Palmenherz, Wasser, Salz, S\u00e4uerungsmittel: Zitronens\u00e4ure.<\/p>\n<p><strong>Lagerung:<\/strong> K\u00fchl und trocken lagern.<\/p>","protected":false},"excerpt":{"rendered":"<p>Palmenherzen eignen sich besonders gut f\u00fcr Pizza und Salate oder einfach zum alleinigen Verzehr. Die Palmenherzen von Hellriegel sind bekannt<\/p>","protected":false},"featured_media":16888,"comment_status":"closed","ping_status":"open","template":"","meta":[],"product_brand":[],"product_cat":[198,201],"product_tag":[],"class_list":{"0":"post-16886","1":"product","2":"type-product","3":"status-publish","4":"has-post-thumbnail","6":"product_cat-brasilianische-produkte","7":"product_cat-palmenherzen","9":"first","10":"instock","11":"purchasable","12":"product-type-simple"},"_links":{"self":[{"href":"https:\/\/america-latina.de\/pt\/wp-json\/wp\/v2\/product\/16886","targetHints":{"allow":["GET"]}}],"collection":[{"href":"https:\/\/america-latina.de\/pt\/wp-json\/wp\/v2\/product"}],"about":[{"href":"https:\/\/america-latina.de\/pt\/wp-json\/wp\/v2\/types\/product"}],"replies":[{"embeddable":true,"href":"https:\/\/america-latina.de\/pt\/wp-json\/wp\/v2\/comments?post=16886"}],"version-history":[{"count":0,"href":"https:\/\/america-latina.de\/pt\/wp-json\/wp\/v2\/product\/16886\/revisions"}],"wp:featuredmedia":[{"embeddable":true,"href":"https:\/\/america-latina.de\/pt\/wp-json\/wp\/v2\/media\/16888"}],"wp:attachment":[{"href":"https:\/\/america-latina.de\/pt\/wp-json\/wp\/v2\/media?parent=16886"}],"wp:term":[{"taxonomy":"product_brand","embeddable":true,"href":"https:\/\/america-latina.de\/pt\/wp-json\/wp\/v2\/product_brand?post=16886"},{"taxonomy":"product_cat","embeddable":true,"href":"https:\/\/america-latina.de\/pt\/wp-json\/wp\/v2\/product_cat?post=16886"},{"taxonomy":"product_tag","embeddable":true,"href":"https:\/\/america-latina.de\/pt\/wp-json\/wp\/v2\/product_tag?post=16886"}],"curies":[{"name":"wp","href":"https:\/\/api.w.org\/{rel}","templated":true}]}}