{"id":16889,"date":"2024-03-25T02:35:13","date_gmt":"2024-03-25T02:35:13","guid":{"rendered":"https:\/\/america-latina.de\/product\/chimarrao-set-promate\/"},"modified":"2024-03-25T02:35:47","modified_gmt":"2024-03-25T02:35:47","slug":"chimarrao-set-promate","status":"publish","type":"product","link":"https:\/\/america-latina.de\/pt\/product\/chimarrao-set-promate\/","title":{"rendered":"Chimarr\u00e3o-Set &#8211; Promate"},"content":{"rendered":"<p>Das Chimarr\u00e3o-Set von PROMATE besteht aus einer Cuia (der Mate-Becher ist eine nat\u00fcrlich gewachsene Kalebasse), einer Bomba (Trinkrohr) und einem Metallst\u00e4nder.<\/p>\n<p>Bitte beachten Sie, dass es sich um ein Naturprodukt handelt und dass Farbe und Gr\u00f6\u00dfe im Vergleich zum Foto leicht variieren k\u00f6nnen. Au\u00dferdem wird das Innere der Kalebasse nach dem Trinken von Mate-Tee verf\u00e4rbt, da sich der Tee in den Poren der Kalebasse absetzt. Dies ist ein nat\u00fcrlicher Prozess, der auch die Festigkeit der Cuia erh\u00f6ht, da er vorhandene Risse versiegelt.<\/p>","protected":false},"excerpt":{"rendered":"<p>Das Chimarr\u00e3o-Set von PROMATE besteht aus einer Cuia (der Mate-Becher ist eine nat\u00fcrlich gewachsene Kalebasse), einer Bomba (Trinkrohr) und einem<\/p>","protected":false},"featured_media":16891,"comment_status":"closed","ping_status":"open","template":"","meta":[],"product_brand":[],"product_cat":[198,199],"product_tag":[],"class_list":{"0":"post-16889","1":"product","2":"type-product","3":"status-publish","4":"has-post-thumbnail","6":"product_cat-brasilianische-produkte","7":"product_cat-trockensortiment","9":"first","10":"instock","11":"purchasable","12":"product-type-simple"},"_links":{"self":[{"href":"https:\/\/america-latina.de\/pt\/wp-json\/wp\/v2\/product\/16889","targetHints":{"allow":["GET"]}}],"collection":[{"href":"https:\/\/america-latina.de\/pt\/wp-json\/wp\/v2\/product"}],"about":[{"href":"https:\/\/america-latina.de\/pt\/wp-json\/wp\/v2\/types\/product"}],"replies":[{"embeddable":true,"href":"https:\/\/america-latina.de\/pt\/wp-json\/wp\/v2\/comments?post=16889"}],"version-history":[{"count":0,"href":"https:\/\/america-latina.de\/pt\/wp-json\/wp\/v2\/product\/16889\/revisions"}],"wp:featuredmedia":[{"embeddable":true,"href":"https:\/\/america-latina.de\/pt\/wp-json\/wp\/v2\/media\/16891"}],"wp:attachment":[{"href":"https:\/\/america-latina.de\/pt\/wp-json\/wp\/v2\/media?parent=16889"}],"wp:term":[{"taxonomy":"product_brand","embeddable":true,"href":"https:\/\/america-latina.de\/pt\/wp-json\/wp\/v2\/product_brand?post=16889"},{"taxonomy":"product_cat","embeddable":true,"href":"https:\/\/america-latina.de\/pt\/wp-json\/wp\/v2\/product_cat?post=16889"},{"taxonomy":"product_tag","embeddable":true,"href":"https:\/\/america-latina.de\/pt\/wp-json\/wp\/v2\/product_tag?post=16889"}],"curies":[{"name":"wp","href":"https:\/\/api.w.org\/{rel}","templated":true}]}}