{"id":16892,"date":"2024-03-25T02:35:13","date_gmt":"2024-03-25T02:35:13","guid":{"rendered":"https:\/\/america-latina.de\/product\/royal-backpulver-100g\/"},"modified":"2024-03-25T02:35:49","modified_gmt":"2024-03-25T02:35:49","slug":"royal-backpulver-100g","status":"publish","type":"product","link":"https:\/\/america-latina.de\/pt\/product\/royal-backpulver-100g\/","title":{"rendered":"ROYAL Backpulver &#8211; 100g"},"content":{"rendered":"<p>Das Backpulver Royal begleitet seit Generationen Familien und ist immer pr\u00e4sent in den Momenten des Gl\u00fccks in der K\u00fcche. Als absoluter Marktf\u00fchrer ist das Royal Backpulver ideal f\u00fcr das traditionelle Familienrezept, f\u00fcr kreative Momente in der K\u00fcche mit Freunden oder f\u00fcr Profis. Die 100g-Packung mit Schraubverschluss ist praktisch und ein unverzichtbares Element in jeder Speisekammer.<\/p>\n<p>Enth\u00e4lt kein Gluten oder Laktose.<\/p>","protected":false},"excerpt":{"rendered":"<p>Das Backpulver Royal begleitet seit Generationen Familien und ist immer pr\u00e4sent in den Momenten des Gl\u00fccks in der K\u00fcche. Als<\/p>","protected":false},"featured_media":16894,"comment_status":"closed","ping_status":"open","template":"","meta":[],"product_brand":[],"product_cat":[198,199],"product_tag":[],"class_list":{"0":"post-16892","1":"product","2":"type-product","3":"status-publish","4":"has-post-thumbnail","6":"product_cat-brasilianische-produkte","7":"product_cat-trockensortiment","9":"first","10":"instock","11":"purchasable","12":"product-type-simple"},"_links":{"self":[{"href":"https:\/\/america-latina.de\/pt\/wp-json\/wp\/v2\/product\/16892","targetHints":{"allow":["GET"]}}],"collection":[{"href":"https:\/\/america-latina.de\/pt\/wp-json\/wp\/v2\/product"}],"about":[{"href":"https:\/\/america-latina.de\/pt\/wp-json\/wp\/v2\/types\/product"}],"replies":[{"embeddable":true,"href":"https:\/\/america-latina.de\/pt\/wp-json\/wp\/v2\/comments?post=16892"}],"version-history":[{"count":0,"href":"https:\/\/america-latina.de\/pt\/wp-json\/wp\/v2\/product\/16892\/revisions"}],"wp:featuredmedia":[{"embeddable":true,"href":"https:\/\/america-latina.de\/pt\/wp-json\/wp\/v2\/media\/16894"}],"wp:attachment":[{"href":"https:\/\/america-latina.de\/pt\/wp-json\/wp\/v2\/media?parent=16892"}],"wp:term":[{"taxonomy":"product_brand","embeddable":true,"href":"https:\/\/america-latina.de\/pt\/wp-json\/wp\/v2\/product_brand?post=16892"},{"taxonomy":"product_cat","embeddable":true,"href":"https:\/\/america-latina.de\/pt\/wp-json\/wp\/v2\/product_cat?post=16892"},{"taxonomy":"product_tag","embeddable":true,"href":"https:\/\/america-latina.de\/pt\/wp-json\/wp\/v2\/product_tag?post=16892"}],"curies":[{"name":"wp","href":"https:\/\/api.w.org\/{rel}","templated":true}]}}