{"id":16895,"date":"2024-03-25T02:35:13","date_gmt":"2024-03-25T02:35:13","guid":{"rendered":"https:\/\/america-latina.de\/product\/traditioneller-mate-tee-barao-de-cotegipe-500g\/"},"modified":"2024-04-21T10:10:19","modified_gmt":"2024-04-21T10:10:19","slug":"traditioneller-mate-tee-barao-de-cotegipe-500g","status":"publish","type":"product","link":"https:\/\/america-latina.de\/pt\/product\/traditioneller-mate-tee-barao-de-cotegipe-500g\/","title":{"rendered":"Traditioneller Mate-Tee &#8211; Bar\u00e3o de Cotegipe 500g"},"content":{"rendered":"<p>Dieses Produkt wird auf die traditionellste Weise hergestellt, durch einen rotierenden Trockner, was dem Mate-Tee eine intensiv gr\u00fcne Farbe und einen unvergleichlichen Geschmack verleiht. Es ist f\u00fcr diejenigen empfohlen, die einen Chimarr\u00e3o mit traditionellem Geschmack suchen. Vakuumverpackt, um die Frische des Geschmacks und der Farbe des Mate-Tees f\u00fcr bis zu 2 Jahre zu gew\u00e4hrleisten.<\/p>\n<p>Gewicht: 500g<\/p>\n<p>Ohne Zuckerzusatz<\/p>","protected":false},"excerpt":{"rendered":"<p>Dieses Produkt wird auf die traditionellste Weise hergestellt, durch einen rotierenden Trockner, was dem Mate-Tee eine intensiv gr\u00fcne Farbe und<\/p>","protected":false},"featured_media":16897,"comment_status":"closed","ping_status":"closed","template":"","meta":[],"product_brand":[],"product_cat":[187,199],"product_tag":[],"class_list":{"0":"post-16895","1":"product","2":"type-product","3":"status-publish","4":"has-post-thumbnail","6":"product_cat-bestseller","7":"product_cat-trockensortiment","9":"first","10":"instock","11":"purchasable","12":"product-type-simple"},"_links":{"self":[{"href":"https:\/\/america-latina.de\/pt\/wp-json\/wp\/v2\/product\/16895","targetHints":{"allow":["GET"]}}],"collection":[{"href":"https:\/\/america-latina.de\/pt\/wp-json\/wp\/v2\/product"}],"about":[{"href":"https:\/\/america-latina.de\/pt\/wp-json\/wp\/v2\/types\/product"}],"replies":[{"embeddable":true,"href":"https:\/\/america-latina.de\/pt\/wp-json\/wp\/v2\/comments?post=16895"}],"version-history":[{"count":0,"href":"https:\/\/america-latina.de\/pt\/wp-json\/wp\/v2\/product\/16895\/revisions"}],"wp:featuredmedia":[{"embeddable":true,"href":"https:\/\/america-latina.de\/pt\/wp-json\/wp\/v2\/media\/16897"}],"wp:attachment":[{"href":"https:\/\/america-latina.de\/pt\/wp-json\/wp\/v2\/media?parent=16895"}],"wp:term":[{"taxonomy":"product_brand","embeddable":true,"href":"https:\/\/america-latina.de\/pt\/wp-json\/wp\/v2\/product_brand?post=16895"},{"taxonomy":"product_cat","embeddable":true,"href":"https:\/\/america-latina.de\/pt\/wp-json\/wp\/v2\/product_cat?post=16895"},{"taxonomy":"product_tag","embeddable":true,"href":"https:\/\/america-latina.de\/pt\/wp-json\/wp\/v2\/product_tag?post=16895"}],"curies":[{"name":"wp","href":"https:\/\/api.w.org\/{rel}","templated":true}]}}