{"id":16901,"date":"2024-03-25T02:35:13","date_gmt":"2024-03-25T02:35:13","guid":{"rendered":"https:\/\/america-latina.de\/product\/erva-mate-chimarrao-gaucho-500g\/"},"modified":"2024-03-25T02:35:54","modified_gmt":"2024-03-25T02:35:54","slug":"erva-mate-chimarrao-gaucho-500g","status":"publish","type":"product","link":"https:\/\/america-latina.de\/pt\/product\/erva-mate-chimarrao-gaucho-500g\/","title":{"rendered":"Erva-Mate Chimarr\u00e3o Ga\u00facho &#8211; 500g"},"content":{"rendered":"<p>Wissenschaftliche Studien deuten darauf hin, dass Mate-Tee diuretische und verdauungsf\u00f6rdernde Eigenschaften besitzt. Der N\u00e4hrwert von Chimarr\u00e3o ist beachtlich, da er Kohlenhydrate und Proteine enth\u00e4lt und etwa 15% des t\u00e4glichen Bedarfs an Ballaststoffen deckt.<\/p>\n<p>Verf\u00fcgbar in der 500g Verpackung.<\/p>\n<p><strong>Zusammensetzung<\/strong><\/p>\n<p>Gemahlene und im traditionellen Verfahren getrocknete Mate-Bl\u00e4tter; 100% NAT\u00dcRLICH: enth\u00e4lt keine Konservierungsstoffe, Aromen oder k\u00fcnstlichen Farbstoffe.<\/p>\n<p><strong>N\u00e4hrwertangaben<\/strong><\/p>\n<p>Portion von 100g (15 Essl\u00f6ffel)\/1000mL (5 Tassen Tee) Energiewert 101Kcal (5,0%VD) &#8211; Kohlenhydrate 15g (5,0%VD) &#8211; Proteine 2,8g (4,0%VD) &#8211; Gesamtfett 3,3g (6,0%VD) &#8211; Ballaststoffe 3,8g (15,0%VD) &#8211; Natrium 13mg (0,5%VD)<\/p>\n<p>Enth\u00e4lt keine nennenswerte Menge an ges\u00e4ttigten Fetten und Transfetten.<\/p>\n<p>VD= Tageswerte basierend auf einer Di\u00e4t von 2000kcal oder 8400kJ. Ihre Tageswerte k\u00f6nnen je nach Energiebedarf h\u00f6her oder niedriger sein.<\/p>","protected":false},"excerpt":{"rendered":"<p>Wissenschaftliche Studien deuten darauf hin, dass Mate-Tee diuretische und verdauungsf\u00f6rdernde Eigenschaften besitzt. Der N\u00e4hrwert von Chimarr\u00e3o ist beachtlich, da er<\/p>","protected":false},"featured_media":16903,"comment_status":"closed","ping_status":"open","template":"","meta":[],"product_brand":[],"product_cat":[198,199],"product_tag":[],"class_list":{"0":"post-16901","1":"product","2":"type-product","3":"status-publish","4":"has-post-thumbnail","6":"product_cat-brasilianische-produkte","7":"product_cat-trockensortiment","9":"first","10":"instock","11":"purchasable","12":"product-type-simple"},"_links":{"self":[{"href":"https:\/\/america-latina.de\/pt\/wp-json\/wp\/v2\/product\/16901","targetHints":{"allow":["GET"]}}],"collection":[{"href":"https:\/\/america-latina.de\/pt\/wp-json\/wp\/v2\/product"}],"about":[{"href":"https:\/\/america-latina.de\/pt\/wp-json\/wp\/v2\/types\/product"}],"replies":[{"embeddable":true,"href":"https:\/\/america-latina.de\/pt\/wp-json\/wp\/v2\/comments?post=16901"}],"version-history":[{"count":0,"href":"https:\/\/america-latina.de\/pt\/wp-json\/wp\/v2\/product\/16901\/revisions"}],"wp:featuredmedia":[{"embeddable":true,"href":"https:\/\/america-latina.de\/pt\/wp-json\/wp\/v2\/media\/16903"}],"wp:attachment":[{"href":"https:\/\/america-latina.de\/pt\/wp-json\/wp\/v2\/media?parent=16901"}],"wp:term":[{"taxonomy":"product_brand","embeddable":true,"href":"https:\/\/america-latina.de\/pt\/wp-json\/wp\/v2\/product_brand?post=16901"},{"taxonomy":"product_cat","embeddable":true,"href":"https:\/\/america-latina.de\/pt\/wp-json\/wp\/v2\/product_cat?post=16901"},{"taxonomy":"product_tag","embeddable":true,"href":"https:\/\/america-latina.de\/pt\/wp-json\/wp\/v2\/product_tag?post=16901"}],"curies":[{"name":"wp","href":"https:\/\/api.w.org\/{rel}","templated":true}]}}