{"id":16904,"date":"2024-03-25T02:35:13","date_gmt":"2024-03-25T02:35:13","guid":{"rendered":"https:\/\/america-latina.de\/product\/vakuumverpacktes-trockenfleisch-390g\/"},"modified":"2024-03-25T02:35:57","modified_gmt":"2024-03-25T02:35:57","slug":"vakuumverpacktes-trockenfleisch-390g","status":"publish","type":"product","link":"https:\/\/america-latina.de\/pt\/product\/vakuumverpacktes-trockenfleisch-390g\/","title":{"rendered":"Vakuumverpacktes Trockenfleisch- 390g"},"content":{"rendered":"<p>Fleisch trocken, auch als Charque bekannt. Von ausgezeichneter Qualit\u00e4t f\u00fcr Ihre Rezepte wie: Versteck, angerichtete Charque, F\u00fcllung des Couscous, Torten, Farofa und vieles mehr. Vakuumverpacktes Produkt.<\/p>\n<p><strong>Gewicht<\/strong>: 390g.<\/p>","protected":false},"excerpt":{"rendered":"<p>Fleisch trocken, auch als Charque bekannt. Von ausgezeichneter Qualit\u00e4t f\u00fcr Ihre Rezepte wie: Versteck, angerichtete Charque, F\u00fcllung des Couscous, Torten,<\/p>","protected":false},"featured_media":16906,"comment_status":"closed","ping_status":"open","template":"","meta":[],"product_brand":[],"product_cat":[187],"product_tag":[],"class_list":{"0":"post-16904","1":"product","2":"type-product","3":"status-publish","4":"has-post-thumbnail","6":"product_cat-bestseller","8":"first","9":"instock","10":"purchasable","11":"product-type-simple"},"_links":{"self":[{"href":"https:\/\/america-latina.de\/pt\/wp-json\/wp\/v2\/product\/16904","targetHints":{"allow":["GET"]}}],"collection":[{"href":"https:\/\/america-latina.de\/pt\/wp-json\/wp\/v2\/product"}],"about":[{"href":"https:\/\/america-latina.de\/pt\/wp-json\/wp\/v2\/types\/product"}],"replies":[{"embeddable":true,"href":"https:\/\/america-latina.de\/pt\/wp-json\/wp\/v2\/comments?post=16904"}],"version-history":[{"count":0,"href":"https:\/\/america-latina.de\/pt\/wp-json\/wp\/v2\/product\/16904\/revisions"}],"wp:featuredmedia":[{"embeddable":true,"href":"https:\/\/america-latina.de\/pt\/wp-json\/wp\/v2\/media\/16906"}],"wp:attachment":[{"href":"https:\/\/america-latina.de\/pt\/wp-json\/wp\/v2\/media?parent=16904"}],"wp:term":[{"taxonomy":"product_brand","embeddable":true,"href":"https:\/\/america-latina.de\/pt\/wp-json\/wp\/v2\/product_brand?post=16904"},{"taxonomy":"product_cat","embeddable":true,"href":"https:\/\/america-latina.de\/pt\/wp-json\/wp\/v2\/product_cat?post=16904"},{"taxonomy":"product_tag","embeddable":true,"href":"https:\/\/america-latina.de\/pt\/wp-json\/wp\/v2\/product_tag?post=16904"}],"curies":[{"name":"wp","href":"https:\/\/api.w.org\/{rel}","templated":true}]}}