{"id":16907,"date":"2024-03-25T02:35:13","date_gmt":"2024-03-25T02:35:13","guid":{"rendered":"https:\/\/america-latina.de\/product\/camil-weisser-reis-arroz-blanco-1kg\/"},"modified":"2024-03-25T02:35:59","modified_gmt":"2024-03-25T02:35:59","slug":"camil-weisser-reis-arroz-blanco-1kg","status":"publish","type":"product","link":"https:\/\/america-latina.de\/pt\/product\/camil-weisser-reis-arroz-blanco-1kg\/","title":{"rendered":"CAMIL Weisser Reis Arroz Blanco 1kg"},"content":{"rendered":"<p>T\u00e4glich auf den Tischen im ganzen Brasilien zu finden, normalerweise begleitet von einem k\u00f6stlichen und frischen Bohnengericht, ist der wei\u00dfe Reis von Camil bereits Teil der Familie. Als gute Quelle f\u00fcr St\u00e4rke, die Energie f\u00fcr den hektischen Alltag liefert, hat wei\u00dfer Reis einen niedrigen Fettgehalt und ist leicht verdaulich.<\/p>\n<p>Und der Camil Reis ist sehr einfach zuzubereiten, er muss nicht gewaschen werden und bleibt immer sch\u00f6n und locker, da er elektronisch ausgew\u00e4hlt wird. Einfach die Zwiebel anbraten und das ganze Haus duftet nach frisch zubereitetem Reis, den die Familie liebt. Mmmh!<\/p>\n<p>Wussten Sie auch, dass dieser Reis neben glutenfrei zu sein auch Protein in seiner Zusammensetzung hat? Protein ist ein essentieller N\u00e4hrstoff f\u00fcr den Aufbau und die Erhaltung der Muskeln!<\/p>\n<p>100% edle K\u00f6rner Niedriger Fettgehalt Energiequelle Glutenfrei Kein Waschen oder Auslesen erforderlich<\/p>","protected":false},"excerpt":{"rendered":"<p>T\u00e4glich auf den Tischen im ganzen Brasilien zu finden, normalerweise begleitet von einem k\u00f6stlichen und frischen Bohnengericht, ist der wei\u00dfe<\/p>","protected":false},"featured_media":16909,"comment_status":"closed","ping_status":"open","template":"","meta":[],"product_brand":[],"product_cat":[187],"product_tag":[],"class_list":{"0":"post-16907","1":"product","2":"type-product","3":"status-publish","4":"has-post-thumbnail","6":"product_cat-bestseller","8":"first","9":"instock","10":"purchasable","11":"product-type-simple"},"_links":{"self":[{"href":"https:\/\/america-latina.de\/pt\/wp-json\/wp\/v2\/product\/16907","targetHints":{"allow":["GET"]}}],"collection":[{"href":"https:\/\/america-latina.de\/pt\/wp-json\/wp\/v2\/product"}],"about":[{"href":"https:\/\/america-latina.de\/pt\/wp-json\/wp\/v2\/types\/product"}],"replies":[{"embeddable":true,"href":"https:\/\/america-latina.de\/pt\/wp-json\/wp\/v2\/comments?post=16907"}],"version-history":[{"count":0,"href":"https:\/\/america-latina.de\/pt\/wp-json\/wp\/v2\/product\/16907\/revisions"}],"wp:featuredmedia":[{"embeddable":true,"href":"https:\/\/america-latina.de\/pt\/wp-json\/wp\/v2\/media\/16909"}],"wp:attachment":[{"href":"https:\/\/america-latina.de\/pt\/wp-json\/wp\/v2\/media?parent=16907"}],"wp:term":[{"taxonomy":"product_brand","embeddable":true,"href":"https:\/\/america-latina.de\/pt\/wp-json\/wp\/v2\/product_brand?post=16907"},{"taxonomy":"product_cat","embeddable":true,"href":"https:\/\/america-latina.de\/pt\/wp-json\/wp\/v2\/product_cat?post=16907"},{"taxonomy":"product_tag","embeddable":true,"href":"https:\/\/america-latina.de\/pt\/wp-json\/wp\/v2\/product_tag?post=16907"}],"curies":[{"name":"wp","href":"https:\/\/api.w.org\/{rel}","templated":true}]}}