{"id":16910,"date":"2024-03-25T02:35:13","date_gmt":"2024-03-25T02:35:13","guid":{"rendered":"https:\/\/america-latina.de\/product\/dacolonia-bananen-bonbons-bala-de-banana-tradicional-160g\/"},"modified":"2024-04-21T10:11:33","modified_gmt":"2024-04-21T10:11:33","slug":"dacolonia-bananen-bonbons-bala-de-banana-tradicional-160g","status":"publish","type":"product","link":"https:\/\/america-latina.de\/pt\/product\/dacolonia-bananen-bonbons-bala-de-banana-tradicional-160g\/","title":{"rendered":"DACOLONIA Bananen-Bonbons Bala de Banana Tradicional 160g"},"content":{"rendered":"<p><strong>Lagerungshinweisen und Haltbarkeit:<\/strong><\/p>\n<p>Zutaten: Banane und Zucker. Allergene: Enth\u00e4lt kein Gluten. Kann Erdn\u00fcsse enthalten und kann Milch enthalten. Lagerung: An einem trockenen und bel\u00fcfteten Ort lagern, vor Sonne und Feuchtigkeit gesch\u00fctzt, in der Originalverpackung, verschlossen und vor direktem Bodenkontakt gesch\u00fctzt. Haltbarkeit: 12 Monate ab dem Herstellungsdatum.<\/p>","protected":false},"excerpt":{"rendered":"<p>Lagerungshinweisen und Haltbarkeit: Zutaten: Banane und Zucker. Allergene: Enth\u00e4lt kein Gluten. Kann Erdn\u00fcsse enthalten und kann Milch enthalten. Lagerung: An<\/p>","protected":false},"featured_media":16912,"comment_status":"closed","ping_status":"closed","template":"","meta":[],"product_brand":[],"product_cat":[187,198,199],"product_tag":[],"class_list":{"0":"post-16910","1":"product","2":"type-product","3":"status-publish","4":"has-post-thumbnail","6":"product_cat-bestseller","7":"product_cat-brasilianische-produkte","8":"product_cat-trockensortiment","10":"first","11":"instock","12":"purchasable","13":"product-type-simple"},"_links":{"self":[{"href":"https:\/\/america-latina.de\/pt\/wp-json\/wp\/v2\/product\/16910","targetHints":{"allow":["GET"]}}],"collection":[{"href":"https:\/\/america-latina.de\/pt\/wp-json\/wp\/v2\/product"}],"about":[{"href":"https:\/\/america-latina.de\/pt\/wp-json\/wp\/v2\/types\/product"}],"replies":[{"embeddable":true,"href":"https:\/\/america-latina.de\/pt\/wp-json\/wp\/v2\/comments?post=16910"}],"version-history":[{"count":0,"href":"https:\/\/america-latina.de\/pt\/wp-json\/wp\/v2\/product\/16910\/revisions"}],"wp:featuredmedia":[{"embeddable":true,"href":"https:\/\/america-latina.de\/pt\/wp-json\/wp\/v2\/media\/16912"}],"wp:attachment":[{"href":"https:\/\/america-latina.de\/pt\/wp-json\/wp\/v2\/media?parent=16910"}],"wp:term":[{"taxonomy":"product_brand","embeddable":true,"href":"https:\/\/america-latina.de\/pt\/wp-json\/wp\/v2\/product_brand?post=16910"},{"taxonomy":"product_cat","embeddable":true,"href":"https:\/\/america-latina.de\/pt\/wp-json\/wp\/v2\/product_cat?post=16910"},{"taxonomy":"product_tag","embeddable":true,"href":"https:\/\/america-latina.de\/pt\/wp-json\/wp\/v2\/product_tag?post=16910"}],"curies":[{"name":"wp","href":"https:\/\/api.w.org\/{rel}","templated":true}]}}