{"id":16916,"date":"2024-03-25T02:35:13","date_gmt":"2024-03-25T02:35:13","guid":{"rendered":"https:\/\/america-latina.de\/product\/nestle-milch-kekse-passatempo-leite\/"},"modified":"2024-03-25T02:36:10","modified_gmt":"2024-03-25T02:36:10","slug":"nestle-milch-kekse-passatempo-leite","status":"publish","type":"product","link":"https:\/\/america-latina.de\/pt\/product\/nestle-milch-kekse-passatempo-leite\/","title":{"rendered":"NESTL\u00c9 Milch Kekse Passatempo Leite"},"content":{"rendered":"<p>Der PASSATEMPO\u00ae Vollmilchkeks 130g hat einen unverwechselbaren Geschmack. Die wei\u00dfe H\u00fclle und der Milchgeschmack regen die Fantasie der Kinder an.<\/p>\n<p>Zur besseren Aufbewahrung an einem trockenen, k\u00fchlen und geruchsfreien Ort aufbewahren. Nach dem \u00d6ffnen der Verpackung die Kekse in einem trockenen und gut verschlossenen Beh\u00e4lter aufbewahren.<\/p>\n<p><strong>Allergikerhinweis:<\/strong> Enth\u00e4lt Weizenderivate, Milch, Hafer, Roggen und Soja. Kann Gerste enthalten. Enth\u00e4lt Laktose. Enth\u00e4lt Gluten.<\/p>","protected":false},"excerpt":{"rendered":"<p>Der PASSATEMPO\u00ae Vollmilchkeks 130g hat einen unverwechselbaren Geschmack. Die wei\u00dfe H\u00fclle und der Milchgeschmack regen die Fantasie der Kinder an.<\/p>","protected":false},"featured_media":16918,"comment_status":"closed","ping_status":"open","template":"","meta":[],"product_brand":[],"product_cat":[198,199],"product_tag":[],"class_list":{"0":"post-16916","1":"product","2":"type-product","3":"status-publish","4":"has-post-thumbnail","6":"product_cat-brasilianische-produkte","7":"product_cat-trockensortiment","9":"first","10":"instock","11":"purchasable","12":"product-type-simple"},"_links":{"self":[{"href":"https:\/\/america-latina.de\/pt\/wp-json\/wp\/v2\/product\/16916","targetHints":{"allow":["GET"]}}],"collection":[{"href":"https:\/\/america-latina.de\/pt\/wp-json\/wp\/v2\/product"}],"about":[{"href":"https:\/\/america-latina.de\/pt\/wp-json\/wp\/v2\/types\/product"}],"replies":[{"embeddable":true,"href":"https:\/\/america-latina.de\/pt\/wp-json\/wp\/v2\/comments?post=16916"}],"version-history":[{"count":0,"href":"https:\/\/america-latina.de\/pt\/wp-json\/wp\/v2\/product\/16916\/revisions"}],"wp:featuredmedia":[{"embeddable":true,"href":"https:\/\/america-latina.de\/pt\/wp-json\/wp\/v2\/media\/16918"}],"wp:attachment":[{"href":"https:\/\/america-latina.de\/pt\/wp-json\/wp\/v2\/media?parent=16916"}],"wp:term":[{"taxonomy":"product_brand","embeddable":true,"href":"https:\/\/america-latina.de\/pt\/wp-json\/wp\/v2\/product_brand?post=16916"},{"taxonomy":"product_cat","embeddable":true,"href":"https:\/\/america-latina.de\/pt\/wp-json\/wp\/v2\/product_cat?post=16916"},{"taxonomy":"product_tag","embeddable":true,"href":"https:\/\/america-latina.de\/pt\/wp-json\/wp\/v2\/product_tag?post=16916"}],"curies":[{"name":"wp","href":"https:\/\/api.w.org\/{rel}","templated":true}]}}