{"id":16922,"date":"2024-03-25T02:35:13","date_gmt":"2024-03-25T02:35:13","guid":{"rendered":"https:\/\/america-latina.de\/product\/nestle-kekse-passatempo-erdbeere\/"},"modified":"2024-03-25T02:36:16","modified_gmt":"2024-03-25T02:36:16","slug":"nestle-kekse-passatempo-erdbeere","status":"publish","type":"product","link":"https:\/\/america-latina.de\/pt\/product\/nestle-kekse-passatempo-erdbeere\/","title":{"rendered":"NESTL\u00c9 Kekse Passatempo Erdbeere"},"content":{"rendered":"<p>Der\u00a0 NESTL\u00c9\u00a0Erdbeerkeks &#8222;Passatempo de morango&#8220; 130g kombiniert die unverwechselbare wei\u00dfe H\u00fclle mit einem k\u00f6stlichen Erdbeergeschmack, den die Kinder lieben!<\/p>\n<p>Zutaten: Angereichertes Weizenmehl mit Eisen und Fols\u00e4ure, Zucker, pflanzliches Fett, pflanzliches \u00d6l, Erdbeere, Mineralien (Calciumcarbonat und Zinksulfat), resistente Maisst\u00e4rke, St\u00e4rke, Vollmilchpulver, Molkenpulver, Salz, Hafermehl, Roggenmehl, Backtriebmittel Ammoniumbicarbonat, Natriumbicarbonat und Monocalciumphosphat, Aromastoffe, Emulgator Sojalecithin, nat\u00fcrliche Farbstoffe Karmin und Kupferchlorophyllin sowie Farbstoff Caramel III.<\/p>","protected":false},"excerpt":{"rendered":"<p>Der\u00a0 NESTL\u00c9\u00a0Erdbeerkeks &#8222;Passatempo de morango&#8220; 130g kombiniert die unverwechselbare wei\u00dfe H\u00fclle mit einem k\u00f6stlichen Erdbeergeschmack, den die Kinder lieben! Zutaten:<\/p>","protected":false},"featured_media":16924,"comment_status":"closed","ping_status":"open","template":"","meta":[],"product_brand":[],"product_cat":[198,199],"product_tag":[],"class_list":{"0":"post-16922","1":"product","2":"type-product","3":"status-publish","4":"has-post-thumbnail","6":"product_cat-brasilianische-produkte","7":"product_cat-trockensortiment","9":"first","10":"instock","11":"purchasable","12":"product-type-simple"},"_links":{"self":[{"href":"https:\/\/america-latina.de\/pt\/wp-json\/wp\/v2\/product\/16922","targetHints":{"allow":["GET"]}}],"collection":[{"href":"https:\/\/america-latina.de\/pt\/wp-json\/wp\/v2\/product"}],"about":[{"href":"https:\/\/america-latina.de\/pt\/wp-json\/wp\/v2\/types\/product"}],"replies":[{"embeddable":true,"href":"https:\/\/america-latina.de\/pt\/wp-json\/wp\/v2\/comments?post=16922"}],"version-history":[{"count":0,"href":"https:\/\/america-latina.de\/pt\/wp-json\/wp\/v2\/product\/16922\/revisions"}],"wp:featuredmedia":[{"embeddable":true,"href":"https:\/\/america-latina.de\/pt\/wp-json\/wp\/v2\/media\/16924"}],"wp:attachment":[{"href":"https:\/\/america-latina.de\/pt\/wp-json\/wp\/v2\/media?parent=16922"}],"wp:term":[{"taxonomy":"product_brand","embeddable":true,"href":"https:\/\/america-latina.de\/pt\/wp-json\/wp\/v2\/product_brand?post=16922"},{"taxonomy":"product_cat","embeddable":true,"href":"https:\/\/america-latina.de\/pt\/wp-json\/wp\/v2\/product_cat?post=16922"},{"taxonomy":"product_tag","embeddable":true,"href":"https:\/\/america-latina.de\/pt\/wp-json\/wp\/v2\/product_tag?post=16922"}],"curies":[{"name":"wp","href":"https:\/\/api.w.org\/{rel}","templated":true}]}}