{"id":16925,"date":"2024-03-25T02:35:13","date_gmt":"2024-03-25T02:35:13","guid":{"rendered":"https:\/\/america-latina.de\/product\/canjica-de-milho\/"},"modified":"2024-03-25T02:36:21","modified_gmt":"2024-03-25T02:36:21","slug":"canjica-de-milho","status":"publish","type":"product","link":"https:\/\/america-latina.de\/pt\/product\/canjica-de-milho\/","title":{"rendered":"Canjica de milho"},"content":{"rendered":"<p>Die Yoki Maiskanjica ist perfekt f\u00fcr die Zubereitung von &#8222;Mungunz\u00e1&#8220;, einer sehr beliebten brasilianischen S\u00fc\u00dfspeise w\u00e4hrend der Winterfeste (Festa Junina), die im Juni in Brasilien stattfinden. Das Gericht wird mit speziellen K\u00f6rnern aus wei\u00dfem Mais (Kanjica) zubereitet. Der Mais wird weich gekocht mit Kuh- oder Kokosmilch, Zucker, Zimt und Nelken. Weitere Zutaten wie Erdn\u00fcsse und Kondensmilch k\u00f6nnen nach Geschmack hinzugef\u00fcgt werden.<\/p>\n<p><strong>Hinweis zur Lagerung: Trocken und k\u00fchl lagern.<\/strong><\/p>","protected":false},"excerpt":{"rendered":"<p>Die Yoki Maiskanjica ist perfekt f\u00fcr die Zubereitung von &#8222;Mungunz\u00e1&#8220;, einer sehr beliebten brasilianischen S\u00fc\u00dfspeise w\u00e4hrend der Winterfeste (Festa Junina),<\/p>","protected":false},"featured_media":16927,"comment_status":"closed","ping_status":"open","template":"","meta":[],"product_brand":[],"product_cat":[198,199],"product_tag":[],"class_list":{"0":"post-16925","1":"product","2":"type-product","3":"status-publish","4":"has-post-thumbnail","6":"product_cat-brasilianische-produkte","7":"product_cat-trockensortiment","9":"first","10":"instock","11":"purchasable","12":"product-type-simple"},"_links":{"self":[{"href":"https:\/\/america-latina.de\/pt\/wp-json\/wp\/v2\/product\/16925","targetHints":{"allow":["GET"]}}],"collection":[{"href":"https:\/\/america-latina.de\/pt\/wp-json\/wp\/v2\/product"}],"about":[{"href":"https:\/\/america-latina.de\/pt\/wp-json\/wp\/v2\/types\/product"}],"replies":[{"embeddable":true,"href":"https:\/\/america-latina.de\/pt\/wp-json\/wp\/v2\/comments?post=16925"}],"version-history":[{"count":0,"href":"https:\/\/america-latina.de\/pt\/wp-json\/wp\/v2\/product\/16925\/revisions"}],"wp:featuredmedia":[{"embeddable":true,"href":"https:\/\/america-latina.de\/pt\/wp-json\/wp\/v2\/media\/16927"}],"wp:attachment":[{"href":"https:\/\/america-latina.de\/pt\/wp-json\/wp\/v2\/media?parent=16925"}],"wp:term":[{"taxonomy":"product_brand","embeddable":true,"href":"https:\/\/america-latina.de\/pt\/wp-json\/wp\/v2\/product_brand?post=16925"},{"taxonomy":"product_cat","embeddable":true,"href":"https:\/\/america-latina.de\/pt\/wp-json\/wp\/v2\/product_cat?post=16925"},{"taxonomy":"product_tag","embeddable":true,"href":"https:\/\/america-latina.de\/pt\/wp-json\/wp\/v2\/product_tag?post=16925"}],"curies":[{"name":"wp","href":"https:\/\/api.w.org\/{rel}","templated":true}]}}