{"id":16931,"date":"2024-03-25T02:36:26","date_gmt":"2024-03-25T02:36:26","guid":{"rendered":"https:\/\/america-latina.de\/product\/bohemia-puro-malte-bier-300-ml\/"},"modified":"2024-03-25T02:36:26","modified_gmt":"2024-03-25T02:36:26","slug":"bohemia-puro-malte-bier-300-ml","status":"publish","type":"product","link":"https:\/\/america-latina.de\/pt\/product\/bohemia-puro-malte-bier-300-ml\/","title":{"rendered":"Bohemia Puro Malte Bier &#8211; 300 ml"},"content":{"rendered":"<p>Hell, leicht und sehr erfrischend: ein Bier f\u00fcr jeden Anlass. Das Bohemia Puro Malte Bier 300ml ist ein Ausdruck von Qualit\u00e4t und Tradition. Mit ausgew\u00e4hlten Zutaten und einem verfeinerten Herstellungsprozess bietet es ein unvergleichliches Biererlebnis.<\/p>\n<p><strong>Enth\u00e4lt:<\/strong><\/p>\n<p>Allergene Gerste und Gluten<\/p>\n<p><strong>Anmerkungen:<\/strong><\/p>\n<p>Alkoholische Getr\u00e4nke k\u00f6nnen eine chemische Abh\u00e4ngigkeit verursachen und in \u00dcberma\u00df ernsthafte Gesundheitssch\u00e4den hervorrufen; Der Verkauf von alkoholischen Getr\u00e4nken an Personen unter 18 Jahren ist verboten; Trinken Sie in Ma\u00dfen;<\/p>","protected":false},"excerpt":{"rendered":"<p>Hell, leicht und sehr erfrischend: ein Bier f\u00fcr jeden Anlass. Das Bohemia Puro Malte Bier 300ml ist ein Ausdruck von<\/p>","protected":false},"featured_media":16933,"comment_status":"closed","ping_status":"open","template":"","meta":[],"product_brand":[],"product_cat":[185],"product_tag":[],"class_list":{"0":"post-16931","1":"product","2":"type-product","3":"status-publish","4":"has-post-thumbnail","6":"product_cat-getranke","8":"first","9":"instock","10":"purchasable","11":"product-type-simple"},"_links":{"self":[{"href":"https:\/\/america-latina.de\/pt\/wp-json\/wp\/v2\/product\/16931","targetHints":{"allow":["GET"]}}],"collection":[{"href":"https:\/\/america-latina.de\/pt\/wp-json\/wp\/v2\/product"}],"about":[{"href":"https:\/\/america-latina.de\/pt\/wp-json\/wp\/v2\/types\/product"}],"replies":[{"embeddable":true,"href":"https:\/\/america-latina.de\/pt\/wp-json\/wp\/v2\/comments?post=16931"}],"version-history":[{"count":0,"href":"https:\/\/america-latina.de\/pt\/wp-json\/wp\/v2\/product\/16931\/revisions"}],"wp:featuredmedia":[{"embeddable":true,"href":"https:\/\/america-latina.de\/pt\/wp-json\/wp\/v2\/media\/16933"}],"wp:attachment":[{"href":"https:\/\/america-latina.de\/pt\/wp-json\/wp\/v2\/media?parent=16931"}],"wp:term":[{"taxonomy":"product_brand","embeddable":true,"href":"https:\/\/america-latina.de\/pt\/wp-json\/wp\/v2\/product_brand?post=16931"},{"taxonomy":"product_cat","embeddable":true,"href":"https:\/\/america-latina.de\/pt\/wp-json\/wp\/v2\/product_cat?post=16931"},{"taxonomy":"product_tag","embeddable":true,"href":"https:\/\/america-latina.de\/pt\/wp-json\/wp\/v2\/product_tag?post=16931"}],"curies":[{"name":"wp","href":"https:\/\/api.w.org\/{rel}","templated":true}]}}