{"id":16934,"date":"2024-03-25T02:36:26","date_gmt":"2024-03-25T02:36:26","guid":{"rendered":"https:\/\/america-latina.de\/product\/bier-antarctica-original-300ml\/"},"modified":"2024-03-25T02:36:27","modified_gmt":"2024-03-25T02:36:27","slug":"bier-antarctica-original-300ml","status":"publish","type":"product","link":"https:\/\/america-latina.de\/pt\/product\/bier-antarctica-original-300ml\/","title":{"rendered":"Bier Antarctica Original 300ml"},"content":{"rendered":"<div class=\"flex-1 overflow-hidden\">\n<div class=\"react-scroll-to-bottom--css-orufd-79elbk h-full\">\n<div class=\"react-scroll-to-bottom--css-orufd-1n7m0yu\">\n<div class=\"flex flex-col pb-9 text-sm\">\n<div class=\"w-full text-token-text-primary\" data-testid=\"conversation-turn-27\">\n<div class=\"px-4 py-2 justify-center text-base md:gap-6 m-auto\">\n<div class=\"flex flex-1 text-base mx-auto gap-3 md:px-5 lg:px-1 xl:px-5 md:max-w-3xl lg:max-w-[40rem] xl:max-w-[48rem] group final-completion\">\n<div class=\"relative flex w-full flex-col lg:w-[calc(100%-115px)] agent-turn\">\n<div class=\"flex-col gap-1 md:gap-3\">\n<div class=\"flex flex-grow flex-col max-w-full\">\n<div class=\"min-h-[20px] text-message flex flex-col items-start gap-3 whitespace-pre-wrap break-words [.text-message+&amp;]:mt-5 overflow-x-auto\" data-message-author-role=\"assistant\" data-message-id=\"f622465f-5ffb-455b-8d8d-f12045ed2a78\">\n<div class=\"markdown prose w-full break-words dark:prose-invert light\">\n<p>Sie hat einen milden Geschmack mit einer leichten Bitterkeit und einem Hopfenaroma. Die hohe Kohlens\u00e4ure sorgt f\u00fcr Erfrischung und macht sie zu einem der Lieblingsbiere der Brasilianer.<\/p>\n<p>Das Antarctica Original Bier 300ml ist eine wahre Darstellung des klassischen Geschmacks. Mit einer ausgewogenen und erfrischenden Mischung ist jeder Schluck eine Reise durch die einzigartigen Aromen des brasilianischen Bieres.<\/p>\n<p><strong>Enth\u00e4lt:<\/strong><\/p>\n<p>Allergene Gerste und Gluten<\/p>\n<p><strong>Anmerkungen:<\/strong><\/p>\n<p>Alkoholische Getr\u00e4nke k\u00f6nnen eine chemische Abh\u00e4ngigkeit verursachen und in \u00dcberma\u00df ernsthafte Gesundheitssch\u00e4den hervorrufen; Der Verkauf von alkoholischen Getr\u00e4nken an Personen unter 18 Jahren ist verboten; Trinken Sie in Ma\u00dfen;<\/p>\n<\/div>\n<\/div>\n<\/div>\n<\/div>\n<\/div>\n<\/div>\n<\/div>\n<\/div>\n<\/div>\n<\/div>\n<\/div>\n<\/div>","protected":false},"excerpt":{"rendered":"<p>Sie hat einen milden Geschmack mit einer leichten Bitterkeit und einem Hopfenaroma. Die hohe Kohlens\u00e4ure sorgt f\u00fcr Erfrischung und macht<\/p>","protected":false},"featured_media":16936,"comment_status":"closed","ping_status":"open","template":"","meta":[],"product_brand":[],"product_cat":[185],"product_tag":[],"class_list":{"0":"post-16934","1":"product","2":"type-product","3":"status-publish","4":"has-post-thumbnail","6":"product_cat-getranke","8":"first","9":"instock","10":"purchasable","11":"product-type-simple"},"_links":{"self":[{"href":"https:\/\/america-latina.de\/pt\/wp-json\/wp\/v2\/product\/16934","targetHints":{"allow":["GET"]}}],"collection":[{"href":"https:\/\/america-latina.de\/pt\/wp-json\/wp\/v2\/product"}],"about":[{"href":"https:\/\/america-latina.de\/pt\/wp-json\/wp\/v2\/types\/product"}],"replies":[{"embeddable":true,"href":"https:\/\/america-latina.de\/pt\/wp-json\/wp\/v2\/comments?post=16934"}],"version-history":[{"count":0,"href":"https:\/\/america-latina.de\/pt\/wp-json\/wp\/v2\/product\/16934\/revisions"}],"wp:featuredmedia":[{"embeddable":true,"href":"https:\/\/america-latina.de\/pt\/wp-json\/wp\/v2\/media\/16936"}],"wp:attachment":[{"href":"https:\/\/america-latina.de\/pt\/wp-json\/wp\/v2\/media?parent=16934"}],"wp:term":[{"taxonomy":"product_brand","embeddable":true,"href":"https:\/\/america-latina.de\/pt\/wp-json\/wp\/v2\/product_brand?post=16934"},{"taxonomy":"product_cat","embeddable":true,"href":"https:\/\/america-latina.de\/pt\/wp-json\/wp\/v2\/product_cat?post=16934"},{"taxonomy":"product_tag","embeddable":true,"href":"https:\/\/america-latina.de\/pt\/wp-json\/wp\/v2\/product_tag?post=16934"}],"curies":[{"name":"wp","href":"https:\/\/api.w.org\/{rel}","templated":true}]}}