{"id":17142,"date":"2024-05-02T10:19:36","date_gmt":"2024-05-02T10:19:36","guid":{"rendered":"https:\/\/america-latina.de\/?post_type=product&#038;p=17142"},"modified":"2024-05-02T10:19:36","modified_gmt":"2024-05-02T10:19:36","slug":"vorgekochtes-maismehl-polenta","status":"publish","type":"product","link":"https:\/\/america-latina.de\/pt\/product\/vorgekochtes-maismehl-polenta\/","title":{"rendered":"Vorgekochtes Maismehl Polenta"},"content":{"rendered":"<p><strong>DO\u00d1A PETRONA Maismehl Polenta Instant\u00e1nea, Pack 500g<\/strong><\/p>\n<p>Erleben Sie mit dem vorgekochten Maismehl von DO\u00d1A PETRONA die unkomplizierte Zubereitung von Polenta, einem beliebten norditalienischen Gericht. Polenta ist ein cremiger Brei aus grobem Maismehl, der mit Butter, Milch oder K\u00e4se verfeinert wird.<\/p>\n<p>Frisch gekocht serviert, ist Polenta warm und cremig, w\u00e4hrend sie abgek\u00fchlt und geschnitten gebraten oder gegrillt werden kann. Die vorgekochte Polenta von DO\u00d1A PETRONA spart Zeit bei der Zubereitung, ohne den authentischen Geschmack und die Qualit\u00e4t zu beeintr\u00e4chtigen.<\/p>\n<p><strong>Lagerhinweis: <\/strong>K\u00fchl und trocken lagern. Vakuumverpackt.<\/p>","protected":false},"excerpt":{"rendered":"<p>DO\u00d1A PETRONA Maismehl Polenta Instant\u00e1nea, Pack 500g Erleben Sie mit dem vorgekochten Maismehl von DO\u00d1A PETRONA die unkomplizierte Zubereitung von<\/p>","protected":false},"featured_media":17143,"comment_status":"open","ping_status":"closed","template":"","meta":[],"product_brand":[],"product_cat":[198,199],"product_tag":[],"class_list":{"0":"post-17142","1":"product","2":"type-product","3":"status-publish","4":"has-post-thumbnail","6":"product_cat-brasilianische-produkte","7":"product_cat-trockensortiment","9":"first","10":"outofstock","11":"taxable","12":"shipping-taxable","13":"purchasable","14":"product-type-simple"},"_links":{"self":[{"href":"https:\/\/america-latina.de\/pt\/wp-json\/wp\/v2\/product\/17142","targetHints":{"allow":["GET"]}}],"collection":[{"href":"https:\/\/america-latina.de\/pt\/wp-json\/wp\/v2\/product"}],"about":[{"href":"https:\/\/america-latina.de\/pt\/wp-json\/wp\/v2\/types\/product"}],"replies":[{"embeddable":true,"href":"https:\/\/america-latina.de\/pt\/wp-json\/wp\/v2\/comments?post=17142"}],"version-history":[{"count":0,"href":"https:\/\/america-latina.de\/pt\/wp-json\/wp\/v2\/product\/17142\/revisions"}],"wp:featuredmedia":[{"embeddable":true,"href":"https:\/\/america-latina.de\/pt\/wp-json\/wp\/v2\/media\/17143"}],"wp:attachment":[{"href":"https:\/\/america-latina.de\/pt\/wp-json\/wp\/v2\/media?parent=17142"}],"wp:term":[{"taxonomy":"product_brand","embeddable":true,"href":"https:\/\/america-latina.de\/pt\/wp-json\/wp\/v2\/product_brand?post=17142"},{"taxonomy":"product_cat","embeddable":true,"href":"https:\/\/america-latina.de\/pt\/wp-json\/wp\/v2\/product_cat?post=17142"},{"taxonomy":"product_tag","embeddable":true,"href":"https:\/\/america-latina.de\/pt\/wp-json\/wp\/v2\/product_tag?post=17142"}],"curies":[{"name":"wp","href":"https:\/\/api.w.org\/{rel}","templated":true}]}}