{"id":17145,"date":"2024-05-02T10:18:07","date_gmt":"2024-05-02T10:18:07","guid":{"rendered":"https:\/\/america-latina.de\/?post_type=product&#038;p=17145"},"modified":"2024-05-02T10:18:07","modified_gmt":"2024-05-02T10:18:07","slug":"kipolenta-vorgekochtes-maismehl","status":"publish","type":"product","link":"https:\/\/america-latina.de\/pt\/product\/kipolenta-vorgekochtes-maismehl\/","title":{"rendered":"Kipolenta Vorgekochtes Maismehl"},"content":{"rendered":"<p><strong>Farinha de Milho em Flocos Pr\u00e9-Cozida, 500g<\/strong><\/p>\n<p>Erleben Sie mit dem vorgekochten Maismehl von YOKI eine einfache Zubereitung von Polenta, einem klassischen norditalienischen Gericht. Polenta ist ein cremiger Brei aus grobem Maismehl, der je nach Vorliebe mit Butter, Milch oder K\u00e4se verfeinert wird. Sie k\u00f6nnen die frisch gekochte Polenta warm servieren oder nach dem Abk\u00fchlen in Scheiben schneiden und braten.<\/p>\n<p>Die vorgekochte Polenta von YOKI spart Ihnen Zeit, da sie bereits behandelt wurde, um die Garzeit zu verk\u00fcrzen, ohne dabei an Geschmack oder Qualit\u00e4t zu verlieren.<\/p>\n<p><strong>Lagerhinweis: <\/strong>K\u00fchl und trocken lagern.<\/p>","protected":false},"excerpt":{"rendered":"<p>Farinha de Milho em Flocos Pr\u00e9-Cozida, 500g Erleben Sie mit dem vorgekochten Maismehl von YOKI eine einfache Zubereitung von Polenta,<\/p>","protected":false},"featured_media":17146,"comment_status":"open","ping_status":"closed","template":"","meta":[],"product_brand":[],"product_cat":[198,199],"product_tag":[],"class_list":{"0":"post-17145","1":"product","2":"type-product","3":"status-publish","4":"has-post-thumbnail","6":"product_cat-brasilianische-produkte","7":"product_cat-trockensortiment","9":"first","10":"outofstock","11":"taxable","12":"shipping-taxable","13":"purchasable","14":"product-type-simple"},"_links":{"self":[{"href":"https:\/\/america-latina.de\/pt\/wp-json\/wp\/v2\/product\/17145","targetHints":{"allow":["GET"]}}],"collection":[{"href":"https:\/\/america-latina.de\/pt\/wp-json\/wp\/v2\/product"}],"about":[{"href":"https:\/\/america-latina.de\/pt\/wp-json\/wp\/v2\/types\/product"}],"replies":[{"embeddable":true,"href":"https:\/\/america-latina.de\/pt\/wp-json\/wp\/v2\/comments?post=17145"}],"version-history":[{"count":0,"href":"https:\/\/america-latina.de\/pt\/wp-json\/wp\/v2\/product\/17145\/revisions"}],"wp:featuredmedia":[{"embeddable":true,"href":"https:\/\/america-latina.de\/pt\/wp-json\/wp\/v2\/media\/17146"}],"wp:attachment":[{"href":"https:\/\/america-latina.de\/pt\/wp-json\/wp\/v2\/media?parent=17145"}],"wp:term":[{"taxonomy":"product_brand","embeddable":true,"href":"https:\/\/america-latina.de\/pt\/wp-json\/wp\/v2\/product_brand?post=17145"},{"taxonomy":"product_cat","embeddable":true,"href":"https:\/\/america-latina.de\/pt\/wp-json\/wp\/v2\/product_cat?post=17145"},{"taxonomy":"product_tag","embeddable":true,"href":"https:\/\/america-latina.de\/pt\/wp-json\/wp\/v2\/product_tag?post=17145"}],"curies":[{"name":"wp","href":"https:\/\/api.w.org\/{rel}","templated":true}]}}