{"id":17151,"date":"2024-05-02T10:14:28","date_gmt":"2024-05-02T10:14:28","guid":{"rendered":"https:\/\/america-latina.de\/?post_type=product&#038;p=17151"},"modified":"2024-05-02T10:14:28","modified_gmt":"2024-05-02T10:14:28","slug":"vanilleextrakt","status":"publish","type":"product","link":"https:\/\/america-latina.de\/pt\/product\/vanilleextrakt\/","title":{"rendered":"Vanilleextrakt"},"content":{"rendered":"<p><strong>Vanilleextrakt &#8211; Extracto de Vainilla<\/strong><\/p>\n<p>Unser LOL-TUN Vanilleextrakt, erh\u00e4ltlich in einer praktischen 125ml Flasche, verleiht Ihren Gerichten das reichhaltige Aroma und den Geschmack von echter Vanille. Vanille wird aus einer tropischen Orchidee gewonnen, die in verschiedenen \u00e4quatorialen Regionen wie Mittelamerika, Afrika und dem S\u00fcdpazifik angebaut wird. \u00dcber 80 Prozent der weltweit vermarkteten Vanille stammen aus Madagaskar.<\/p>\n<p>Verwenden Sie dieses wunderbare Aroma, um Kuchen, Pl\u00e4tzchen, Cremes, Quarkspeisen, Pudding und Salatdressings zu verfeinern.<\/p>\n<p><strong>Lagerhinweis:<\/strong> Bitte k\u00fchl und trocken aufbewahren.<\/p>","protected":false},"excerpt":{"rendered":"<p>Vanilleextrakt &#8211; Extracto de Vainilla Unser LOL-TUN Vanilleextrakt, erh\u00e4ltlich in einer praktischen 125ml Flasche, verleiht Ihren Gerichten das reichhaltige Aroma<\/p>","protected":false},"featured_media":17152,"comment_status":"open","ping_status":"closed","template":"","meta":[],"product_brand":[],"product_cat":[198,199],"product_tag":[],"class_list":{"0":"post-17151","1":"product","2":"type-product","3":"status-publish","4":"has-post-thumbnail","6":"product_cat-brasilianische-produkte","7":"product_cat-trockensortiment","9":"first","10":"outofstock","11":"taxable","12":"shipping-taxable","13":"purchasable","14":"product-type-simple"},"_links":{"self":[{"href":"https:\/\/america-latina.de\/pt\/wp-json\/wp\/v2\/product\/17151","targetHints":{"allow":["GET"]}}],"collection":[{"href":"https:\/\/america-latina.de\/pt\/wp-json\/wp\/v2\/product"}],"about":[{"href":"https:\/\/america-latina.de\/pt\/wp-json\/wp\/v2\/types\/product"}],"replies":[{"embeddable":true,"href":"https:\/\/america-latina.de\/pt\/wp-json\/wp\/v2\/comments?post=17151"}],"version-history":[{"count":0,"href":"https:\/\/america-latina.de\/pt\/wp-json\/wp\/v2\/product\/17151\/revisions"}],"wp:featuredmedia":[{"embeddable":true,"href":"https:\/\/america-latina.de\/pt\/wp-json\/wp\/v2\/media\/17152"}],"wp:attachment":[{"href":"https:\/\/america-latina.de\/pt\/wp-json\/wp\/v2\/media?parent=17151"}],"wp:term":[{"taxonomy":"product_brand","embeddable":true,"href":"https:\/\/america-latina.de\/pt\/wp-json\/wp\/v2\/product_brand?post=17151"},{"taxonomy":"product_cat","embeddable":true,"href":"https:\/\/america-latina.de\/pt\/wp-json\/wp\/v2\/product_cat?post=17151"},{"taxonomy":"product_tag","embeddable":true,"href":"https:\/\/america-latina.de\/pt\/wp-json\/wp\/v2\/product_tag?post=17151"}],"curies":[{"name":"wp","href":"https:\/\/api.w.org\/{rel}","templated":true}]}}