{"id":17154,"date":"2024-05-02T10:13:05","date_gmt":"2024-05-02T10:13:05","guid":{"rendered":"https:\/\/america-latina.de\/?post_type=product&#038;p=17154"},"modified":"2024-05-02T10:13:05","modified_gmt":"2024-05-02T10:13:05","slug":"milchkaramellcreme-dulce-de-leche","status":"publish","type":"product","link":"https:\/\/america-latina.de\/pt\/product\/milchkaramellcreme-dulce-de-leche\/","title":{"rendered":"Milchkaramellcreme &#8211; Dulce de Leche"},"content":{"rendered":"<div class=\"product-detail-description-text\">\n<p><strong>Milchkaramellcreme, CHIMBOTE , Glas 250g<\/strong><\/p>\n<p>Genie\u00dfen Sie unsere k\u00f6stliche Milchkaramellcreme aus der EU in einem Glas mit 250g Inhalt. Diese delikate Creme, auch bekannt als Dulce de Leche, wird aus Milch, Zucker und einer Prise Vanille hergestellt und ist ein beliebter Brotaufstrich in ganz Lateinamerika.<\/p>\n<p>Neben der Verwendung als Aufstrich ist Dulce de Leche auch eine beliebte Zutat f\u00fcr Desserts wie Pudding, Flan oder Eis. Es wird sogar als F\u00fcllung f\u00fcr Torten wie Torta de Mil Hojas (Tausend-Blatt-Torte) aus Bl\u00e4tterteig verwendet.<\/p>\n<p><strong>Lagerhinweis:<\/strong> Bitte nach dem \u00d6ffnen im K\u00fchlschrank aufbewahren.<\/p>\n<\/div>","protected":false},"excerpt":{"rendered":"<p>Milchkaramellcreme, CHIMBOTE , Glas 250g Genie\u00dfen Sie unsere k\u00f6stliche Milchkaramellcreme aus der EU in einem Glas mit 250g Inhalt. Diese<\/p>","protected":false},"featured_media":17155,"comment_status":"open","ping_status":"closed","template":"","meta":[],"product_brand":[],"product_cat":[198,199],"product_tag":[],"class_list":{"0":"post-17154","1":"product","2":"type-product","3":"status-publish","4":"has-post-thumbnail","6":"product_cat-brasilianische-produkte","7":"product_cat-trockensortiment","9":"first","10":"outofstock","11":"taxable","12":"shipping-taxable","13":"purchasable","14":"product-type-simple"},"_links":{"self":[{"href":"https:\/\/america-latina.de\/pt\/wp-json\/wp\/v2\/product\/17154","targetHints":{"allow":["GET"]}}],"collection":[{"href":"https:\/\/america-latina.de\/pt\/wp-json\/wp\/v2\/product"}],"about":[{"href":"https:\/\/america-latina.de\/pt\/wp-json\/wp\/v2\/types\/product"}],"replies":[{"embeddable":true,"href":"https:\/\/america-latina.de\/pt\/wp-json\/wp\/v2\/comments?post=17154"}],"version-history":[{"count":0,"href":"https:\/\/america-latina.de\/pt\/wp-json\/wp\/v2\/product\/17154\/revisions"}],"wp:featuredmedia":[{"embeddable":true,"href":"https:\/\/america-latina.de\/pt\/wp-json\/wp\/v2\/media\/17155"}],"wp:attachment":[{"href":"https:\/\/america-latina.de\/pt\/wp-json\/wp\/v2\/media?parent=17154"}],"wp:term":[{"taxonomy":"product_brand","embeddable":true,"href":"https:\/\/america-latina.de\/pt\/wp-json\/wp\/v2\/product_brand?post=17154"},{"taxonomy":"product_cat","embeddable":true,"href":"https:\/\/america-latina.de\/pt\/wp-json\/wp\/v2\/product_cat?post=17154"},{"taxonomy":"product_tag","embeddable":true,"href":"https:\/\/america-latina.de\/pt\/wp-json\/wp\/v2\/product_tag?post=17154"}],"curies":[{"name":"wp","href":"https:\/\/api.w.org\/{rel}","templated":true}]}}