{"id":17160,"date":"2024-05-02T10:05:09","date_gmt":"2024-05-02T10:05:09","guid":{"rendered":"https:\/\/america-latina.de\/?post_type=product&#038;p=17160"},"modified":"2024-05-02T10:05:09","modified_gmt":"2024-05-02T10:05:09","slug":"kondensmilch-gezuckert-gekocht","status":"publish","type":"product","link":"https:\/\/america-latina.de\/pt\/product\/kondensmilch-gezuckert-gekocht\/","title":{"rendered":"Kondensmilch gezuckert\/gekocht"},"content":{"rendered":"<div class=\"product-detail-description-text\">\n<p><strong>Leite Condensado Cozido 397g<\/strong><\/p>\n<p>Diese ges\u00fc\u00dfte Kondensmilch erspart Ihnen fast drei Stunden Kochzeit, die normalerweise f\u00fcr die Herstellung von Kondensmilch erforderlich w\u00e4ren.<\/p>\n<p>Nach dem \u00d6ffnen der Dose empfehlen wir, die Kondensmilch kurz zu verr\u00fchren, bevor Sie sie zu den anderen Zutaten hinzuf\u00fcgen, um beste Backergebnisse zu erzielen.<\/p>\n<p><strong>Lagerhinweis:<\/strong> Nach dem \u00d6ffnen bitte k\u00fchl und trocken lagern.<\/p>\n<\/div>","protected":false},"excerpt":{"rendered":"<p>Leite Condensado Cozido 397g Diese ges\u00fc\u00dfte Kondensmilch erspart Ihnen fast drei Stunden Kochzeit, die normalerweise f\u00fcr die Herstellung von Kondensmilch<\/p>","protected":false},"featured_media":17161,"comment_status":"open","ping_status":"closed","template":"","meta":[],"product_brand":[],"product_cat":[198,199],"product_tag":[],"class_list":{"0":"post-17160","1":"product","2":"type-product","3":"status-publish","4":"has-post-thumbnail","6":"product_cat-brasilianische-produkte","7":"product_cat-trockensortiment","9":"first","10":"outofstock","11":"taxable","12":"shipping-taxable","13":"purchasable","14":"product-type-simple"},"_links":{"self":[{"href":"https:\/\/america-latina.de\/pt\/wp-json\/wp\/v2\/product\/17160","targetHints":{"allow":["GET"]}}],"collection":[{"href":"https:\/\/america-latina.de\/pt\/wp-json\/wp\/v2\/product"}],"about":[{"href":"https:\/\/america-latina.de\/pt\/wp-json\/wp\/v2\/types\/product"}],"replies":[{"embeddable":true,"href":"https:\/\/america-latina.de\/pt\/wp-json\/wp\/v2\/comments?post=17160"}],"version-history":[{"count":0,"href":"https:\/\/america-latina.de\/pt\/wp-json\/wp\/v2\/product\/17160\/revisions"}],"wp:featuredmedia":[{"embeddable":true,"href":"https:\/\/america-latina.de\/pt\/wp-json\/wp\/v2\/media\/17161"}],"wp:attachment":[{"href":"https:\/\/america-latina.de\/pt\/wp-json\/wp\/v2\/media?parent=17160"}],"wp:term":[{"taxonomy":"product_brand","embeddable":true,"href":"https:\/\/america-latina.de\/pt\/wp-json\/wp\/v2\/product_brand?post=17160"},{"taxonomy":"product_cat","embeddable":true,"href":"https:\/\/america-latina.de\/pt\/wp-json\/wp\/v2\/product_cat?post=17160"},{"taxonomy":"product_tag","embeddable":true,"href":"https:\/\/america-latina.de\/pt\/wp-json\/wp\/v2\/product_tag?post=17160"}],"curies":[{"name":"wp","href":"https:\/\/api.w.org\/{rel}","templated":true}]}}