{"id":17163,"date":"2024-05-02T10:02:34","date_gmt":"2024-05-02T10:02:34","guid":{"rendered":"https:\/\/america-latina.de\/?post_type=product&#038;p=17163"},"modified":"2024-05-02T10:02:34","modified_gmt":"2024-05-02T10:02:34","slug":"panettone-tradicional","status":"publish","type":"product","link":"https:\/\/america-latina.de\/pt\/product\/panettone-tradicional\/","title":{"rendered":"Panettone Tradicional"},"content":{"rendered":"<div class=\"product-detail-description-text\">\n<div class=\"sync4-date--30.04.2024 03:09:15--sync4-version-23.0.5.0\">\n<div class=\"product-detail-description-text\">\n<p>Genie\u00dfen Sie den einzigartigen Geschmack des BAUDUCCO Panettone Traditionell, einer exquisiten italienischen Backspezialit\u00e4t, die aus einem zarten, handgemachten Teig und nat\u00fcrlichen Sauerteigkulturen besteht, verfeinert mit kandierten Fr\u00fcchten und k\u00f6stlichen Rosinen.<\/p>\n<p>Die Geschichte von BAUDUCCO begann vor \u00fcber siebzig Jahren, als Carlo Bauducco aus Italien nach Brasilien emigrierte und das geheime Familienrezept f\u00fcr Panettone sowie einen wertvollen Sauerteig mitbrachte. Heute ist BAUDUCCO weltweit bekannt als f\u00fchrender Hersteller von Panettone.<\/p>\n<p><strong>Lagerhinweis:<\/strong> Bitte k\u00fchl und trocken aufbewahren.<\/p>\n<\/div>\n<\/div>\n<\/div>","protected":false},"excerpt":{"rendered":"<p>Genie\u00dfen Sie den einzigartigen Geschmack des BAUDUCCO Panettone Traditionell, einer exquisiten italienischen Backspezialit\u00e4t, die aus einem zarten, handgemachten Teig und<\/p>","protected":false},"featured_media":17164,"comment_status":"open","ping_status":"closed","template":"","meta":[],"product_brand":[],"product_cat":[198,199],"product_tag":[],"class_list":{"0":"post-17163","1":"product","2":"type-product","3":"status-publish","4":"has-post-thumbnail","6":"product_cat-brasilianische-produkte","7":"product_cat-trockensortiment","9":"first","10":"outofstock","11":"taxable","12":"shipping-taxable","13":"purchasable","14":"product-type-simple"},"_links":{"self":[{"href":"https:\/\/america-latina.de\/pt\/wp-json\/wp\/v2\/product\/17163","targetHints":{"allow":["GET"]}}],"collection":[{"href":"https:\/\/america-latina.de\/pt\/wp-json\/wp\/v2\/product"}],"about":[{"href":"https:\/\/america-latina.de\/pt\/wp-json\/wp\/v2\/types\/product"}],"replies":[{"embeddable":true,"href":"https:\/\/america-latina.de\/pt\/wp-json\/wp\/v2\/comments?post=17163"}],"version-history":[{"count":0,"href":"https:\/\/america-latina.de\/pt\/wp-json\/wp\/v2\/product\/17163\/revisions"}],"wp:featuredmedia":[{"embeddable":true,"href":"https:\/\/america-latina.de\/pt\/wp-json\/wp\/v2\/media\/17164"}],"wp:attachment":[{"href":"https:\/\/america-latina.de\/pt\/wp-json\/wp\/v2\/media?parent=17163"}],"wp:term":[{"taxonomy":"product_brand","embeddable":true,"href":"https:\/\/america-latina.de\/pt\/wp-json\/wp\/v2\/product_brand?post=17163"},{"taxonomy":"product_cat","embeddable":true,"href":"https:\/\/america-latina.de\/pt\/wp-json\/wp\/v2\/product_cat?post=17163"},{"taxonomy":"product_tag","embeddable":true,"href":"https:\/\/america-latina.de\/pt\/wp-json\/wp\/v2\/product_tag?post=17163"}],"curies":[{"name":"wp","href":"https:\/\/api.w.org\/{rel}","templated":true}]}}